{"id":480,"date":"2019-06-05T16:31:19","date_gmt":"2019-06-05T19:31:19","guid":{"rendered":"http:\/\/www.posgraduacao.unimontes.br\/ppgbot\/?page_id=480"},"modified":"2020-08-04T17:25:59","modified_gmt":"2020-08-04T20:25:59","slug":"2o-processo-seletivo-2020","status":"publish","type":"page","link":"https:\/\/www.posgraduacao.unimontes.br\/ppgbot\/2o-processo-seletivo-2020\/","title":{"rendered":"II Processo Seletivo 2020"},"content":{"rendered":"<section class=\"kc-elm kc-css-105553 kc_row\"><div class=\"kc-row-container  kc-container\"><div class=\"kc-wrap-columns\"><div class=\"kc-elm kc-css-912410 kc_column kc_col-sm-12\"><div class=\"kc-col-container\"><div class=\"kc-elm kc-css-171252\" style=\"height: 20px; clear: both; width:100%;\"><\/div><div class=\"kc-elm kc-css-630429 kc_text_block\"><p><span style=\"color: #444444; font-family: 'Open Sans'; font-size: 17px;\">O programa de P\u00f3s-Gradua\u00e7\u00e3o em Bot\u00e2nica Aplicada lan\u00e7a Edital para Disciplinas Isoladas, no semestre de 2020. Ser\u00e3o oferecidas 65 vagas, para 13 disciplinas.<\/span><\/p>\n<\/div><div class=\"kc-elm kc-css-694896\" style=\"height: 20px; clear: both; width:100%;\"><\/div>\n<div class=\"kc-elm kc-css-656614\">\n\t<a class=\"kc_button\" href=\"http:\/\/www.posgraduacao.unimontes.br\/uploads\/sites\/17\/2020\/07\/Edital-PPGBOT-Disciplinas-Isoladas-2-2020.pdf\" target=\"_self\" title=\"\" onclick=\"\">\n\t\tEdital Disciplinas Isoladas 2\/2020\t<\/a>\n<\/div>\n<div class=\"kc-elm kc-css-933439\" style=\"height: 20px; clear: both; width:100%;\"><\/div><div class=\"kc-elm kc-css-565318 kc_text_block\"><p>Link para formul\u00e1rio de inscri\u00e7\u00e3o<\/p>\n<p><a href=\"https:\/\/forms.gle\/wBa6LofF3zdPpUrN7\">https:\/\/forms.gle\/wBa6LofF3zdPpUrN7<\/a><\/p>\n<\/div><div class=\"kc-elm kc-css-88003\" style=\"height: 20px; clear: both; width:100%;\"><\/div>\n<div class=\"kc-elm kc-css-858504\">\n\t<a class=\"kc_button\" href=\"http:\/\/www.posgraduacao.unimontes.br\/uploads\/sites\/17\/2020\/07\/Retifica\u00e7\u00e3o-Edital-PPGBOT-Disciplinas-Isoladas-2-2020.pdf\" target=\"_self\" title=\"1\u00aa Retifica\u00e7\u00e3o do Edital\" onclick=\"\">\n\t\t1\u00aa Retifica\u00e7\u00e3o do Edital\t<\/a>\n<\/div>\n<div class=\"kc-elm kc-css-224966\" style=\"height: 40px; clear: both; width:100%;\"><\/div>\n<div class=\"kc-elm kc-css-58951\">\n\t<a class=\"kc_button\" href=\"http:\/\/www.posgraduacao.unimontes.br\/uploads\/sites\/17\/2020\/08\/Resultado-Preliminar-Edital-Disciplinas-Isoladas.pdf\" target=\"_self\" title=\"\" onclick=\"\">\n\t\tResultado Preliminar Edital N\u00b03\/2020 Disciplinas Isoladas\t<\/a>\n<\/div>\n<div class=\"kc-elm kc-css-298201\" style=\"height: 40px; clear: both; width:100%;\"><\/div>\n<div class=\"kc-elm kc-css-774743\">\n\t<a class=\"kc_button\" href=\"http:\/\/www.posgraduacao.unimontes.br\/uploads\/sites\/17\/2020\/08\/Resultado-Final-Edital-Disciplinas-Isoladas.pdf\" target=\"_self\" title=\"\" onclick=\"\">\n\t\tResultado Final Edital N\u00b0 3\/2020 Disciplinas Isoladas\t<\/a>\n<\/div>\n<div class=\"kc-elm kc-css-13132\" style=\"height: 20px; clear: both; width:100%;\"><\/div><div class=\"kc-elm kc-css-266155\" style=\"height: 20px; clear: both; width:100%;\"><\/div><div class=\"kc-elm kc-css-105272 kc_text_block\"><p><span lang=\"PT-BR\" style=\"font-size: 13pt; line-height: 107%; font-family: 'Open Sans', serif; color: #444444; background-image: initial; background-position: initial; background-size: initial; background-repeat: initial; background-attachment: initial; background-origin: initial; background-clip: initial;\">O Programa de P\u00f3s-Gradua\u00e7\u00e3o em Bot\u00e2nica Aplicada lan\u00e7a Edital para o seu 4\u00b0 processo seletivo de alunos regulares, com entrada no 2\u00b0 semestre de 2020. Ser\u00e3o oferecidas 12 vagas neste processo e o per\u00edodo de inscri\u00e7\u00f5es \u00e9 do dia 17\/06\/2020 \u00e0 15\/07\/2020.<\/span><\/p>\n<\/div><div class=\"kc-elm kc-css-203519\" style=\"height: 20px; clear: both; width:100%;\"><\/div>\n<div class=\"kc-elm kc-css-233191\">\n\t<a class=\"kc_button\" href=\"http:\/\/www.posgraduacao.unimontes.br\/uploads\/sites\/17\/2020\/06\/EDITAL-SELE\u00c7\u00c3O-PPGBOT-02-2020.pdf\" target=\"_blank\" title=\"Edital 02\/2020\" onclick=\"\">\n\t\tEdital 02\/2020\t<\/a>\n<\/div>\n<div class=\"kc-elm kc-css-630486\" style=\"height: 20px; clear: both; width:100%;\"><\/div><div class=\"kc-elm kc-css-771687 kc_text_block\"><p>Link para preenchimento e envio do formul\u00e1rio: <a href=\"https:\/\/forms.gle\/wBa6LofF3zdPpUrN7\">https:\/\/forms.gle\/wBa6LofF3zdPpUrN7<\/a><\/p>\n<\/div><div class=\"kc-elm kc-css-824668\" style=\"height: 20px; clear: both; width:100%;\"><\/div>\n<div class=\"kc-elm kc-css-776792\">\n\t<a class=\"kc_button\" href=\"http:\/\/www.posgraduacao.unimontes.br\/uploads\/sites\/17\/2020\/06\/1\u00aa-Retificacao-do-EDITAL-02-2020-PPGPBOT.pdf\" target=\"_blank\" title=\"1\u00aa Retifica\u00e7\u00e3o do EDITAL\" onclick=\"\">\n\t\t1\u00aa Retifica\u00e7\u00e3o do Edital\t<\/a>\n<\/div>\n<div class=\"kc-elm kc-css-164672\" style=\"height: 20px; clear: both; width:100%;\"><\/div>\n<div class=\"kc-elm kc-css-632766\">\n\t<a class=\"kc_button\" href=\"http:\/\/www.posgraduacao.unimontes.br\/uploads\/sites\/17\/2020\/07\/Homologa\u00e7\u00e3o-de-Inscri\u00e7\u00f5es-Edital-02-2020.pdf\" target=\"_self\" title=\"\" onclick=\"\">\n\t\tInscri\u00e7\u00f5es Homologadas Edital 2\/2020\t<\/a>\n<\/div>\n<div class=\"kc-elm kc-css-265581\" style=\"height: 20px; clear: both; width:100%;\"><\/div>\n<div class=\"kc-elm kc-css-353067\">\n\t<a class=\"kc_button\" href=\"http:\/\/www.posgraduacao.unimontes.br\/uploads\/sites\/17\/2020\/07\/Resultado-Preliminar-Edital-2-2020-PPGBOT.pdf\" target=\"_self\" title=\"\" onclick=\"\">\n\t\tResultado Preliminar Edital N\u00b02\/2020 \t<\/a>\n<\/div>\n<div class=\"kc-elm kc-css-318241\" style=\"height: 20px; clear: both; width:100%;\"><\/div>\n<div class=\"kc-elm kc-css-509222\">\n\t<a class=\"kc_button\" href=\"http:\/\/www.posgraduacao.unimontes.br\/uploads\/sites\/17\/2020\/08\/Resultado-Final-Edital-2-2020-PPGBOT.pdf\" target=\"_self\" title=\"\" onclick=\"\">\n\t\tResultado Final Edital N\u00b02\/2020 \t<\/a>\n<\/div>\n<\/div><\/div><\/div><\/div><\/section>\n","protected":false},"excerpt":{"rendered":"","protected":false},"author":13,"featured_media":0,"parent":0,"menu_order":0,"comment_status":"closed","ping_status":"closed","template":"","meta":[],"yoast_head":"<!-- This site is optimized with the Yoast SEO plugin v14.7 - https:\/\/yoast.com\/wordpress\/plugins\/seo\/ -->\n<title>II Processo Seletivo 2020 - PPGBOT - P\u00f3s Gradua\u00e7\u00e3o em Bot\u00e2nica Aplicada<\/title>\n<meta name=\"robots\" content=\"index, follow\" \/>\n<meta name=\"googlebot\" content=\"index, follow, max-snippet:-1, max-image-preview:large, max-video-preview:-1\" \/>\n<meta name=\"bingbot\" content=\"index, follow, max-snippet:-1, max-image-preview:large, max-video-preview:-1\" \/>\n<link rel=\"canonical\" href=\"https:\/\/www.posgraduacao.unimontes.br\/ppgbot\/2o-processo-seletivo-2020\/\" \/>\n<meta property=\"og:locale\" content=\"pt_BR\" \/>\n<meta property=\"og:type\" content=\"article\" \/>\n<meta property=\"og:title\" content=\"II Processo Seletivo 2020 - PPGBOT - P\u00f3s Gradua\u00e7\u00e3o em Bot\u00e2nica Aplicada\" \/>\n<meta property=\"og:description\" content=\"O programa de P\u00f3s-Gradua\u00e7\u00e3o em Bot\u00e2nica Aplicada lan\u00e7a Edital para Disciplinas Isoladas, no semestre de 2020. Ser\u00e3o oferecidas 65 vagas, para 13 disciplinas. Edital Disciplinas Isoladas 2\/2020 Link para formul\u00e1rio de inscri\u00e7\u00e3o https:\/\/forms.gle\/wBa6LofF3zdPpUrN7 1\u00aa Retifica\u00e7\u00e3o do Edital Resultado Preliminar Edital N\u00b03\/2020 Disciplinas Isoladas Resultado Final Edital N\u00b0 3\/2020 Disciplinas Isoladas O Programa de P\u00f3s-Gradua\u00e7\u00e3o em [&hellip;]\" \/>\n<meta property=\"og:url\" content=\"https:\/\/www.posgraduacao.unimontes.br\/ppgbot\/2o-processo-seletivo-2020\/\" \/>\n<meta property=\"og:site_name\" content=\"PPGBOT - P\u00f3s Gradua\u00e7\u00e3o em Bot\u00e2nica Aplicada\" \/>\n<meta property=\"article:modified_time\" content=\"2020-08-04T20:25:59+00:00\" \/>\n<meta name=\"twitter:card\" content=\"summary_large_image\" \/>\n<script type=\"application\/ld+json\" class=\"yoast-schema-graph\">{\"@context\":\"https:\/\/schema.org\",\"@graph\":[{\"@type\":\"WebSite\",\"@id\":\"https:\/\/www.posgraduacao.unimontes.br\/ppgbot\/#website\",\"url\":\"https:\/\/www.posgraduacao.unimontes.br\/ppgbot\/\",\"name\":\"PPGBOT - P\\u00f3s Gradua\\u00e7\\u00e3o em Bot\\u00e2nica Aplicada\",\"description\":\"\",\"potentialAction\":[{\"@type\":\"SearchAction\",\"target\":\"https:\/\/www.posgraduacao.unimontes.br\/ppgbot\/?s={search_term_string}\",\"query-input\":\"required name=search_term_string\"}],\"inLanguage\":\"pt-BR\"},{\"@type\":\"WebPage\",\"@id\":\"https:\/\/www.posgraduacao.unimontes.br\/ppgbot\/2o-processo-seletivo-2020\/#webpage\",\"url\":\"https:\/\/www.posgraduacao.unimontes.br\/ppgbot\/2o-processo-seletivo-2020\/\",\"name\":\"II Processo Seletivo 2020 - PPGBOT - P\\u00f3s Gradua\\u00e7\\u00e3o em Bot\\u00e2nica Aplicada\",\"isPartOf\":{\"@id\":\"https:\/\/www.posgraduacao.unimontes.br\/ppgbot\/#website\"},\"datePublished\":\"2019-06-05T19:31:19+00:00\",\"dateModified\":\"2020-08-04T20:25:59+00:00\",\"inLanguage\":\"pt-BR\",\"potentialAction\":[{\"@type\":\"ReadAction\",\"target\":[\"https:\/\/www.posgraduacao.unimontes.br\/ppgbot\/2o-processo-seletivo-2020\/\"]}]}]}<\/script>\n<!-- \/ Yoast SEO plugin. -->","_links":{"self":[{"href":"https:\/\/www.posgraduacao.unimontes.br\/ppgbot\/wp-json\/wp\/v2\/pages\/480"}],"collection":[{"href":"https:\/\/www.posgraduacao.unimontes.br\/ppgbot\/wp-json\/wp\/v2\/pages"}],"about":[{"href":"https:\/\/www.posgraduacao.unimontes.br\/ppgbot\/wp-json\/wp\/v2\/types\/page"}],"author":[{"embeddable":true,"href":"https:\/\/www.posgraduacao.unimontes.br\/ppgbot\/wp-json\/wp\/v2\/users\/13"}],"replies":[{"embeddable":true,"href":"https:\/\/www.posgraduacao.unimontes.br\/ppgbot\/wp-json\/wp\/v2\/comments?post=480"}],"version-history":[{"count":62,"href":"https:\/\/www.posgraduacao.unimontes.br\/ppgbot\/wp-json\/wp\/v2\/pages\/480\/revisions"}],"predecessor-version":[{"id":1190,"href":"https:\/\/www.posgraduacao.unimontes.br\/ppgbot\/wp-json\/wp\/v2\/pages\/480\/revisions\/1190"}],"wp:attachment":[{"href":"https:\/\/www.posgraduacao.unimontes.br\/ppgbot\/wp-json\/wp\/v2\/media?parent=480"}],"curies":[{"name":"wp","href":"https:\/\/api.w.org\/{rel}","templated":true}]}}