{"id":45,"date":"2018-10-25T09:47:54","date_gmt":"2018-10-25T11:47:54","guid":{"rendered":"http:\/\/www.posgraduacao.unimontes.br\/ppgba\/?page_id=45"},"modified":"2025-12-12T12:25:35","modified_gmt":"2025-12-12T15:25:35","slug":"nucleo-permanente","status":"publish","type":"page","link":"https:\/\/www.posgraduacao.unimontes.br\/ppgbot\/nucleo-permanente\/","title":{"rendered":"N\u00facleo Permanente"},"content":{"rendered":"<section class=\"kc-elm kc-css-126101 kc_row\"><div class=\"kc-row-container  kc-container\"><div class=\"kc-wrap-columns\"><div class=\"kc-elm kc-css-647427 kc_col-sm-12 kc_column kc_col-sm-12\"><div class=\"kc-col-container\"><div class=\"kc-elm kc-css-181079 kc_text_block\"><p><span style=\"font-style: inherit; font-weight: 600;\"> Ana Carolina Devides Castello (UNIMONTES) <a href=\"http:\/\/buscatextual.cnpq.br\/buscatextual\/visualizacv.do\">Curr\u00edculo Lattes<\/a><\/span><\/p>\n<p><span style=\"font-style: inherit; font-weight: 600;\">Camila Silveira Souza (UNIMONTES)\u00a0<\/span><span style=\"font-style: inherit; font-weight: 600;\">\u00a0<\/span><a style=\"font-style: inherit;\" href=\"http:\/\/lattes.cnpq.br\/4432079508297352\">Curr\u00edculo Lattes<\/a><\/p>\n<p><strong style=\"font-style: inherit;\">Dario Alves de Oliveira<\/strong><span style=\"font-style: inherit;\"> (<\/span><strong style=\"font-style: inherit;\">UNIMONTES) <\/strong><a href=\"http:\/\/lattes.cnpq.br\/4782483369059714\">Curr\u00edculo Lattes<\/a><\/p>\n<p><strong style=\"font-style: inherit;\">Geraldo Acl\u00e9cio de Melo (UNIMONTES) <\/strong><a style=\"font-style: inherit;\" href=\"http:\/\/lattes.cnpq.br\/8670109509034864\">Curr\u00edculo Lattes<\/a><\/p>\n<p><strong style=\"font-style: inherit;\">Hellen C\u00e1ssia Mazzottini (UNIMONTES) <\/strong><a href=\"http:\/\/lattes.cnpq.br\/6046873025411410\">Curr\u00edculo Lattes<\/a><\/p>\n<p><strong style=\"font-style: inherit;\">Islaine Franciely Pinheiro de Azevedo (UNIMONTES) <\/strong><a href=\"http:\/\/lattes.cnpq.br\/4671452041148218\">Curr\u00edculo Lattes<\/a><\/p>\n<p><strong style=\"font-style: inherit;\">Leonardo Monteiro Ribeiro (<\/strong><strong style=\"font-style: inherit;\">UNIMONTES) <\/strong><a href=\"http:\/\/lattes.cnpq.br\/0490764617260644\">Curr\u00edculo Lattes<\/a><\/p>\n<p><strong style=\"font-style: inherit;\">Maria das Dores Magalh\u00e3es Veloso<\/strong> <strong style=\"font-style: inherit;\">(<\/strong><strong style=\"font-style: inherit;\">UNIMONTES)\u00a0<\/strong> <a href=\"http:\/\/lattes.cnpq.br\/3662823326127696\">Curr\u00edculo Lattes<\/a><\/p>\n<p><strong style=\"font-style: inherit;\">M\u00e1rio Marcos do Esp\u00edrito Santo<\/strong> <strong style=\"font-style: inherit;\">(<\/strong><strong style=\"font-style: inherit;\">UNIMONTES)\u00a0<\/strong> <a href=\"http:\/\/lattes.cnpq.br\/4729369071070005\">Curr\u00edculo Lattes<\/a><\/p>\n<p><strong>Messulan Rodrigues Meira (UNIMONTES)\u00a0<\/strong><a href=\"http:\/\/buscatextual.cnpq.br\/buscatextual\/visualizacv.do\">Curr\u00edculo lattes<\/a><\/p>\n<p><strong style=\"font-style: inherit;\"><span class=\"selectable-text copyable-text xkrh14z\">Nathalle Cristine Alencar Fagundes<\/span><\/strong>\u00a0<strong style=\"font-style: inherit;\">(<\/strong><strong style=\"font-style: inherit;\">UNIMONTES)\u00a0<\/strong> <a href=\"http:\/\/lattes.cnpq.br\/4729369071070005\">Curr\u00edculo Lattes<\/a><\/p>\n<p><strong>Ot\u00e1vio Cardoso Filho (Unimontes) <\/strong><a href=\"http:\/\/lattes.cnpq.br\/8120055807959883\">Curr\u00edculo Lattes<\/a><\/p>\n<p><strong style=\"font-style: inherit;\">Rosy Mary dos Santos Isaias (UFMG &#8211; BH) <\/strong><a href=\"http:\/\/lattes.cnpq.br\/9821188073024074\">Curr\u00edculo Lattes<\/a><\/p>\n<p><strong style=\"font-style: inherit;\">Viviane de Oliveira Vasconcelos<\/strong> <strong style=\"font-style: inherit;\">(<\/strong><strong style=\"font-style: inherit;\">UNIMONTES)\u00a0<\/strong> <a href=\"http:\/\/lattes.cnpq.br\/0098756611607729\">Curr\u00edculo Lattes<\/a><\/p>\n<p><strong style=\"font-style: inherit;\">Yule Roberta Ferreira Nunes<\/strong> <strong style=\"font-style: inherit;\">(<\/strong><strong style=\"font-style: inherit;\">UNIMONTES)\u00a0<\/strong> <a href=\"http:\/\/lattes.cnpq.br\/9311555269988027\">Curr\u00edculo Lattes<\/a><\/p>\n<p><strong style=\"font-style: inherit;\">Walter Santos de Ara\u00fajo (<\/strong><strong style=\"font-style: inherit;\">UNIMONTES)\u00a0<\/strong> <a href=\"http:\/\/lattes.cnpq.br\/1127536475605936\">Curr\u00edculo Lattes<\/a><\/p>\n<\/div><\/div><\/div><\/div><\/div><\/section>\n","protected":false},"excerpt":{"rendered":"","protected":false},"author":5,"featured_media":0,"parent":0,"menu_order":0,"comment_status":"closed","ping_status":"closed","template":"","meta":[],"yoast_head":"<!-- This site is optimized with the Yoast SEO plugin v14.7 - https:\/\/yoast.com\/wordpress\/plugins\/seo\/ -->\n<title>N\u00facleo Permanente - PPGBOT - P\u00f3s Gradua\u00e7\u00e3o em Bot\u00e2nica Aplicada<\/title>\n<meta name=\"robots\" content=\"index, follow\" \/>\n<meta name=\"googlebot\" content=\"index, follow, max-snippet:-1, max-image-preview:large, max-video-preview:-1\" \/>\n<meta name=\"bingbot\" content=\"index, follow, max-snippet:-1, max-image-preview:large, max-video-preview:-1\" \/>\n<link rel=\"canonical\" href=\"https:\/\/www.posgraduacao.unimontes.br\/ppgbot\/nucleo-permanente\/\" \/>\n<meta property=\"og:locale\" content=\"pt_BR\" \/>\n<meta property=\"og:type\" content=\"article\" \/>\n<meta property=\"og:title\" content=\"N\u00facleo Permanente - PPGBOT - P\u00f3s Gradua\u00e7\u00e3o em Bot\u00e2nica Aplicada\" \/>\n<meta property=\"og:description\" content=\"Ana Carolina Devides Castello (UNIMONTES) Curr\u00edculo Lattes Camila Silveira Souza (UNIMONTES)\u00a0\u00a0Curr\u00edculo Lattes Dario Alves de Oliveira (UNIMONTES) Curr\u00edculo Lattes Geraldo Acl\u00e9cio de Melo (UNIMONTES) Curr\u00edculo Lattes Hellen C\u00e1ssia Mazzottini (UNIMONTES) Curr\u00edculo Lattes Islaine Franciely Pinheiro de Azevedo (UNIMONTES) Curr\u00edculo Lattes Leonardo Monteiro Ribeiro (UNIMONTES) Curr\u00edculo Lattes Maria das Dores Magalh\u00e3es Veloso (UNIMONTES)\u00a0 Curr\u00edculo Lattes M\u00e1rio [&hellip;]\" \/>\n<meta property=\"og:url\" content=\"https:\/\/www.posgraduacao.unimontes.br\/ppgbot\/nucleo-permanente\/\" \/>\n<meta property=\"og:site_name\" content=\"PPGBOT - P\u00f3s Gradua\u00e7\u00e3o em Bot\u00e2nica Aplicada\" \/>\n<meta property=\"article:modified_time\" content=\"2025-12-12T15:25:35+00:00\" \/>\n<meta name=\"twitter:card\" content=\"summary_large_image\" \/>\n<script type=\"application\/ld+json\" class=\"yoast-schema-graph\">{\"@context\":\"https:\/\/schema.org\",\"@graph\":[{\"@type\":\"WebSite\",\"@id\":\"https:\/\/www.posgraduacao.unimontes.br\/ppgbot\/#website\",\"url\":\"https:\/\/www.posgraduacao.unimontes.br\/ppgbot\/\",\"name\":\"PPGBOT - P\\u00f3s Gradua\\u00e7\\u00e3o em Bot\\u00e2nica Aplicada\",\"description\":\"\",\"potentialAction\":[{\"@type\":\"SearchAction\",\"target\":\"https:\/\/www.posgraduacao.unimontes.br\/ppgbot\/?s={search_term_string}\",\"query-input\":\"required name=search_term_string\"}],\"inLanguage\":\"pt-BR\"},{\"@type\":\"WebPage\",\"@id\":\"https:\/\/www.posgraduacao.unimontes.br\/ppgbot\/nucleo-permanente\/#webpage\",\"url\":\"https:\/\/www.posgraduacao.unimontes.br\/ppgbot\/nucleo-permanente\/\",\"name\":\"N\\u00facleo Permanente - PPGBOT - P\\u00f3s Gradua\\u00e7\\u00e3o em Bot\\u00e2nica Aplicada\",\"isPartOf\":{\"@id\":\"https:\/\/www.posgraduacao.unimontes.br\/ppgbot\/#website\"},\"datePublished\":\"2018-10-25T11:47:54+00:00\",\"dateModified\":\"2025-12-12T15:25:35+00:00\",\"inLanguage\":\"pt-BR\",\"potentialAction\":[{\"@type\":\"ReadAction\",\"target\":[\"https:\/\/www.posgraduacao.unimontes.br\/ppgbot\/nucleo-permanente\/\"]}]}]}<\/script>\n<!-- \/ Yoast SEO plugin. -->","_links":{"self":[{"href":"https:\/\/www.posgraduacao.unimontes.br\/ppgbot\/wp-json\/wp\/v2\/pages\/45"}],"collection":[{"href":"https:\/\/www.posgraduacao.unimontes.br\/ppgbot\/wp-json\/wp\/v2\/pages"}],"about":[{"href":"https:\/\/www.posgraduacao.unimontes.br\/ppgbot\/wp-json\/wp\/v2\/types\/page"}],"author":[{"embeddable":true,"href":"https:\/\/www.posgraduacao.unimontes.br\/ppgbot\/wp-json\/wp\/v2\/users\/5"}],"replies":[{"embeddable":true,"href":"https:\/\/www.posgraduacao.unimontes.br\/ppgbot\/wp-json\/wp\/v2\/comments?post=45"}],"version-history":[{"count":38,"href":"https:\/\/www.posgraduacao.unimontes.br\/ppgbot\/wp-json\/wp\/v2\/pages\/45\/revisions"}],"predecessor-version":[{"id":3339,"href":"https:\/\/www.posgraduacao.unimontes.br\/ppgbot\/wp-json\/wp\/v2\/pages\/45\/revisions\/3339"}],"wp:attachment":[{"href":"https:\/\/www.posgraduacao.unimontes.br\/ppgbot\/wp-json\/wp\/v2\/media?parent=45"}],"curies":[{"name":"wp","href":"https:\/\/api.w.org\/{rel}","templated":true}]}}