{"id":418,"date":"2019-05-08T11:30:43","date_gmt":"2019-05-08T14:30:43","guid":{"rendered":"http:\/\/www.posgraduacao.unimontes.br\/ppgbot\/?page_id=418"},"modified":"2024-11-23T14:17:08","modified_gmt":"2024-11-23T17:17:08","slug":"simbot-i","status":"publish","type":"page","link":"https:\/\/www.posgraduacao.unimontes.br\/ppgbot\/simbot-i\/","title":{"rendered":"Simp\u00f3sio de Bot\u00e2nica Aplicada &#8211; SIMBOT I"},"content":{"rendered":"<section class=\"kc-elm kc-css-473767 kc_row\"><div class=\"kc-row-container  kc-container\"><div class=\"kc-wrap-columns\"><div class=\"kc-elm kc-css-37675 kc_col-sm-12 kc_column kc_col-sm-12\"><div class=\"kc-col-container\"><div class=\"kc-elm kc-css-945831\" style=\"height: 20px; clear: both; width:100%;\"><\/div><div class=\"kc-elm kc-css-237278 kc_text_block\"><p><!-- \/wp:paragraph --><\/p>\n<p><!-- wp:paragraph --><\/p>\n<p><!-- \/wp:paragraph --><\/p>\n<p><!-- wp:paragraph {\"align\":\"center\"} --><\/p>\n<p class=\"has-text-align-center\" style=\"text-align: center;\">O 1\u00b0 Simp\u00f3sio de Bot\u00e2nica Aplicada aconteceu entre os dias 29\/11 a 02\/12 de 2017, na Universidade Estadual de Montes Claros. O evento foi realizado por um grupo de pesquisadores, formado por professores da Universidade Estadual de Montes Claros \u2013 UNIMONTES e do Instituto de Ci\u00eancias Agr\u00e1rias da Universidade Federal de Minas Gerais &#8211; Campus Montes Claros (ICA-UFMG). O objetivo do evento foi apresentar os projetos e as pesquisas relacionadas ao grupo sobre o uso, manejo e conserva\u00e7\u00e3o da diversidade vegetal, al\u00e9m da aplica\u00e7\u00e3o do conhecimento gerado dos conceitos b\u00e1sicos da Bot\u00e2nica, com o intuito de divulgar os resultados, valorizar os trabalhos acad\u00eamicos das institui\u00e7\u00f5es envolvidas, disponibilizar e popularizar informa\u00e7\u00f5es cientificas e desenvolver atividades de extens\u00e3o para a comunidade acad\u00eamica. Durante os quatro dias de dura\u00e7\u00e3o do evento foram ministradas palestras pelos professores das duas Universidades, apresenta\u00e7\u00f5es de projetos ou resultados de pesquisas de alunos de gradua\u00e7\u00e3o e p\u00f3s-gradua\u00e7\u00e3o\u00a0 e a realiza\u00e7\u00e3o de minicursos. A procura do publico pelo evento ultrapassou as expectativas da comiss\u00e3o organizadora e teve que ser limitado \u00e0 230 pessoas, devido ao capacidade do audit\u00f3rio da Unimontes.\u00a0\u00a0 Alunos e profissionais, de Institui\u00e7\u00f5es de ensino p\u00fablicas (Unimontes, UFV, UFU, IFNMG, ICA-UFMG, UESB) e privadas (FASI, FIPMOC), prestigiaram a primeira edi\u00e7\u00e3o Workshop de Bot\u00e2nica Aplicada. Os recursos captados para a realiza\u00e7\u00e3o do evento foram provenientes das pr\u00f3prias inscri\u00e7\u00f5es e de patroc\u00ednios de empresas da regi\u00e3o.<\/p>\n<p class=\"has-text-align-center\" style=\"text-align: left;\">Mais informa\u00e7\u00f5es e a programa\u00e7\u00e3o completa na p\u00e1gina do evento\u00a0<a href=\"https:\/\/islaazevedo.wixsite.com\/botanica\">https:\/\/islaazevedo.wixsite.com\/botanica<\/a><\/p>\n<p style=\"text-align: left;\"><!-- \/wp:paragraph --><\/p>\n<\/div><\/div><\/div><\/div><\/div><\/section><section class=\"kc-elm kc-css-460464 kc_row\"><div class=\"kc-row-container  kc-container\"><div class=\"kc-wrap-columns\"><div class=\"kc-elm kc-css-208418 kc_col-sm-12 kc_column kc_col-sm-12\"><div class=\"kc-col-container\"><div class=\"kc-elm kc-css-993003\" style=\"height: 20px; clear: both; width:100%;\"><\/div><div class=\"kc-elm kc-css-213175 kc_shortcode kc_single_image\">\n\n        <img src=\"https:\/\/www.posgraduacao.unimontes.br\/uploads\/sites\/17\/2020\/07\/SIMBOT.jpg\" class=\"\" alt=\"\" \/>    <\/div>\n<div class=\"kc-elm kc-css-879745\" style=\"height: 20px; clear: both; width:100%;\"><\/div><div class=\"kc-elm kc-css-957850 kc_shortcode kc_single_image\">\n\n        <img src=\"https:\/\/www.posgraduacao.unimontes.br\/uploads\/sites\/17\/2020\/07\/sIMBOT-I-APRESENTA\u00c7\u00c3O.jpg\" class=\"\" alt=\"\" \/>    <\/div>\n<div class=\"kc-elm kc-css-663956\" style=\"height: 20px; clear: both; width:100%;\"><\/div><div class=\"kc-elm kc-css-426024 kc_shortcode kc_single_image\">\n\n        <img src=\"https:\/\/www.posgraduacao.unimontes.br\/uploads\/sites\/17\/2020\/07\/SIMBOT-1-B.jpg\" class=\"\" alt=\"\" \/>    <\/div>\n<div class=\"kc-elm kc-css-802453 kc_shortcode kc_single_image\">\n\n        <img src=\"https:\/\/www.posgraduacao.unimontes.br\/uploads\/sites\/17\/2020\/07\/SIMBOT-I-C.jpg\" class=\"\" alt=\"\" \/>    <\/div>\n<div class=\"kc-elm kc-css-213339 kc_shortcode kc_single_image\">\n\n        <img src=\"https:\/\/www.posgraduacao.unimontes.br\/uploads\/sites\/17\/2020\/07\/SIMBOT-1-D.jpg\" class=\"\" alt=\"\" \/>    <\/div>\n<\/div><\/div><\/div><\/div><\/section>","protected":false},"excerpt":{"rendered":"","protected":false},"author":5,"featured_media":0,"parent":0,"menu_order":0,"comment_status":"closed","ping_status":"closed","template":"","meta":[],"yoast_head":"<!-- This site is optimized with the Yoast SEO plugin v14.7 - https:\/\/yoast.com\/wordpress\/plugins\/seo\/ -->\n<title>Simp\u00f3sio de Bot\u00e2nica Aplicada - SIMBOT I - PPGBOT - P\u00f3s Gradua\u00e7\u00e3o em Bot\u00e2nica Aplicada<\/title>\n<meta name=\"robots\" content=\"index, follow\" \/>\n<meta name=\"googlebot\" content=\"index, follow, max-snippet:-1, max-image-preview:large, max-video-preview:-1\" \/>\n<meta name=\"bingbot\" content=\"index, follow, max-snippet:-1, max-image-preview:large, max-video-preview:-1\" \/>\n<link rel=\"canonical\" href=\"https:\/\/www.posgraduacao.unimontes.br\/ppgbot\/simbot-i\/\" \/>\n<meta property=\"og:locale\" content=\"pt_BR\" \/>\n<meta property=\"og:type\" content=\"article\" \/>\n<meta property=\"og:title\" content=\"Simp\u00f3sio de Bot\u00e2nica Aplicada - SIMBOT I - PPGBOT - P\u00f3s Gradua\u00e7\u00e3o em Bot\u00e2nica Aplicada\" \/>\n<meta property=\"og:description\" content=\"O 1\u00b0 Simp\u00f3sio de Bot\u00e2nica Aplicada aconteceu entre os dias 29\/11 a 02\/12 de 2017, na Universidade Estadual de Montes Claros. O evento foi realizado por um grupo de pesquisadores, formado por professores da Universidade Estadual de Montes Claros \u2013 UNIMONTES e do Instituto de Ci\u00eancias Agr\u00e1rias da Universidade Federal de Minas Gerais &#8211; Campus [&hellip;]\" \/>\n<meta property=\"og:url\" content=\"https:\/\/www.posgraduacao.unimontes.br\/ppgbot\/simbot-i\/\" \/>\n<meta property=\"og:site_name\" content=\"PPGBOT - P\u00f3s Gradua\u00e7\u00e3o em Bot\u00e2nica Aplicada\" \/>\n<meta property=\"article:modified_time\" content=\"2024-11-23T17:17:08+00:00\" \/>\n<meta property=\"og:image\" content=\"http:\/\/www.posgraduacao.unimontes.br\/uploads\/sites\/17\/2020\/07\/SIMBOT.jpg\" \/>\n<meta name=\"twitter:card\" content=\"summary_large_image\" \/>\n<script type=\"application\/ld+json\" class=\"yoast-schema-graph\">{\"@context\":\"https:\/\/schema.org\",\"@graph\":[{\"@type\":\"WebSite\",\"@id\":\"https:\/\/www.posgraduacao.unimontes.br\/ppgbot\/#website\",\"url\":\"https:\/\/www.posgraduacao.unimontes.br\/ppgbot\/\",\"name\":\"PPGBOT - P\\u00f3s Gradua\\u00e7\\u00e3o em Bot\\u00e2nica Aplicada\",\"description\":\"\",\"potentialAction\":[{\"@type\":\"SearchAction\",\"target\":\"https:\/\/www.posgraduacao.unimontes.br\/ppgbot\/?s={search_term_string}\",\"query-input\":\"required name=search_term_string\"}],\"inLanguage\":\"pt-BR\"},{\"@type\":\"ImageObject\",\"@id\":\"https:\/\/www.posgraduacao.unimontes.br\/ppgbot\/simbot-i\/#primaryimage\",\"inLanguage\":\"pt-BR\",\"url\":\"http:\/\/www.posgraduacao.unimontes.br\/uploads\/sites\/17\/2020\/07\/SIMBOT.jpg\"},{\"@type\":\"WebPage\",\"@id\":\"https:\/\/www.posgraduacao.unimontes.br\/ppgbot\/simbot-i\/#webpage\",\"url\":\"https:\/\/www.posgraduacao.unimontes.br\/ppgbot\/simbot-i\/\",\"name\":\"Simp\\u00f3sio de Bot\\u00e2nica Aplicada - SIMBOT I - PPGBOT - P\\u00f3s Gradua\\u00e7\\u00e3o em Bot\\u00e2nica Aplicada\",\"isPartOf\":{\"@id\":\"https:\/\/www.posgraduacao.unimontes.br\/ppgbot\/#website\"},\"primaryImageOfPage\":{\"@id\":\"https:\/\/www.posgraduacao.unimontes.br\/ppgbot\/simbot-i\/#primaryimage\"},\"datePublished\":\"2019-05-08T14:30:43+00:00\",\"dateModified\":\"2024-11-23T17:17:08+00:00\",\"inLanguage\":\"pt-BR\",\"potentialAction\":[{\"@type\":\"ReadAction\",\"target\":[\"https:\/\/www.posgraduacao.unimontes.br\/ppgbot\/simbot-i\/\"]}]}]}<\/script>\n<!-- \/ Yoast SEO plugin. -->","_links":{"self":[{"href":"https:\/\/www.posgraduacao.unimontes.br\/ppgbot\/wp-json\/wp\/v2\/pages\/418"}],"collection":[{"href":"https:\/\/www.posgraduacao.unimontes.br\/ppgbot\/wp-json\/wp\/v2\/pages"}],"about":[{"href":"https:\/\/www.posgraduacao.unimontes.br\/ppgbot\/wp-json\/wp\/v2\/types\/page"}],"author":[{"embeddable":true,"href":"https:\/\/www.posgraduacao.unimontes.br\/ppgbot\/wp-json\/wp\/v2\/users\/5"}],"replies":[{"embeddable":true,"href":"https:\/\/www.posgraduacao.unimontes.br\/ppgbot\/wp-json\/wp\/v2\/comments?post=418"}],"version-history":[{"count":15,"href":"https:\/\/www.posgraduacao.unimontes.br\/ppgbot\/wp-json\/wp\/v2\/pages\/418\/revisions"}],"predecessor-version":[{"id":2749,"href":"https:\/\/www.posgraduacao.unimontes.br\/ppgbot\/wp-json\/wp\/v2\/pages\/418\/revisions\/2749"}],"wp:attachment":[{"href":"https:\/\/www.posgraduacao.unimontes.br\/ppgbot\/wp-json\/wp\/v2\/media?parent=418"}],"curies":[{"name":"wp","href":"https:\/\/api.w.org\/{rel}","templated":true}]}}