{"id":41,"date":"2018-10-25T09:47:23","date_gmt":"2018-10-25T11:47:23","guid":{"rendered":"http:\/\/www.posgraduacao.unimontes.br\/ppgba\/?page_id=41"},"modified":"2020-03-09T15:12:40","modified_gmt":"2020-03-09T18:12:40","slug":"edital","status":"publish","type":"page","link":"https:\/\/www.posgraduacao.unimontes.br\/ppgbot\/edital\/","title":{"rendered":"I processo seletivo 2020"},"content":{"rendered":"<section class=\"kc-elm kc-css-133023 kc_row\"><div class=\"kc-row-container  kc-container\"><div class=\"kc-wrap-columns\"><div class=\"kc-elm kc-css-670978 kc_column kc_col-sm-12\"><div class=\"kc-col-container\"><div class=\"kc-elm kc-css-959874 kc_text_block\"><p class=\"has-text-align-center\" style=\"text-align: center;\">O Programa de P\u00f3s-Gradua\u00e7\u00e3o em Bot\u00e2nica Aplicada lan\u00e7a Edital para o seu 3\u00b0 processo seletivo de alunos regulares, com entrada no 1\u00b0 semestre de 2020. Ser\u00e3o oferecidas 20 vagas neste processo e o per\u00edodo de inscri\u00e7\u00f5es \u00e9 do dia 04\/12\/2019 \u00e0 27\/01\/2020.<\/p>\n<p class=\"has-text-align-center\" style=\"text-align: center;\">As inscri\u00e7\u00f5es ser\u00e3o realizadas pelo link:\u00a0<\/p>\n<p class=\"has-text-align-center\" style=\"text-align: center;\"><a href=\"http:\/\/conveniar.fadenor.com.br\/eventos\">http:\/\/conveniar.fadenor.com.br\/eventos<\/a><\/p>\n<p class=\"has-text-align-center\" style=\"text-align: center;\">As provas de ingl\u00eas e de conhecimentos espec\u00edficos ser\u00e3o no dia 05 de fevereiro de 2020.<\/p>\n<p class=\"has-text-align-center\" style=\"text-align: center;\"><a href=\"http:\/\/www.posgraduacao.unimontes.br\/uploads\/sites\/17\/2020\/01\/1\u00aa-Retificacao-do-EDITAL-01-2020-PPGPBOT.pdf\">1\u00aa Retificacao do EDITAL 01 2020 PPGPBOT<\/a><\/p>\n<p class=\"has-text-align-center\" style=\"text-align: center;\"><a href=\"http:\/\/www.posgraduacao.unimontes.br\/uploads\/sites\/17\/2019\/11\/Edital-Processo-Seletivo-PPGBOT-1-2020.pdf\">Edital<\/a><\/p>\n<p class=\"has-text-align-center\" style=\"text-align: center;\"><a href=\"http:\/\/www.posgraduacao.unimontes.br\/uploads\/sites\/17\/2020\/02\/RESULTADO-DAS-PROVAS-EDITAL-01-2020-PRELIMINAR.pdf\">Resultado Preliminar<\/a><\/p>\n<p class=\"m_7684246845052646623m_-4658199656400130777ydp67d3403MsoListParagraphCxSpMiddle\" style=\"text-align: center;\">Mais informa\u00e7\u00f5es pelo telefone : 3229 8186<\/p>\n<\/div><\/div><\/div><\/div><\/div><\/section><section class=\"kc-elm kc-css-95072 kc_row\"><div class=\"kc-row-container  kc-container\"><div class=\"kc-wrap-columns\"><div class=\"kc-elm kc-css-360511 kc_col-sm-12 kc_column kc_col-sm-12\"><div class=\"kc-col-container\">\n<div class=\"kc-elm kc-css-138967\">\n\t<a class=\"kc_button\" href=\"http:\/\/www.posgraduacao.unimontes.br\/uploads\/sites\/17\/2020\/02\/Homologa\u00e7\u00e3o-de-Inscri\u00e7\u00f5es-Edital-01-2020.pdf\" target=\"_self\" title=\"\" onclick=\"\">\n\t\tInscri\u00e7\u00f5es Homologadas, hor\u00e1rio e local de prova\t<\/a>\n<\/div>\n<div class=\"kc-elm kc-css-684306\" style=\"height: 20px; clear: both; width:100%;\"><\/div>\n<div class=\"kc-elm kc-css-626802\">\n\t<a class=\"kc_button\" href=\"http:\/\/www.posgraduacao.unimontes.br\/uploads\/sites\/17\/2020\/02\/RESULTADO-DAS-PROVAS-FINAL.pdf\" target=\"_self\" title=\"\" onclick=\"\">\n\t\tResultado Final Edital 1\/2020 \t<\/a>\n<\/div>\n<div class=\"kc-elm kc-css-934409\" style=\"height: 20px; clear: both; width:100%;\"><\/div>\n<div class=\"kc-elm kc-css-901330\">\n\t<a class=\"kc_button\" href=\"http:\/\/www.posgraduacao.unimontes.br\/uploads\/sites\/17\/2020\/02\/RESULTADO-PRELIMINAR.pdf\" target=\"_blank\" title=\"Resultado Preliminar\" onclick=\"\">\n\t\tResultado Preliminar - Ap\u00f3s entrevista e an\u00e1lise de curr\u00edculo\t<\/a>\n<\/div>\n<div class=\"kc-elm kc-css-743797\" style=\"height: 20px; clear: both; width:100%;\"><\/div>\n<div class=\"kc-elm kc-css-639049\">\n\t<a class=\"kc_button\" href=\"http:\/\/www.posgraduacao.unimontes.br\/uploads\/sites\/17\/2020\/03\/RESULTADO-FINAL.pdf\" target=\"_blank\" title=\"Resultado Final\" onclick=\"\">\n\t\tResultado Final\t<\/a>\n<\/div>\n<\/div><\/div><\/div><\/div><\/section>\n","protected":false},"excerpt":{"rendered":"","protected":false},"author":5,"featured_media":0,"parent":0,"menu_order":0,"comment_status":"closed","ping_status":"closed","template":"","meta":[],"yoast_head":"<!-- This site is optimized with the Yoast SEO plugin v14.7 - https:\/\/yoast.com\/wordpress\/plugins\/seo\/ -->\n<title>I processo seletivo 2020 - PPGBOT - P\u00f3s Gradua\u00e7\u00e3o em Bot\u00e2nica Aplicada<\/title>\n<meta name=\"robots\" content=\"index, follow\" \/>\n<meta name=\"googlebot\" content=\"index, follow, max-snippet:-1, max-image-preview:large, max-video-preview:-1\" \/>\n<meta name=\"bingbot\" content=\"index, follow, max-snippet:-1, max-image-preview:large, max-video-preview:-1\" \/>\n<link rel=\"canonical\" href=\"https:\/\/www.posgraduacao.unimontes.br\/ppgbot\/edital\/\" \/>\n<meta property=\"og:locale\" content=\"pt_BR\" \/>\n<meta property=\"og:type\" content=\"article\" \/>\n<meta property=\"og:title\" content=\"I processo seletivo 2020 - PPGBOT - P\u00f3s Gradua\u00e7\u00e3o em Bot\u00e2nica Aplicada\" \/>\n<meta property=\"og:description\" content=\"O Programa de P\u00f3s-Gradua\u00e7\u00e3o em Bot\u00e2nica Aplicada lan\u00e7a Edital para o seu 3\u00b0 processo seletivo de alunos regulares, com entrada no 1\u00b0 semestre de 2020. Ser\u00e3o oferecidas 20 vagas neste processo e o per\u00edodo de inscri\u00e7\u00f5es \u00e9 do dia 04\/12\/2019 \u00e0 27\/01\/2020. As inscri\u00e7\u00f5es ser\u00e3o realizadas pelo link:\u00a0 http:\/\/conveniar.fadenor.com.br\/eventos As provas de ingl\u00eas e de [&hellip;]\" \/>\n<meta property=\"og:url\" content=\"https:\/\/www.posgraduacao.unimontes.br\/ppgbot\/edital\/\" \/>\n<meta property=\"og:site_name\" content=\"PPGBOT - P\u00f3s Gradua\u00e7\u00e3o em Bot\u00e2nica Aplicada\" \/>\n<meta property=\"article:modified_time\" content=\"2020-03-09T18:12:40+00:00\" \/>\n<meta name=\"twitter:card\" content=\"summary_large_image\" \/>\n<script type=\"application\/ld+json\" class=\"yoast-schema-graph\">{\"@context\":\"https:\/\/schema.org\",\"@graph\":[{\"@type\":\"WebSite\",\"@id\":\"https:\/\/www.posgraduacao.unimontes.br\/ppgbot\/#website\",\"url\":\"https:\/\/www.posgraduacao.unimontes.br\/ppgbot\/\",\"name\":\"PPGBOT - P\\u00f3s Gradua\\u00e7\\u00e3o em Bot\\u00e2nica Aplicada\",\"description\":\"\",\"potentialAction\":[{\"@type\":\"SearchAction\",\"target\":\"https:\/\/www.posgraduacao.unimontes.br\/ppgbot\/?s={search_term_string}\",\"query-input\":\"required name=search_term_string\"}],\"inLanguage\":\"pt-BR\"},{\"@type\":\"WebPage\",\"@id\":\"https:\/\/www.posgraduacao.unimontes.br\/ppgbot\/edital\/#webpage\",\"url\":\"https:\/\/www.posgraduacao.unimontes.br\/ppgbot\/edital\/\",\"name\":\"I processo seletivo 2020 - PPGBOT - P\\u00f3s Gradua\\u00e7\\u00e3o em Bot\\u00e2nica Aplicada\",\"isPartOf\":{\"@id\":\"https:\/\/www.posgraduacao.unimontes.br\/ppgbot\/#website\"},\"datePublished\":\"2018-10-25T11:47:23+00:00\",\"dateModified\":\"2020-03-09T18:12:40+00:00\",\"inLanguage\":\"pt-BR\",\"potentialAction\":[{\"@type\":\"ReadAction\",\"target\":[\"https:\/\/www.posgraduacao.unimontes.br\/ppgbot\/edital\/\"]}]}]}<\/script>\n<!-- \/ Yoast SEO plugin. -->","_links":{"self":[{"href":"https:\/\/www.posgraduacao.unimontes.br\/ppgbot\/wp-json\/wp\/v2\/pages\/41"}],"collection":[{"href":"https:\/\/www.posgraduacao.unimontes.br\/ppgbot\/wp-json\/wp\/v2\/pages"}],"about":[{"href":"https:\/\/www.posgraduacao.unimontes.br\/ppgbot\/wp-json\/wp\/v2\/types\/page"}],"author":[{"embeddable":true,"href":"https:\/\/www.posgraduacao.unimontes.br\/ppgbot\/wp-json\/wp\/v2\/users\/5"}],"replies":[{"embeddable":true,"href":"https:\/\/www.posgraduacao.unimontes.br\/ppgbot\/wp-json\/wp\/v2\/comments?post=41"}],"version-history":[{"count":55,"href":"https:\/\/www.posgraduacao.unimontes.br\/ppgbot\/wp-json\/wp\/v2\/pages\/41\/revisions"}],"predecessor-version":[{"id":952,"href":"https:\/\/www.posgraduacao.unimontes.br\/ppgbot\/wp-json\/wp\/v2\/pages\/41\/revisions\/952"}],"wp:attachment":[{"href":"https:\/\/www.posgraduacao.unimontes.br\/ppgbot\/wp-json\/wp\/v2\/media?parent=41"}],"curies":[{"name":"wp","href":"https:\/\/api.w.org\/{rel}","templated":true}]}}