{"id":36,"date":"2018-10-25T09:46:13","date_gmt":"2018-10-25T11:46:13","guid":{"rendered":"http:\/\/www.posgraduacao.unimontes.br\/ppgba\/?page_id=36"},"modified":"2025-04-23T11:40:27","modified_gmt":"2025-04-23T14:40:27","slug":"laboratorios","status":"publish","type":"page","link":"https:\/\/www.posgraduacao.unimontes.br\/ppgbot\/laboratorios\/","title":{"rendered":"Laborat\u00f3rios"},"content":{"rendered":"<p><strong>Laborat\u00f3rio de Anatomia Vegetal<\/strong><\/p>\n<p>Professora Hellen C\u00e1ssia Mazzottini dos Santos (<a href=\"http:\/\/lattes.cnpq.br\/6046873025411410\">Curr\u00edculo Lattes)<\/a><\/p>\n<p><strong>Laborat\u00f3rio de Bioprospec\u00e7\u00e3o e Recursos Gen\u00e9ticos<\/strong><\/p>\n<p>Professor Dario Alves de Oliveira (<a href=\"http:\/\/lattes.cnpq.br\/4782483369059714\">Curr\u00edculo Lattes<\/a>)<\/p>\n<p><strong>Laborat\u00f3rio de Ecologia Vegetal &#8211; LEVE<\/strong><\/p>\n<p>Professoras Islaine Franciely Pinheiro de Azevedo (<a href=\"http:\/\/lattes.cnpq.br\/4671452041148218\">Curr\u00edculo Lattes<\/a>)<\/p>\n<p>Maria das Dores Magalh\u00e3es Veloso (<a href=\"http:\/\/lattes.cnpq.br\/3662823326127696\">Curr\u00edculo Lattes<\/a>)<\/p>\n<p>Yule Roberta Ferreira Nunes (<a href=\"http:\/\/lattes.cnpq.br\/9311555269988027\">Curr\u00edculo Lattes<\/a>)<\/p>\n<p><strong>Laborat\u00f3rio de Ecologia Evolutiva<\/strong><\/p>\n<p>Professor M\u00e1rio Marcos do Esp\u00edrito Santo (<a href=\"http:\/\/lattes.cnpq.br\/1404677789393501\">Curr\u00edculo Lattes<\/a>)<\/p>\n<p><strong>Laborat\u00f3rio de Fisiologia e Bioqu\u00edmica de Plantas<\/strong><\/p>\n<p>Professor Geraldo Acl\u00e9cio de Melo (<a href=\"http:\/\/lattes.cnpq.br\/8670109509034864\">Curr\u00edculo Lattes<\/a>)<\/p>\n<p><strong>Laborat\u00f3rio\u00a0de Reprodu\u00e7\u00e3o Vegetal &#8211; LAR<\/strong><\/p>\n<p>Professor Leonardo Monteiro Ribeiro (<a href=\"http:\/\/lattes.cnpq.br\/0490764617260644\">Curr\u00edculo Lattes)<\/a><\/p>\n","protected":false},"excerpt":{"rendered":"<p>Laborat\u00f3rio de Anatomia Vegetal Professora Hellen C\u00e1ssia Mazzottini dos Santos (Curr\u00edculo Lattes) Laborat\u00f3rio de Bioprospec\u00e7\u00e3o e Recursos Gen\u00e9ticos Professor Dario Alves de Oliveira (Curr\u00edculo Lattes) Laborat\u00f3rio de Ecologia Vegetal &#8211; LEVE Professoras Islaine Franciely Pinheiro de Azevedo (Curr\u00edculo Lattes) Maria das Dores Magalh\u00e3es Veloso (Curr\u00edculo Lattes) Yule Roberta Ferreira Nunes (Curr\u00edculo Lattes) Laborat\u00f3rio de Ecologia [&hellip;]<\/p>\n","protected":false},"author":5,"featured_media":0,"parent":0,"menu_order":0,"comment_status":"closed","ping_status":"closed","template":"","meta":[],"yoast_head":"<!-- This site is optimized with the Yoast SEO plugin v14.7 - https:\/\/yoast.com\/wordpress\/plugins\/seo\/ -->\n<title>Laborat\u00f3rios - PPGBOT - P\u00f3s Gradua\u00e7\u00e3o em Bot\u00e2nica Aplicada<\/title>\n<meta name=\"robots\" content=\"index, follow\" \/>\n<meta name=\"googlebot\" content=\"index, follow, max-snippet:-1, max-image-preview:large, max-video-preview:-1\" \/>\n<meta name=\"bingbot\" content=\"index, follow, max-snippet:-1, max-image-preview:large, max-video-preview:-1\" \/>\n<link rel=\"canonical\" href=\"https:\/\/www.posgraduacao.unimontes.br\/ppgbot\/laboratorios\/\" \/>\n<meta property=\"og:locale\" content=\"pt_BR\" \/>\n<meta property=\"og:type\" content=\"article\" \/>\n<meta property=\"og:title\" content=\"Laborat\u00f3rios - PPGBOT - P\u00f3s Gradua\u00e7\u00e3o em Bot\u00e2nica Aplicada\" \/>\n<meta property=\"og:description\" content=\"Laborat\u00f3rio de Anatomia Vegetal Professora Hellen C\u00e1ssia Mazzottini dos Santos (Curr\u00edculo Lattes) Laborat\u00f3rio de Bioprospec\u00e7\u00e3o e Recursos Gen\u00e9ticos Professor Dario Alves de Oliveira (Curr\u00edculo Lattes) Laborat\u00f3rio de Ecologia Vegetal &#8211; LEVE Professoras Islaine Franciely Pinheiro de Azevedo (Curr\u00edculo Lattes) Maria das Dores Magalh\u00e3es Veloso (Curr\u00edculo Lattes) Yule Roberta Ferreira Nunes (Curr\u00edculo Lattes) Laborat\u00f3rio de Ecologia [&hellip;]\" \/>\n<meta property=\"og:url\" content=\"https:\/\/www.posgraduacao.unimontes.br\/ppgbot\/laboratorios\/\" \/>\n<meta property=\"og:site_name\" content=\"PPGBOT - P\u00f3s Gradua\u00e7\u00e3o em Bot\u00e2nica Aplicada\" \/>\n<meta property=\"article:modified_time\" content=\"2025-04-23T14:40:27+00:00\" \/>\n<meta name=\"twitter:card\" content=\"summary_large_image\" \/>\n<script type=\"application\/ld+json\" class=\"yoast-schema-graph\">{\"@context\":\"https:\/\/schema.org\",\"@graph\":[{\"@type\":\"WebSite\",\"@id\":\"https:\/\/www.posgraduacao.unimontes.br\/ppgbot\/#website\",\"url\":\"https:\/\/www.posgraduacao.unimontes.br\/ppgbot\/\",\"name\":\"PPGBOT - P\\u00f3s Gradua\\u00e7\\u00e3o em Bot\\u00e2nica Aplicada\",\"description\":\"\",\"potentialAction\":[{\"@type\":\"SearchAction\",\"target\":\"https:\/\/www.posgraduacao.unimontes.br\/ppgbot\/?s={search_term_string}\",\"query-input\":\"required name=search_term_string\"}],\"inLanguage\":\"pt-BR\"},{\"@type\":\"WebPage\",\"@id\":\"https:\/\/www.posgraduacao.unimontes.br\/ppgbot\/laboratorios\/#webpage\",\"url\":\"https:\/\/www.posgraduacao.unimontes.br\/ppgbot\/laboratorios\/\",\"name\":\"Laborat\\u00f3rios - PPGBOT - P\\u00f3s Gradua\\u00e7\\u00e3o em Bot\\u00e2nica Aplicada\",\"isPartOf\":{\"@id\":\"https:\/\/www.posgraduacao.unimontes.br\/ppgbot\/#website\"},\"datePublished\":\"2018-10-25T11:46:13+00:00\",\"dateModified\":\"2025-04-23T14:40:27+00:00\",\"inLanguage\":\"pt-BR\",\"potentialAction\":[{\"@type\":\"ReadAction\",\"target\":[\"https:\/\/www.posgraduacao.unimontes.br\/ppgbot\/laboratorios\/\"]}]}]}<\/script>\n<!-- \/ Yoast SEO plugin. -->","_links":{"self":[{"href":"https:\/\/www.posgraduacao.unimontes.br\/ppgbot\/wp-json\/wp\/v2\/pages\/36"}],"collection":[{"href":"https:\/\/www.posgraduacao.unimontes.br\/ppgbot\/wp-json\/wp\/v2\/pages"}],"about":[{"href":"https:\/\/www.posgraduacao.unimontes.br\/ppgbot\/wp-json\/wp\/v2\/types\/page"}],"author":[{"embeddable":true,"href":"https:\/\/www.posgraduacao.unimontes.br\/ppgbot\/wp-json\/wp\/v2\/users\/5"}],"replies":[{"embeddable":true,"href":"https:\/\/www.posgraduacao.unimontes.br\/ppgbot\/wp-json\/wp\/v2\/comments?post=36"}],"version-history":[{"count":5,"href":"https:\/\/www.posgraduacao.unimontes.br\/ppgbot\/wp-json\/wp\/v2\/pages\/36\/revisions"}],"predecessor-version":[{"id":3075,"href":"https:\/\/www.posgraduacao.unimontes.br\/ppgbot\/wp-json\/wp\/v2\/pages\/36\/revisions\/3075"}],"wp:attachment":[{"href":"https:\/\/www.posgraduacao.unimontes.br\/ppgbot\/wp-json\/wp\/v2\/media?parent=36"}],"curies":[{"name":"wp","href":"https:\/\/api.w.org\/{rel}","templated":true}]}}