{"id":34,"date":"2018-10-25T09:45:56","date_gmt":"2018-10-25T11:45:56","guid":{"rendered":"http:\/\/www.posgraduacao.unimontes.br\/ppgba\/?page_id=34"},"modified":"2021-05-13T17:20:50","modified_gmt":"2021-05-13T20:20:50","slug":"projetos","status":"publish","type":"page","link":"https:\/\/www.posgraduacao.unimontes.br\/ppgbot\/projetos\/","title":{"rendered":"Projetos"},"content":{"rendered":"<section class=\"kc-elm kc-css-500787 kc_row\"><div class=\"kc-row-container  kc-container\"><div class=\"kc-wrap-columns\"><div class=\"kc-elm kc-css-796606 kc_col-sm-12 kc_column kc_col-sm-12\"><div class=\"kc-col-container\"><\/div><\/div><\/div><\/div><\/section><section class=\"kc-elm kc-css-253288 kc_row\"><div class=\"kc-row-container  kc-container\"><div class=\"kc-wrap-columns\"><div class=\"kc-elm kc-css-415822 kc_column kc_col-sm-12\"><div class=\"kc-col-container\"><div class=\"kc-elm kc-css-949665\" style=\"height: 20px; clear: both; width:100%;\"><\/div>\n<div class=\"kc-elm kc-css-585643\">\n\t<a class=\"kc_button\" href=\"https:\/\/www.posgraduacao.unimontes.br\/ppgbot\/peld\/\" target=\"_self\" title=\"\" onclick=\"\">\n\t\tPELD VEREDAS\t<\/a>\n<\/div>\n<div class=\"kc-elm kc-css-763386\" style=\"height: 20px; clear: both; width:100%;\"><\/div><div class=\"kc-image-gallery kc-elm kc-css-434680\">\n<div class=\"kc_image_gallery kc-carousel-image kc-grid \">\n<div class=\"item-grid grid-4\"><img src=\"https:\/\/www.posgraduacao.unimontes.br\/uploads\/sites\/17\/2021\/05\/logo-Peld-imagem.jpg\" alt=\"\"\/><\/div><\/div>\n<\/div><div class=\"kc-elm kc-css-32660\" style=\"height: 20px; clear: both; width:100%;\"><\/div>\n<div class=\"kc-elm kc-css-137550\">\n\t<a class=\"kc_button\" href=\"http:\/\/labs.icb.ufmg.br\/leeb\/projetos_peld.html\" target=\"_self\" title=\"\" onclick=\"\">\n\t\tPELD CIPO\t<\/a>\n<\/div>\n<div class=\"kc-elm kc-css-144281\" style=\"height: 20px; clear: both; width:100%;\"><\/div><div class=\"kc-image-gallery kc-elm kc-css-588262\">\n<div class=\"kc_image_gallery kc-carousel-image kc-grid \">\n<div class=\"item-grid grid-4\"><img src=\"https:\/\/www.posgraduacao.unimontes.br\/uploads\/sites\/17\/2021\/05\/Logo-PELD-CIPO.gif\" alt=\"\"\/><\/div><\/div>\n<\/div><div class=\"kc-elm kc-css-683048\" style=\"height: 20px; clear: both; width:100%;\"><\/div>\n<div class=\"kc-elm kc-css-790828\">\n\t<a class=\"kc_button\" href=\"https:\/\/www.posgraduacao.unimontes.br\/ppgbot\/programa-insercao-da-botanica\/\" target=\"_self\" title=\"\" onclick=\"\">\n\t\tInser\u00e7\u00e3o da Bot\u00e2nica \t<\/a>\n<\/div>\n<div class=\"kc-elm kc-css-109988\" style=\"height: 20px; clear: both; width:100%;\"><\/div><div class=\"kc-image-gallery kc-elm kc-css-122111\">\n<div class=\"kc_image_gallery kc-carousel-image kc-grid \">\n<div class=\"item-grid grid-4\"><img src=\"https:\/\/www.posgraduacao.unimontes.br\/uploads\/sites\/17\/2020\/07\/Logo-Inser\u00e7\u00e3o-da-Botanica-e1595427777849.jpg\" alt=\"\"\/><\/div><\/div>\n<\/div><\/div><\/div><\/div><\/div><\/section>\n","protected":false},"excerpt":{"rendered":"","protected":false},"author":5,"featured_media":0,"parent":0,"menu_order":0,"comment_status":"closed","ping_status":"closed","template":"","meta":[],"yoast_head":"<!-- This site is optimized with the Yoast SEO plugin v14.7 - https:\/\/yoast.com\/wordpress\/plugins\/seo\/ -->\n<title>Projetos - PPGBOT - P\u00f3s Gradua\u00e7\u00e3o em Bot\u00e2nica Aplicada<\/title>\n<meta name=\"robots\" content=\"index, follow\" \/>\n<meta name=\"googlebot\" content=\"index, follow, max-snippet:-1, max-image-preview:large, max-video-preview:-1\" \/>\n<meta name=\"bingbot\" content=\"index, follow, max-snippet:-1, max-image-preview:large, max-video-preview:-1\" \/>\n<link rel=\"canonical\" href=\"https:\/\/www.posgraduacao.unimontes.br\/ppgbot\/projetos\/\" \/>\n<meta property=\"og:locale\" content=\"pt_BR\" \/>\n<meta property=\"og:type\" content=\"article\" \/>\n<meta property=\"og:title\" content=\"Projetos - PPGBOT - P\u00f3s Gradua\u00e7\u00e3o em Bot\u00e2nica Aplicada\" \/>\n<meta property=\"og:description\" content=\"PELD VEREDAS PELD CIPO Inser\u00e7\u00e3o da Bot\u00e2nica\" \/>\n<meta property=\"og:url\" content=\"https:\/\/www.posgraduacao.unimontes.br\/ppgbot\/projetos\/\" \/>\n<meta property=\"og:site_name\" content=\"PPGBOT - P\u00f3s Gradua\u00e7\u00e3o em Bot\u00e2nica Aplicada\" \/>\n<meta property=\"article:modified_time\" content=\"2021-05-13T20:20:50+00:00\" \/>\n<meta property=\"og:image\" content=\"http:\/\/www.posgraduacao.unimontes.br\/uploads\/sites\/17\/2021\/05\/logo-Peld-imagem.jpg\" \/>\n<meta name=\"twitter:card\" content=\"summary_large_image\" \/>\n<script type=\"application\/ld+json\" class=\"yoast-schema-graph\">{\"@context\":\"https:\/\/schema.org\",\"@graph\":[{\"@type\":\"WebSite\",\"@id\":\"https:\/\/www.posgraduacao.unimontes.br\/ppgbot\/#website\",\"url\":\"https:\/\/www.posgraduacao.unimontes.br\/ppgbot\/\",\"name\":\"PPGBOT - P\\u00f3s Gradua\\u00e7\\u00e3o em Bot\\u00e2nica Aplicada\",\"description\":\"\",\"potentialAction\":[{\"@type\":\"SearchAction\",\"target\":\"https:\/\/www.posgraduacao.unimontes.br\/ppgbot\/?s={search_term_string}\",\"query-input\":\"required name=search_term_string\"}],\"inLanguage\":\"pt-BR\"},{\"@type\":\"ImageObject\",\"@id\":\"https:\/\/www.posgraduacao.unimontes.br\/ppgbot\/projetos\/#primaryimage\",\"inLanguage\":\"pt-BR\",\"url\":\"http:\/\/www.posgraduacao.unimontes.br\/uploads\/sites\/17\/2021\/05\/logo-Peld-imagem.jpg\"},{\"@type\":\"WebPage\",\"@id\":\"https:\/\/www.posgraduacao.unimontes.br\/ppgbot\/projetos\/#webpage\",\"url\":\"https:\/\/www.posgraduacao.unimontes.br\/ppgbot\/projetos\/\",\"name\":\"Projetos - PPGBOT - P\\u00f3s Gradua\\u00e7\\u00e3o em Bot\\u00e2nica Aplicada\",\"isPartOf\":{\"@id\":\"https:\/\/www.posgraduacao.unimontes.br\/ppgbot\/#website\"},\"primaryImageOfPage\":{\"@id\":\"https:\/\/www.posgraduacao.unimontes.br\/ppgbot\/projetos\/#primaryimage\"},\"datePublished\":\"2018-10-25T11:45:56+00:00\",\"dateModified\":\"2021-05-13T20:20:50+00:00\",\"inLanguage\":\"pt-BR\",\"potentialAction\":[{\"@type\":\"ReadAction\",\"target\":[\"https:\/\/www.posgraduacao.unimontes.br\/ppgbot\/projetos\/\"]}]}]}<\/script>\n<!-- \/ Yoast SEO plugin. -->","_links":{"self":[{"href":"https:\/\/www.posgraduacao.unimontes.br\/ppgbot\/wp-json\/wp\/v2\/pages\/34"}],"collection":[{"href":"https:\/\/www.posgraduacao.unimontes.br\/ppgbot\/wp-json\/wp\/v2\/pages"}],"about":[{"href":"https:\/\/www.posgraduacao.unimontes.br\/ppgbot\/wp-json\/wp\/v2\/types\/page"}],"author":[{"embeddable":true,"href":"https:\/\/www.posgraduacao.unimontes.br\/ppgbot\/wp-json\/wp\/v2\/users\/5"}],"replies":[{"embeddable":true,"href":"https:\/\/www.posgraduacao.unimontes.br\/ppgbot\/wp-json\/wp\/v2\/comments?post=34"}],"version-history":[{"count":26,"href":"https:\/\/www.posgraduacao.unimontes.br\/ppgbot\/wp-json\/wp\/v2\/pages\/34\/revisions"}],"predecessor-version":[{"id":1405,"href":"https:\/\/www.posgraduacao.unimontes.br\/ppgbot\/wp-json\/wp\/v2\/pages\/34\/revisions\/1405"}],"wp:attachment":[{"href":"https:\/\/www.posgraduacao.unimontes.br\/ppgbot\/wp-json\/wp\/v2\/media?parent=34"}],"curies":[{"name":"wp","href":"https:\/\/api.w.org\/{rel}","templated":true}]}}