{"id":32,"date":"2018-10-25T09:45:40","date_gmt":"2018-10-25T11:45:40","guid":{"rendered":"http:\/\/www.posgraduacao.unimontes.br\/ppgba\/?page_id=32"},"modified":"2019-01-24T16:02:16","modified_gmt":"2019-01-24T18:02:16","slug":"linha-de-pesquisa","status":"publish","type":"page","link":"https:\/\/www.posgraduacao.unimontes.br\/ppgbot\/linha-de-pesquisa\/","title":{"rendered":"Linhas de Pesquisa"},"content":{"rendered":"<p><strong>Linha <\/strong><strong>de pesquisa 1 &#8211; Descri\u00e7\u00e3o e organiza\u00e7\u00e3o da flora<\/strong><\/p>\n<div>A linha de pesquisa \u201cDescri\u00e7\u00e3o e organiza\u00e7\u00e3o da flora\u201d visa contemplar tanto o conhecimento a n\u00edvel de descri\u00e7\u00e3o, englobando a taxonomia, bot\u00e2nica estrutural e ecofisiologia, como a n\u00edvel de organiza\u00e7\u00e3o, focada na flor\u00edstica, estrutura, fitogeografia e gen\u00e9tica dos recursos vegetais, dos biomas Cerrado, Caatinga e Mata Atl\u00e2ntica e suas \u00e1reas transicionais. Dentro desta perspectiva, estudos morfol\u00f3gicos, anat\u00f4micos, fisiol\u00f3gicos, ecol\u00f3gicos e gen\u00e9ticos da flora das diferentes forma\u00e7\u00f5es vegetais naturais e suas varia\u00e7\u00f5es intra e interespec\u00edficas ser\u00e3o utilizados como base para solucionar quest\u00f5es socioambientais.<\/div>\n<p>&nbsp;<\/p>\n<p><strong>Linha de pesquisa 2 &#8211; Uso da flora<\/strong><\/p>\n<div>A linha de pesquisa \u201cUso da flora\u201d visa fomentar conhecimento cient\u00edfico sobre os processos naturais, como<\/div>\n<div>poliniza\u00e7\u00e3o, dispers\u00e3o de sementes, propaga\u00e7\u00e3o, ciclagem de nutrientes, regenera\u00e7\u00e3o natural, fluxo g\u00eanico, entre outros, que possam ser aplicados no uso, dosmetica\u00e7\u00e3o, manejo e conserva\u00e7\u00e3o da diversidade vegetal, bem como na restaura\u00e7\u00e3o ambiental, dentro dos biomas ocorrentes no estado de Minas Gerais e suas \u00e1reas transicionais. Neste contexto, ser\u00e3o utilizadas informa\u00e7\u00f5es da flora de interesse econ\u00f4mico e import\u00e2ncia ecol\u00f3gica, como plantas aliment\u00edcias, daninhas, medicinais, bioindicadoras e com outras potencialidades.<\/div>\n","protected":false},"excerpt":{"rendered":"<p>Linha de pesquisa 1 &#8211; Descri\u00e7\u00e3o e organiza\u00e7\u00e3o da flora A linha de pesquisa \u201cDescri\u00e7\u00e3o e organiza\u00e7\u00e3o da flora\u201d visa contemplar tanto o conhecimento a n\u00edvel de descri\u00e7\u00e3o, englobando a taxonomia, bot\u00e2nica estrutural e ecofisiologia, como a n\u00edvel de organiza\u00e7\u00e3o, focada na flor\u00edstica, estrutura, fitogeografia e gen\u00e9tica dos recursos vegetais, dos biomas Cerrado, Caatinga e [&hellip;]<\/p>\n","protected":false},"author":5,"featured_media":0,"parent":0,"menu_order":0,"comment_status":"closed","ping_status":"closed","template":"","meta":[],"yoast_head":"<!-- This site is optimized with the Yoast SEO plugin v14.7 - https:\/\/yoast.com\/wordpress\/plugins\/seo\/ -->\n<title>Linhas de Pesquisa - PPGBOT - P\u00f3s Gradua\u00e7\u00e3o em Bot\u00e2nica Aplicada<\/title>\n<meta name=\"robots\" content=\"index, follow\" \/>\n<meta name=\"googlebot\" content=\"index, follow, max-snippet:-1, max-image-preview:large, max-video-preview:-1\" \/>\n<meta name=\"bingbot\" content=\"index, follow, max-snippet:-1, max-image-preview:large, max-video-preview:-1\" \/>\n<link rel=\"canonical\" href=\"https:\/\/www.posgraduacao.unimontes.br\/ppgbot\/linha-de-pesquisa\/\" \/>\n<meta property=\"og:locale\" content=\"pt_BR\" \/>\n<meta property=\"og:type\" content=\"article\" \/>\n<meta property=\"og:title\" content=\"Linhas de Pesquisa - PPGBOT - P\u00f3s Gradua\u00e7\u00e3o em Bot\u00e2nica Aplicada\" \/>\n<meta property=\"og:description\" content=\"Linha de pesquisa 1 &#8211; Descri\u00e7\u00e3o e organiza\u00e7\u00e3o da flora A linha de pesquisa \u201cDescri\u00e7\u00e3o e organiza\u00e7\u00e3o da flora\u201d visa contemplar tanto o conhecimento a n\u00edvel de descri\u00e7\u00e3o, englobando a taxonomia, bot\u00e2nica estrutural e ecofisiologia, como a n\u00edvel de organiza\u00e7\u00e3o, focada na flor\u00edstica, estrutura, fitogeografia e gen\u00e9tica dos recursos vegetais, dos biomas Cerrado, Caatinga e [&hellip;]\" \/>\n<meta property=\"og:url\" content=\"https:\/\/www.posgraduacao.unimontes.br\/ppgbot\/linha-de-pesquisa\/\" \/>\n<meta property=\"og:site_name\" content=\"PPGBOT - P\u00f3s Gradua\u00e7\u00e3o em Bot\u00e2nica Aplicada\" \/>\n<meta property=\"article:modified_time\" content=\"2019-01-24T18:02:16+00:00\" \/>\n<meta name=\"twitter:card\" content=\"summary_large_image\" \/>\n<script type=\"application\/ld+json\" class=\"yoast-schema-graph\">{\"@context\":\"https:\/\/schema.org\",\"@graph\":[{\"@type\":\"WebSite\",\"@id\":\"https:\/\/www.posgraduacao.unimontes.br\/ppgbot\/#website\",\"url\":\"https:\/\/www.posgraduacao.unimontes.br\/ppgbot\/\",\"name\":\"PPGBOT - P\\u00f3s Gradua\\u00e7\\u00e3o em Bot\\u00e2nica Aplicada\",\"description\":\"\",\"potentialAction\":[{\"@type\":\"SearchAction\",\"target\":\"https:\/\/www.posgraduacao.unimontes.br\/ppgbot\/?s={search_term_string}\",\"query-input\":\"required name=search_term_string\"}],\"inLanguage\":\"pt-BR\"},{\"@type\":\"WebPage\",\"@id\":\"https:\/\/www.posgraduacao.unimontes.br\/ppgbot\/linha-de-pesquisa\/#webpage\",\"url\":\"https:\/\/www.posgraduacao.unimontes.br\/ppgbot\/linha-de-pesquisa\/\",\"name\":\"Linhas de Pesquisa - PPGBOT - P\\u00f3s Gradua\\u00e7\\u00e3o em Bot\\u00e2nica Aplicada\",\"isPartOf\":{\"@id\":\"https:\/\/www.posgraduacao.unimontes.br\/ppgbot\/#website\"},\"datePublished\":\"2018-10-25T11:45:40+00:00\",\"dateModified\":\"2019-01-24T18:02:16+00:00\",\"inLanguage\":\"pt-BR\",\"potentialAction\":[{\"@type\":\"ReadAction\",\"target\":[\"https:\/\/www.posgraduacao.unimontes.br\/ppgbot\/linha-de-pesquisa\/\"]}]}]}<\/script>\n<!-- \/ Yoast SEO plugin. -->","_links":{"self":[{"href":"https:\/\/www.posgraduacao.unimontes.br\/ppgbot\/wp-json\/wp\/v2\/pages\/32"}],"collection":[{"href":"https:\/\/www.posgraduacao.unimontes.br\/ppgbot\/wp-json\/wp\/v2\/pages"}],"about":[{"href":"https:\/\/www.posgraduacao.unimontes.br\/ppgbot\/wp-json\/wp\/v2\/types\/page"}],"author":[{"embeddable":true,"href":"https:\/\/www.posgraduacao.unimontes.br\/ppgbot\/wp-json\/wp\/v2\/users\/5"}],"replies":[{"embeddable":true,"href":"https:\/\/www.posgraduacao.unimontes.br\/ppgbot\/wp-json\/wp\/v2\/comments?post=32"}],"version-history":[{"count":5,"href":"https:\/\/www.posgraduacao.unimontes.br\/ppgbot\/wp-json\/wp\/v2\/pages\/32\/revisions"}],"predecessor-version":[{"id":311,"href":"https:\/\/www.posgraduacao.unimontes.br\/ppgbot\/wp-json\/wp\/v2\/pages\/32\/revisions\/311"}],"wp:attachment":[{"href":"https:\/\/www.posgraduacao.unimontes.br\/ppgbot\/wp-json\/wp\/v2\/media?parent=32"}],"curies":[{"name":"wp","href":"https:\/\/api.w.org\/{rel}","templated":true}]}}