{"id":2851,"date":"2024-12-10T11:13:58","date_gmt":"2024-12-10T14:13:58","guid":{"rendered":"https:\/\/www.posgraduacao.unimontes.br\/ppgbot\/?page_id=2851"},"modified":"2025-02-20T10:57:45","modified_gmt":"2025-02-20T13:57:45","slug":"i-processo-seletivo-2025","status":"publish","type":"page","link":"https:\/\/www.posgraduacao.unimontes.br\/ppgbot\/i-processo-seletivo-2025\/","title":{"rendered":"I Processo Seletivo 2025"},"content":{"rendered":"<section class=\"kc-elm kc-css-154153 kc_row\"><div class=\"kc-row-container  kc-container\"><div class=\"kc-wrap-columns\"><div class=\"kc-elm kc-css-938673 kc_column kc_col-sm-12\"><div class=\"kc-col-container\"><div class=\"kc-elm kc-css-386134 kc_text_block\"><p><span style=\"vertical-align: inherit;\"><span style=\"vertical-align: inherit;\">O Programa de P\u00f3s-Gradua\u00e7\u00e3o em Bot\u00e2nica Aplicada lan\u00e7a Edital para o seu 13\u00b0 processo seletivo de alunos regulares, com entrada no 1\u00b0 semestre de 2025. Ser\u00e3o oferecidas 20 vagas neste processo e o per\u00edodo de inscri\u00e7\u00f5es \u00e9 do dia 18\/12\/2024 at\u00e9 31\/01\/2025.<\/span><\/span><\/p>\n<div class=\"wp-block-button\">\n<div class=\"wp-block-button\"><a class=\"wp-block-button__link has-text-color has-very-dark-gray-color has-background has-vivid-green-cyan-background-color\" href=\"https:\/\/unimontes.br\/wp-content\/uploads\/2024\/12\/Edital-01-25-do-Processo-Seletivo-Regular-do-PPGBOT.docx.pdf\"><span style=\"vertical-align: inherit;\">Edital n\u00ba 01\/2025 &#8211; Processo Seletivo Regular<\/span><\/a><\/div>\n<\/div>\n<div>\u00a0<\/div>\n<div>\n<div class=\"wp-block-button\">\n<div class=\"wp-block-button\"><a class=\"wp-block-button__link has-text-color has-very-dark-gray-color has-background has-vivid-green-cyan-background-color\" href=\"http:\/\/www.posgraduacao.unimontes.br\/uploads\/sites\/17\/2025\/02\/Homologa\u00e7\u00e3o-EDITAL-N\u00ba-01-2025.pdf\"><span style=\"vertical-align: inherit;\">Homologa\u00e7\u00e3o das inscri\u00e7\u00f5es EDITAL N\u00ba 01\/2025<\/span><\/a><\/div>\n<\/div>\n<\/div>\n<div>\u00a0<\/div>\n<div class=\"wp-block-button\"><a class=\"wp-block-button__link has-text-color has-very-dark-gray-color has-background has-vivid-green-cyan-background-color\" href=\"http:\/\/www.posgraduacao.unimontes.br\/uploads\/sites\/17\/2025\/02\/Homologa\u00e7\u00e3o-1Rretifica\u00e7\u00e3o-EDITAL-N\u00ba-01-2025.pdf\"><span style=\"vertical-align: inherit;\">1\u00b0 Retifica\u00e7\u00e3o da Homologa\u00e7\u00e3o das inscri\u00e7\u00f5es EDITAL N\u00ba 01\/2025<\/span><\/a><\/div>\n<div>\u00a0<\/div>\n<div><a class=\"wp-block-button__link has-text-color has-very-dark-gray-color has-background has-vivid-green-cyan-background-color\" href=\"https:\/\/unimontes.br\/wp-content\/uploads\/2024\/12\/Resultado-Preliminar-Edital-1-2025-1.pdf\"><span style=\"vertical-align: inherit;\">Resultado Preliminar &#8211; EDITAL N\u00ba 01\/2025<\/span><\/a><\/div>\n<div>\u00a0<\/div>\n<div><a class=\"wp-block-button__link has-text-color has-very-dark-gray-color has-background has-vivid-green-cyan-background-color\" href=\"https:\/\/unimontes.br\/wp-content\/uploads\/2024\/12\/Resultado-Final-Edital-1-2025_ppgbot.pdf\"><span style=\"vertical-align: inherit;\">Resultado Final &#8211; EDITAL N\u00ba 01\/2025<\/span><\/a><\/div>\n<\/div><div class=\"kc-elm kc-css-428177\" style=\"height: 20px; clear: both; width:100%;\"><\/div><div class=\"kc-elm kc-css-850433\" style=\"height: 20px; clear: both; width:100%;\"><\/div><div class=\"kc-elm kc-css-96826 kc_text_block\"><p><span style=\"font-style: inherit;\">O Programa de P\u00f3s-Gradua\u00e7\u00e3o em Bot\u00e2nica Aplicada lan\u00e7a Edital para processo seletivo de disciplinas isoladas, com entrada no 1\u00b0 semestre de 2025. O per\u00edodo de inscri\u00e7\u00f5es \u00e9 do dia 18\/12\/2025 at\u00e9 06\/02\/2025 .<\/span><\/p>\n<div class=\"wp-block-button\">\n<div class=\"wp-block-button\">\n<div class=\"wp-block-button\">\n<div class=\"wp-block-button\"><a class=\"wp-block-button__link has-text-color has-very-dark-gray-color has-background has-vivid-green-cyan-background-color\" href=\"https:\/\/unimontes.br\/wp-content\/uploads\/2024\/12\/Edital-01-25-Disciplinas-Isoladas-do-PPGBOT.docx.pdf\"><span style=\"vertical-align: inherit;\"><span style=\"vertical-align: inherit;\"><span style=\"vertical-align: inherit;\"><span style=\"vertical-align: inherit;\"><span style=\"vertical-align: inherit;\"><span style=\"vertical-align: inherit;\"><span style=\"vertical-align: inherit;\">Edital n\u00ba 01\/2025 &#8211; Processo Seletivo de Disciplinas Isoladas<\/span><\/span><\/span><\/span><\/span><\/span><\/span><\/a><\/div>\n<\/div>\n<\/div>\n<\/div>\n<div>\u00a0<\/div>\n<div><a class=\"wp-block-button__link has-text-color has-very-dark-gray-color has-background has-vivid-green-cyan-background-color\" href=\"https:\/\/unimontes.br\/wp-content\/uploads\/2024\/12\/Resultado-para-disciplinas-isoladas.pdf\"><span style=\"vertical-align: inherit;\">Resultado Final &#8211; Edital n\u00ba 01\/2025 &#8211; Processo Seletivo de Disciplinas Isoladas<\/span><\/a><\/div>\n<div class=\"wp-block-button\">\n<div class=\"wp-block-button\">\n<div class=\"wp-block-button\">\n<div>\u00a0<\/div>\n<\/div>\n<\/div>\n<\/div>\n<\/div><\/div><\/div><\/div><\/div><\/section><section class=\"kc-elm kc-css-256718 kc_row\"><div class=\"kc-row-container  kc-container\"><div class=\"kc-wrap-columns\"><div class=\"kc-elm kc-css-50394 kc_col-sm-12 kc_column kc_col-sm-12\"><div class=\"kc-col-container\"><\/div><\/div><\/div><\/div><\/section>\n","protected":false},"excerpt":{"rendered":"","protected":false},"author":13,"featured_media":0,"parent":0,"menu_order":0,"comment_status":"closed","ping_status":"closed","template":"","meta":[],"yoast_head":"<!-- This site is optimized with the Yoast SEO plugin v14.7 - https:\/\/yoast.com\/wordpress\/plugins\/seo\/ -->\n<title>I Processo Seletivo 2025 - PPGBOT - P\u00f3s Gradua\u00e7\u00e3o em Bot\u00e2nica Aplicada<\/title>\n<meta name=\"robots\" content=\"index, follow\" \/>\n<meta name=\"googlebot\" content=\"index, follow, max-snippet:-1, max-image-preview:large, max-video-preview:-1\" \/>\n<meta name=\"bingbot\" content=\"index, follow, max-snippet:-1, max-image-preview:large, max-video-preview:-1\" \/>\n<link rel=\"canonical\" href=\"https:\/\/www.posgraduacao.unimontes.br\/ppgbot\/i-processo-seletivo-2025\/\" \/>\n<meta property=\"og:locale\" content=\"pt_BR\" \/>\n<meta property=\"og:type\" content=\"article\" \/>\n<meta property=\"og:title\" content=\"I Processo Seletivo 2025 - PPGBOT - P\u00f3s Gradua\u00e7\u00e3o em Bot\u00e2nica Aplicada\" \/>\n<meta property=\"og:description\" content=\"O Programa de P\u00f3s-Gradua\u00e7\u00e3o em Bot\u00e2nica Aplicada lan\u00e7a Edital para o seu 13\u00b0 processo seletivo de alunos regulares, com entrada no 1\u00b0 semestre de 2025. Ser\u00e3o oferecidas 20 vagas neste processo e o per\u00edodo de inscri\u00e7\u00f5es \u00e9 do dia 18\/12\/2024 at\u00e9 31\/01\/2025. Edital n\u00ba 01\/2025 &#8211; Processo Seletivo Regular \u00a0 Homologa\u00e7\u00e3o das inscri\u00e7\u00f5es EDITAL N\u00ba [&hellip;]\" \/>\n<meta property=\"og:url\" content=\"https:\/\/www.posgraduacao.unimontes.br\/ppgbot\/i-processo-seletivo-2025\/\" \/>\n<meta property=\"og:site_name\" content=\"PPGBOT - P\u00f3s Gradua\u00e7\u00e3o em Bot\u00e2nica Aplicada\" \/>\n<meta property=\"article:modified_time\" content=\"2025-02-20T13:57:45+00:00\" \/>\n<meta name=\"twitter:card\" content=\"summary_large_image\" \/>\n<script type=\"application\/ld+json\" class=\"yoast-schema-graph\">{\"@context\":\"https:\/\/schema.org\",\"@graph\":[{\"@type\":\"WebSite\",\"@id\":\"https:\/\/www.posgraduacao.unimontes.br\/ppgbot\/#website\",\"url\":\"https:\/\/www.posgraduacao.unimontes.br\/ppgbot\/\",\"name\":\"PPGBOT - P\\u00f3s Gradua\\u00e7\\u00e3o em Bot\\u00e2nica Aplicada\",\"description\":\"\",\"potentialAction\":[{\"@type\":\"SearchAction\",\"target\":\"https:\/\/www.posgraduacao.unimontes.br\/ppgbot\/?s={search_term_string}\",\"query-input\":\"required name=search_term_string\"}],\"inLanguage\":\"pt-BR\"},{\"@type\":\"WebPage\",\"@id\":\"https:\/\/www.posgraduacao.unimontes.br\/ppgbot\/i-processo-seletivo-2025\/#webpage\",\"url\":\"https:\/\/www.posgraduacao.unimontes.br\/ppgbot\/i-processo-seletivo-2025\/\",\"name\":\"I Processo Seletivo 2025 - PPGBOT - P\\u00f3s Gradua\\u00e7\\u00e3o em Bot\\u00e2nica Aplicada\",\"isPartOf\":{\"@id\":\"https:\/\/www.posgraduacao.unimontes.br\/ppgbot\/#website\"},\"datePublished\":\"2024-12-10T14:13:58+00:00\",\"dateModified\":\"2025-02-20T13:57:45+00:00\",\"inLanguage\":\"pt-BR\",\"potentialAction\":[{\"@type\":\"ReadAction\",\"target\":[\"https:\/\/www.posgraduacao.unimontes.br\/ppgbot\/i-processo-seletivo-2025\/\"]}]}]}<\/script>\n<!-- \/ Yoast SEO plugin. -->","_links":{"self":[{"href":"https:\/\/www.posgraduacao.unimontes.br\/ppgbot\/wp-json\/wp\/v2\/pages\/2851"}],"collection":[{"href":"https:\/\/www.posgraduacao.unimontes.br\/ppgbot\/wp-json\/wp\/v2\/pages"}],"about":[{"href":"https:\/\/www.posgraduacao.unimontes.br\/ppgbot\/wp-json\/wp\/v2\/types\/page"}],"author":[{"embeddable":true,"href":"https:\/\/www.posgraduacao.unimontes.br\/ppgbot\/wp-json\/wp\/v2\/users\/13"}],"replies":[{"embeddable":true,"href":"https:\/\/www.posgraduacao.unimontes.br\/ppgbot\/wp-json\/wp\/v2\/comments?post=2851"}],"version-history":[{"count":11,"href":"https:\/\/www.posgraduacao.unimontes.br\/ppgbot\/wp-json\/wp\/v2\/pages\/2851\/revisions"}],"predecessor-version":[{"id":2912,"href":"https:\/\/www.posgraduacao.unimontes.br\/ppgbot\/wp-json\/wp\/v2\/pages\/2851\/revisions\/2912"}],"wp:attachment":[{"href":"https:\/\/www.posgraduacao.unimontes.br\/ppgbot\/wp-json\/wp\/v2\/media?parent=2851"}],"curies":[{"name":"wp","href":"https:\/\/api.w.org\/{rel}","templated":true}]}}