{"id":28,"date":"2018-10-25T09:45:08","date_gmt":"2018-10-25T11:45:08","guid":{"rendered":"http:\/\/www.posgraduacao.unimontes.br\/ppgba\/?page_id=28"},"modified":"2025-02-05T09:25:34","modified_gmt":"2025-02-05T12:25:34","slug":"formularios-e-orientacoes","status":"publish","type":"page","link":"https:\/\/www.posgraduacao.unimontes.br\/ppgbot\/formularios-e-orientacoes\/","title":{"rendered":"Formul\u00e1rios e Orienta\u00e7\u00f5es"},"content":{"rendered":"<section class=\"kc-elm kc-css-229272 kc_row\"><div class=\"kc-row-container  kc-container\"><div class=\"kc-wrap-columns\"><div class=\"kc-elm kc-css-455953 kc_col-sm-12 kc_column kc_col-sm-12\"><div class=\"kc-col-container\"><div class=\"kc-elm kc-css-945755\" style=\"height: 20px; clear: both; width:100%;\"><\/div>\n<div class=\"kc-elm kc-css-954306\">\n\t<a class=\"kc_button\" href=\"http:\/\/www.posgraduacao.unimontes.br\/uploads\/sites\/17\/2019\/02\/Informa\u00e7\u00f5es-para-Primeira-Matricula.pdf\" target=\"_self\" title=\"\" onclick=\"\">\n\t\tInforma\u00e7\u00f5es para a Primeira Matr\u00edcula\t<\/a>\n<\/div>\n<\/div><\/div><\/div><\/div><\/section><section class=\"kc-elm kc-css-190532 kc_row\"><div class=\"kc-row-container  kc-container\"><div class=\"kc-wrap-columns\"><div class=\"kc-elm kc-css-327705 kc_col-sm-12 kc_column kc_col-sm-12\"><div class=\"kc-col-container\"><div class=\"kc-elm kc-css-494219\" style=\"height: 20px; clear: both; width:100%;\"><\/div><\/div><\/div><\/div><\/div><\/section><section class=\"kc-elm kc-css-360709 kc_row\"><div class=\"kc-row-container  kc-container\"><div class=\"kc-wrap-columns\"><div class=\"kc-elm kc-css-545205 kc_col-sm-12 kc_column kc_col-sm-12\"><div class=\"kc-col-container\">\n<div class=\"kc-elm kc-css-590090\">\n\t<a class=\"kc_button\" href=\"https:\/\/www.posgraduacao.unimontes.br\/ppgbot\/ficha-de-matricula\/\" target=\"_blank\" title=\"\" onclick=\"\">\n\t\tFormul\u00e1rio Matr\u00edcula\t<\/a>\n<\/div>\n<div class=\"kc-elm kc-css-44142\" style=\"height: 20px; clear: both; width:100%;\"><\/div>\n<div class=\"kc-elm kc-css-384060\">\n\t<a class=\"kc_button\" href=\"http:\/\/www.posgraduacao.unimontes.br\/uploads\/sites\/17\/2024\/06\/BAREMA-ATIVIDADES-COMPLEMENTARES.pdf\" target=\"_blank\" title=\"\" onclick=\"\">\n\t\tBarema de Atividades Complementares\t<\/a>\n<\/div>\n<div class=\"kc-elm kc-css-549030\" style=\"height: 20px; clear: both; width:100%;\"><\/div>\n<div class=\"kc-elm kc-css-503607\">\n\t<a class=\"kc_button\" href=\"https:\/\/www.posgraduacao.unimontes.br\/ppgbot\/relatorio-de-atividade-de-bolsista-ppgbot\/\" target=\"_blank\" title=\"\" onclick=\"\">\n\t\tRelat\u00f3rio de Atividades Discentes PPGBOT\t<\/a>\n<\/div>\n<div class=\"kc-elm kc-css-839004\" style=\"height: 20px; clear: both; width:100%;\"><\/div>\n<div class=\"kc-elm kc-css-77589\">\n\t<a class=\"kc_button\" href=\"https:\/\/www.posgraduacao.unimontes.br\/ppgbot\/credenciamento-coorientador\/\" target=\"_blank\" title=\"\" onclick=\"\">\n\t\tFormul\u00e1rio Credenciamento Coorientador\t<\/a>\n<\/div>\n<div class=\"kc-elm kc-css-898602\" style=\"height: 20px; clear: both; width:100%;\"><\/div>\n<div class=\"kc-elm kc-css-38623\">\n\t<a class=\"kc_button\" href=\"https:\/\/www.posgraduacao.unimontes.br\/ppgbot\/justificativa-credenciamento-de-coorientador\/\" target=\"_blank\" title=\"\" onclick=\"\">\n\t\tJustificativa Coorienta\u00e7\u00e3o\t<\/a>\n<\/div>\n<div class=\"kc-elm kc-css-145421\" style=\"height: 20px; clear: both; width:100%;\"><\/div>\n<div class=\"kc-elm kc-css-768322\">\n\t<a class=\"kc_button\" href=\"https:\/\/www.posgraduacao.unimontes.br\/ppgbot\/plano-de-estudo\/\" target=\"_blank\" title=\"\" onclick=\"\">\n\t\tPlano de Estudos\t<\/a>\n<\/div>\n<div class=\"kc-elm kc-css-447990\" style=\"height: 20px; clear: both; width:100%;\"><\/div>\n<div class=\"kc-elm kc-css-30930\">\n\t<a class=\"kc_button\" href=\"https:\/\/www.posgraduacao.unimontes.br\/ppgbot\/solicitacao-de-aproveitamento-de-creditos-1\/\" target=\"_blank\" title=\"\" onclick=\"\">\n\t\tSolicita\u00e7\u00e3o Aproveitamento de Cr\u00e9ditos \t<\/a>\n<\/div>\n<div class=\"kc-elm kc-css-405188\" style=\"height: 20px; clear: both; width:100%;\"><\/div>\n<div class=\"kc-elm kc-css-679365\">\n\t<a class=\"kc_button\" href=\"https:\/\/www.posgraduacao.unimontes.br\/ppgbot\/modelo-projeto-ppgbot-2\/\" target=\"_self\" title=\"\" onclick=\"\">\n\t\tModelo Projeto PPGBot\t<\/a>\n<\/div>\n<div class=\"kc-elm kc-css-397406\" style=\"height: 20px; clear: both; width:100%;\"><\/div>\n<div class=\"kc-elm kc-css-926103\">\n\t<a class=\"kc_button\" href=\" https:\/\/www.posgraduacao.unimontes.br\/ppgbot\/modelo-qualificacao-ppgbot-2\/\" target=\"_self\" title=\"\" onclick=\"\">\n\t\tModelo Qualifica\u00e7\u00e3o PPGBot\t<\/a>\n<\/div>\n<div class=\"kc-elm kc-css-954576\" style=\"height: 20px; clear: both; width:100%;\"><\/div>\n<div class=\"kc-elm kc-css-175502\">\n\t<a class=\"kc_button\" href=\"https:\/\/www.posgraduacao.unimontes.br\/ppgbot\/regras-da-qualificacao-1\/\" target=\"_self\" title=\"\" onclick=\"\">\n\t\tRegras da Qualifica\u00e7\u00e3o \t<\/a>\n<\/div>\n<div class=\"kc-elm kc-css-946325\" style=\"height: 20px; clear: both; width:100%;\"><\/div>\n<div class=\"kc-elm kc-css-188801\">\n\t<a class=\"kc_button\" href=\"http:\/\/www.posgraduacao.unimontes.br\/uploads\/sites\/17\/2021\/06\/1-Orienta\u00e7\u00e3o-de-Elabora\u00e7\u00e3o-de-Disserta\u00e7\u00e3o-PPGBOT.pdf\" target=\"_self\" title=\"\" onclick=\"\">\n\t\tOrienta\u00e7\u00e3o Elabora\u00e7\u00e3o de Disserta\u00e7\u00e3o\t<\/a>\n<\/div>\n<div class=\"kc-elm kc-css-291776\" style=\"height: 20px; clear: both; width:100%;\"><\/div>\n<div class=\"kc-elm kc-css-860736\">\n\t<a class=\"kc_button\" href=\"https:\/\/www.posgraduacao.unimontes.br\/ppgbot\/modelo-dissertacao-ppgbot-2\/\" target=\"_blank\" title=\"\" onclick=\"\">\n\t\tModelo Disserta\u00e7\u00e3o PPGBot\t<\/a>\n<\/div>\n<div class=\"kc-elm kc-css-684064\" style=\"height: 20px; clear: both; width:100%;\"><\/div>\n<div class=\"kc-elm kc-css-461403\">\n\t<a class=\"kc_button\" href=\"http:\/\/www.posgraduacao.unimontes.br\/uploads\/sites\/17\/2025\/02\/Agendamento-de-Defesa-de-Disserta\u00e7\u00e3o-PPGBot-2.pdf\" target=\"_self\" title=\"\" onclick=\"\">\n\t\tFormul\u00e1rio de Agendamento Defesa Disserta\u00e7\u00e3o PPGBot\t<\/a>\n<\/div>\n<div class=\"kc-elm kc-css-859797\" style=\"height: 20px; clear: both; width:100%;\"><\/div>\n<div class=\"kc-elm kc-css-498509\">\n\t<a class=\"kc_button\" href=\"http:\/\/www.posgraduacao.unimontes.br\/uploads\/sites\/17\/2021\/06\/4-Normas-para-a-solicita\u00e7\u00e3o-de-Fichas-Catalogr\u00e1ficas.pdf\" target=\"_self\" title=\"\" onclick=\"\">\n\t\tNormas Solicita\u00e7\u00e3o Ficha Catalogr\u00e1fica Unimontes\t<\/a>\n<\/div>\n<div class=\"kc-elm kc-css-668588\" style=\"height: 20px; clear: both; width:100%;\"><\/div>\n<div class=\"kc-elm kc-css-231624\">\n\t<a class=\"kc_button\" href=\"https:\/\/www.posgraduacao.unimontes.br\/ppgbot\/formulario-de-solicitacao-de-ficha-catalografica-unimontes\/\" target=\"_blank\" title=\"\" onclick=\"\">\n\t\tFormul\u00e1rio Solicita\u00e7\u00e3o Ficha Catalogr\u00e1fica Unimontes\t<\/a>\n<\/div>\n<\/div><\/div><\/div><\/div><\/section>\n","protected":false},"excerpt":{"rendered":"","protected":false},"author":5,"featured_media":0,"parent":0,"menu_order":0,"comment_status":"closed","ping_status":"closed","template":"","meta":[],"yoast_head":"<!-- This site is optimized with the Yoast SEO plugin v14.7 - https:\/\/yoast.com\/wordpress\/plugins\/seo\/ -->\n<title>Formul\u00e1rios e Orienta\u00e7\u00f5es  - PPGBOT - P\u00f3s Gradua\u00e7\u00e3o em Bot\u00e2nica Aplicada<\/title>\n<meta name=\"robots\" content=\"index, follow\" \/>\n<meta name=\"googlebot\" content=\"index, follow, max-snippet:-1, max-image-preview:large, max-video-preview:-1\" \/>\n<meta name=\"bingbot\" content=\"index, follow, max-snippet:-1, max-image-preview:large, max-video-preview:-1\" \/>\n<link rel=\"canonical\" href=\"https:\/\/www.posgraduacao.unimontes.br\/ppgbot\/formularios-e-orientacoes\/\" \/>\n<meta property=\"og:locale\" content=\"pt_BR\" \/>\n<meta property=\"og:type\" content=\"article\" \/>\n<meta property=\"og:title\" content=\"Formul\u00e1rios e Orienta\u00e7\u00f5es  - PPGBOT - P\u00f3s Gradua\u00e7\u00e3o em Bot\u00e2nica Aplicada\" \/>\n<meta property=\"og:description\" content=\"Informa\u00e7\u00f5es para a Primeira Matr\u00edcula Formul\u00e1rio Matr\u00edcula Barema de Atividades Complementares Relat\u00f3rio de Atividades Discentes PPGBOT Formul\u00e1rio Credenciamento Coorientador Justificativa Coorienta\u00e7\u00e3o Plano de Estudos Solicita\u00e7\u00e3o Aproveitamento de Cr\u00e9ditos Modelo Projeto PPGBot Modelo Qualifica\u00e7\u00e3o PPGBot Regras da Qualifica\u00e7\u00e3o Orienta\u00e7\u00e3o Elabora\u00e7\u00e3o de Disserta\u00e7\u00e3o Modelo Disserta\u00e7\u00e3o PPGBot Formul\u00e1rio de Agendamento Defesa Disserta\u00e7\u00e3o PPGBot Normas Solicita\u00e7\u00e3o Ficha Catalogr\u00e1fica Unimontes [&hellip;]\" \/>\n<meta property=\"og:url\" content=\"https:\/\/www.posgraduacao.unimontes.br\/ppgbot\/formularios-e-orientacoes\/\" \/>\n<meta property=\"og:site_name\" content=\"PPGBOT - P\u00f3s Gradua\u00e7\u00e3o em Bot\u00e2nica Aplicada\" \/>\n<meta property=\"article:modified_time\" content=\"2025-02-05T12:25:34+00:00\" \/>\n<meta name=\"twitter:card\" content=\"summary_large_image\" \/>\n<script type=\"application\/ld+json\" class=\"yoast-schema-graph\">{\"@context\":\"https:\/\/schema.org\",\"@graph\":[{\"@type\":\"WebSite\",\"@id\":\"https:\/\/www.posgraduacao.unimontes.br\/ppgbot\/#website\",\"url\":\"https:\/\/www.posgraduacao.unimontes.br\/ppgbot\/\",\"name\":\"PPGBOT - P\\u00f3s Gradua\\u00e7\\u00e3o em Bot\\u00e2nica Aplicada\",\"description\":\"\",\"potentialAction\":[{\"@type\":\"SearchAction\",\"target\":\"https:\/\/www.posgraduacao.unimontes.br\/ppgbot\/?s={search_term_string}\",\"query-input\":\"required name=search_term_string\"}],\"inLanguage\":\"pt-BR\"},{\"@type\":\"WebPage\",\"@id\":\"https:\/\/www.posgraduacao.unimontes.br\/ppgbot\/formularios-e-orientacoes\/#webpage\",\"url\":\"https:\/\/www.posgraduacao.unimontes.br\/ppgbot\/formularios-e-orientacoes\/\",\"name\":\"Formul\\u00e1rios e Orienta\\u00e7\\u00f5es - PPGBOT - P\\u00f3s Gradua\\u00e7\\u00e3o em Bot\\u00e2nica Aplicada\",\"isPartOf\":{\"@id\":\"https:\/\/www.posgraduacao.unimontes.br\/ppgbot\/#website\"},\"datePublished\":\"2018-10-25T11:45:08+00:00\",\"dateModified\":\"2025-02-05T12:25:34+00:00\",\"inLanguage\":\"pt-BR\",\"potentialAction\":[{\"@type\":\"ReadAction\",\"target\":[\"https:\/\/www.posgraduacao.unimontes.br\/ppgbot\/formularios-e-orientacoes\/\"]}]}]}<\/script>\n<!-- \/ Yoast SEO plugin. -->","_links":{"self":[{"href":"https:\/\/www.posgraduacao.unimontes.br\/ppgbot\/wp-json\/wp\/v2\/pages\/28"}],"collection":[{"href":"https:\/\/www.posgraduacao.unimontes.br\/ppgbot\/wp-json\/wp\/v2\/pages"}],"about":[{"href":"https:\/\/www.posgraduacao.unimontes.br\/ppgbot\/wp-json\/wp\/v2\/types\/page"}],"author":[{"embeddable":true,"href":"https:\/\/www.posgraduacao.unimontes.br\/ppgbot\/wp-json\/wp\/v2\/users\/5"}],"replies":[{"embeddable":true,"href":"https:\/\/www.posgraduacao.unimontes.br\/ppgbot\/wp-json\/wp\/v2\/comments?post=28"}],"version-history":[{"count":47,"href":"https:\/\/www.posgraduacao.unimontes.br\/ppgbot\/wp-json\/wp\/v2\/pages\/28\/revisions"}],"predecessor-version":[{"id":2895,"href":"https:\/\/www.posgraduacao.unimontes.br\/ppgbot\/wp-json\/wp\/v2\/pages\/28\/revisions\/2895"}],"wp:attachment":[{"href":"https:\/\/www.posgraduacao.unimontes.br\/ppgbot\/wp-json\/wp\/v2\/media?parent=28"}],"curies":[{"name":"wp","href":"https:\/\/api.w.org\/{rel}","templated":true}]}}