{"id":2752,"date":"2024-11-23T15:01:25","date_gmt":"2024-11-23T18:01:25","guid":{"rendered":"https:\/\/www.posgraduacao.unimontes.br\/ppgbot\/?page_id=2752"},"modified":"2025-02-20T14:52:33","modified_gmt":"2025-02-20T17:52:33","slug":"simposio-de-botanica-aplicada-simbot-iii-palmeiras-dialogos-sobre-botanica-e-aplicacoes","status":"publish","type":"page","link":"https:\/\/www.posgraduacao.unimontes.br\/ppgbot\/simposio-de-botanica-aplicada-simbot-iii-palmeiras-dialogos-sobre-botanica-e-aplicacoes\/","title":{"rendered":"Simp\u00f3sio de Bot\u00e2nica Aplicada &#8211; SIMBOT III &#8220;Palmeiras: di\u00e1logos sobre bot\u00e2nica e aplica\u00e7\u00f5es&#8221;"},"content":{"rendered":"<section class=\"kc-elm kc-css-83251 kc_row\"><div class=\"kc-row-container  kc-container\"><div class=\"kc-wrap-columns\"><div class=\"kc-elm kc-css-780019 kc_col-sm-12 kc_column kc_col-sm-12\"><div class=\"kc-col-container\"><div class=\"kc-elm kc-css-345923\" style=\"height: 20px; clear: both; width:100%;\"><\/div><\/div><\/div><\/div><\/div><\/section><section class=\"kc-elm kc-css-666530 kc_row\"><div class=\"kc-row-container  kc-container\"><div class=\"kc-wrap-columns\"><div class=\"kc-elm kc-css-67258 kc_column kc_col-sm-12\"><div class=\"kc-col-container\"><div class=\"kc-elm kc-css-282827 kc_text_block\"><p style=\"text-align: center;\">O Programa de P\u00f3s-Gradua\u00e7\u00e3o em Bot\u00e2nica Aplicada (PPGBot), da Universidade Estadual de Montes Claros &#8211; UNIMONTES, realizou entre os dias 15 e 17 de abril de 2021, o III SIMBOT- Simp\u00f3sio de Bot\u00e2nica Aplicada. O evento foi online e transmitido pelo canal do YouTube do programa. O evento foi gratuito e teve mais de 800 inscritos.<\/p>\n<p style=\"text-align: center;\">Em sua terceira edi\u00e7\u00e3o, o SIMBOT se consolidou como um espa\u00e7o de aproxima\u00e7\u00e3o entre pesquisadores, professores, estudantes e p\u00fablico em geral em tempos de\u00a0 pandemia, como uma oportunidade de conhecer mais sobre a biologia de esp\u00e9cies nativas de palmeiras e sobre a import\u00e2ncia de sua conserva\u00e7\u00e3o, tanto para o ambiente, por meio dos seus pap\u00e9is ecol\u00f3gicos, quanto para a comunidade, por meio de seus usos e aplica\u00e7\u00f5es. Por esse motivo, o tema proposto para o III SIMBOT foi: \u201cPalmeiras: di\u00e1logos sobre bot\u00e2nica e aplica\u00e7\u00f5es\u201d.<\/p>\n<p style=\"text-align: center;\">Nesse evento foram 8 palestras magistrais com temas voltados para a fam\u00edlia Arecaceae. Tivemos tamb\u00e9m 3 mesas redondas, com os seguintes temas: O Papel da Extens\u00e3o e Pesquisa-A\u00e7\u00e3o na Socializa\u00e7\u00e3o de Conhecimentos (Etno)bot\u00e2nicos; Estrat\u00e9gias para ensinar Bot\u00e2nica no ambiente virtual; Pra n\u00e3o dizer que n\u00e3o falei das Mina: uma negra, uma \u00edndia e uma cabocla e as floras que elas representam. Al\u00e9m disso, tamb\u00e9m foi apresentada uma rede de conversa com o grupo de jovens bot\u00e2nicos, intitulado \u201cChapters inicia\u00e7\u00e3o Bot\u00e2nica\u201d.<\/p>\n<p style=\"text-align: center;\">Todas as palestras est\u00e3o dispon\u00edveis no canal do <a href=\"https:\/\/www.youtube.com\/playlist?list=PLlT4xZXzRhuGpl0H1p7JSc4rAzB6_91kW\">YouTube<\/a> do programa<\/p>\n<p style=\"text-align: center;\">\n<\/div><div class=\"kc-elm kc-css-637510\" style=\"height: 20px; clear: both; width:100%;\"><\/div><div class=\"kc-elm kc-css-312347\" style=\"height: 36px; clear: both; width:100%;\"><\/div><\/div><\/div><\/div><\/div><\/section><section class=\"kc-elm kc-css-578887 kc_row\"><div class=\"kc-row-container  kc-container\"><div class=\"kc-wrap-columns\"><div class=\"kc-elm kc-css-864970 kc_col-sm-12 kc_column kc_col-sm-12\"><div class=\"kc-col-container\"><div class=\"kc-image-gallery kc-elm kc-css-425102\">\n<div class=\"kc_image_gallery kc-carousel-image kc-grid \" data-image_masonry=\"yes\">\n<div class=\"item-grid grid-4\"><img src=\"https:\/\/www.posgraduacao.unimontes.br\/uploads\/sites\/17\/2025\/02\/Sim-bot-III.png\" alt=\"\"\/><\/div><div class=\"item-grid grid-4\"><img src=\"https:\/\/www.posgraduacao.unimontes.br\/uploads\/sites\/17\/2025\/02\/Simbot-III.jpg\" alt=\"\"\/><\/div><\/div>\n<\/div><\/div><\/div><\/div><\/div><\/section><section class=\"kc-elm kc-css-811313 kc_row\"><div class=\"kc-row-container  kc-container\"><div class=\"kc-wrap-columns\"><div class=\"kc-elm kc-css-790155 kc_col-sm-12 kc_column kc_col-sm-12\"><div class=\"kc-col-container\"><div class=\"kc-elm kc-css-557263 kc_text_block\"><\/div><\/div><\/div><\/div><\/div><\/section>\n","protected":false},"excerpt":{"rendered":"","protected":false},"author":13,"featured_media":0,"parent":0,"menu_order":0,"comment_status":"closed","ping_status":"closed","template":"","meta":[],"yoast_head":"<!-- This site is optimized with the Yoast SEO plugin v14.7 - https:\/\/yoast.com\/wordpress\/plugins\/seo\/ -->\n<title>Simp\u00f3sio de Bot\u00e2nica Aplicada - SIMBOT III &quot;Palmeiras: di\u00e1logos sobre bot\u00e2nica e aplica\u00e7\u00f5es&quot; - PPGBOT - P\u00f3s Gradua\u00e7\u00e3o em Bot\u00e2nica Aplicada<\/title>\n<meta name=\"robots\" content=\"index, follow\" \/>\n<meta name=\"googlebot\" content=\"index, follow, max-snippet:-1, max-image-preview:large, max-video-preview:-1\" \/>\n<meta name=\"bingbot\" content=\"index, follow, max-snippet:-1, max-image-preview:large, max-video-preview:-1\" \/>\n<link rel=\"canonical\" href=\"https:\/\/www.posgraduacao.unimontes.br\/ppgbot\/simposio-de-botanica-aplicada-simbot-iii-palmeiras-dialogos-sobre-botanica-e-aplicacoes\/\" \/>\n<meta property=\"og:locale\" content=\"pt_BR\" \/>\n<meta property=\"og:type\" content=\"article\" \/>\n<meta property=\"og:title\" content=\"Simp\u00f3sio de Bot\u00e2nica Aplicada - SIMBOT III &quot;Palmeiras: di\u00e1logos sobre bot\u00e2nica e aplica\u00e7\u00f5es&quot; - PPGBOT - P\u00f3s Gradua\u00e7\u00e3o em Bot\u00e2nica Aplicada\" \/>\n<meta property=\"og:description\" content=\"O Programa de P\u00f3s-Gradua\u00e7\u00e3o em Bot\u00e2nica Aplicada (PPGBot), da Universidade Estadual de Montes Claros &#8211; UNIMONTES, realizou entre os dias 15 e 17 de abril de 2021, o III SIMBOT- Simp\u00f3sio de Bot\u00e2nica Aplicada. O evento foi online e transmitido pelo canal do YouTube do programa. O evento foi gratuito e teve mais de 800 [&hellip;]\" \/>\n<meta property=\"og:url\" content=\"https:\/\/www.posgraduacao.unimontes.br\/ppgbot\/simposio-de-botanica-aplicada-simbot-iii-palmeiras-dialogos-sobre-botanica-e-aplicacoes\/\" \/>\n<meta property=\"og:site_name\" content=\"PPGBOT - P\u00f3s Gradua\u00e7\u00e3o em Bot\u00e2nica Aplicada\" \/>\n<meta property=\"article:modified_time\" content=\"2025-02-20T17:52:33+00:00\" \/>\n<meta property=\"og:image\" content=\"http:\/\/www.posgraduacao.unimontes.br\/uploads\/sites\/17\/2025\/02\/Sim-bot-III.png\" \/>\n<meta name=\"twitter:card\" content=\"summary_large_image\" \/>\n<script type=\"application\/ld+json\" class=\"yoast-schema-graph\">{\"@context\":\"https:\/\/schema.org\",\"@graph\":[{\"@type\":\"WebSite\",\"@id\":\"https:\/\/www.posgraduacao.unimontes.br\/ppgbot\/#website\",\"url\":\"https:\/\/www.posgraduacao.unimontes.br\/ppgbot\/\",\"name\":\"PPGBOT - P\\u00f3s Gradua\\u00e7\\u00e3o em Bot\\u00e2nica Aplicada\",\"description\":\"\",\"potentialAction\":[{\"@type\":\"SearchAction\",\"target\":\"https:\/\/www.posgraduacao.unimontes.br\/ppgbot\/?s={search_term_string}\",\"query-input\":\"required name=search_term_string\"}],\"inLanguage\":\"pt-BR\"},{\"@type\":\"ImageObject\",\"@id\":\"https:\/\/www.posgraduacao.unimontes.br\/ppgbot\/simposio-de-botanica-aplicada-simbot-iii-palmeiras-dialogos-sobre-botanica-e-aplicacoes\/#primaryimage\",\"inLanguage\":\"pt-BR\",\"url\":\"http:\/\/www.posgraduacao.unimontes.br\/uploads\/sites\/17\/2025\/02\/Sim-bot-III.png\"},{\"@type\":\"WebPage\",\"@id\":\"https:\/\/www.posgraduacao.unimontes.br\/ppgbot\/simposio-de-botanica-aplicada-simbot-iii-palmeiras-dialogos-sobre-botanica-e-aplicacoes\/#webpage\",\"url\":\"https:\/\/www.posgraduacao.unimontes.br\/ppgbot\/simposio-de-botanica-aplicada-simbot-iii-palmeiras-dialogos-sobre-botanica-e-aplicacoes\/\",\"name\":\"Simp\\u00f3sio de Bot\\u00e2nica Aplicada - SIMBOT III \\\"Palmeiras: di\\u00e1logos sobre bot\\u00e2nica e aplica\\u00e7\\u00f5es\\\" - PPGBOT - P\\u00f3s Gradua\\u00e7\\u00e3o em Bot\\u00e2nica Aplicada\",\"isPartOf\":{\"@id\":\"https:\/\/www.posgraduacao.unimontes.br\/ppgbot\/#website\"},\"primaryImageOfPage\":{\"@id\":\"https:\/\/www.posgraduacao.unimontes.br\/ppgbot\/simposio-de-botanica-aplicada-simbot-iii-palmeiras-dialogos-sobre-botanica-e-aplicacoes\/#primaryimage\"},\"datePublished\":\"2024-11-23T18:01:25+00:00\",\"dateModified\":\"2025-02-20T17:52:33+00:00\",\"inLanguage\":\"pt-BR\",\"potentialAction\":[{\"@type\":\"ReadAction\",\"target\":[\"https:\/\/www.posgraduacao.unimontes.br\/ppgbot\/simposio-de-botanica-aplicada-simbot-iii-palmeiras-dialogos-sobre-botanica-e-aplicacoes\/\"]}]}]}<\/script>\n<!-- \/ Yoast SEO plugin. -->","_links":{"self":[{"href":"https:\/\/www.posgraduacao.unimontes.br\/ppgbot\/wp-json\/wp\/v2\/pages\/2752"}],"collection":[{"href":"https:\/\/www.posgraduacao.unimontes.br\/ppgbot\/wp-json\/wp\/v2\/pages"}],"about":[{"href":"https:\/\/www.posgraduacao.unimontes.br\/ppgbot\/wp-json\/wp\/v2\/types\/page"}],"author":[{"embeddable":true,"href":"https:\/\/www.posgraduacao.unimontes.br\/ppgbot\/wp-json\/wp\/v2\/users\/13"}],"replies":[{"embeddable":true,"href":"https:\/\/www.posgraduacao.unimontes.br\/ppgbot\/wp-json\/wp\/v2\/comments?post=2752"}],"version-history":[{"count":8,"href":"https:\/\/www.posgraduacao.unimontes.br\/ppgbot\/wp-json\/wp\/v2\/pages\/2752\/revisions"}],"predecessor-version":[{"id":2931,"href":"https:\/\/www.posgraduacao.unimontes.br\/ppgbot\/wp-json\/wp\/v2\/pages\/2752\/revisions\/2931"}],"wp:attachment":[{"href":"https:\/\/www.posgraduacao.unimontes.br\/ppgbot\/wp-json\/wp\/v2\/media?parent=2752"}],"curies":[{"name":"wp","href":"https:\/\/api.w.org\/{rel}","templated":true}]}}