{"id":26,"date":"2018-10-25T09:44:45","date_gmt":"2018-10-25T11:44:45","guid":{"rendered":"http:\/\/www.posgraduacao.unimontes.br\/ppgba\/?page_id=26"},"modified":"2026-02-04T09:48:29","modified_gmt":"2026-02-04T12:48:29","slug":"quadro-de-ofertas-de-disciplinas","status":"publish","type":"page","link":"https:\/\/www.posgraduacao.unimontes.br\/ppgbot\/quadro-de-ofertas-de-disciplinas\/","title":{"rendered":"Calend\u00e1rio de Disciplinas e Atividades"},"content":{"rendered":"<section class=\"kc-elm kc-css-928021 kc_row\"><div class=\"kc-row-container  kc-container\"><div class=\"kc-wrap-columns\"><div class=\"kc-elm kc-css-172077 kc_col-sm-12 kc_column kc_col-sm-12\"><div class=\"kc-col-container\">\n<div class=\"kc-elm kc-css-325878\">\n\t<a class=\"kc_button\" href=\"https:\/\/docs.google.com\/spreadsheets\/d\/10FGrWMLrXDIQtec77TXUWdTC7TwaoX0E\/edit?usp=sharing&amp;ouid=101202106739008689929&amp;rtpof=true&amp;sd=true\" target=\"_blank\" title=\"\" onclick=\"\">\n\t\tCalend\u00e1rio 1\u00ba Semestre de 2026 - Quadro de Disciplinas, Dias e Hor\u00e1rios\t<\/a>\n<\/div>\n<div class=\"kc-elm kc-css-563731\" style=\"height: 20px; clear: both; width:100%;\"><\/div>\n<div class=\"kc-elm kc-css-967623\">\n\t<a class=\"kc_button\" href=\"http:\/\/www.posgraduacao.unimontes.br\/uploads\/sites\/17\/2025\/08\/CALEND\u00c1RIO_PPGBOT_2_2025-1.pdf\" target=\"_blank\" title=\"\" onclick=\"\">\n\t\tCalend\u00e1rio 2\u00ba Semestre de 2025 - Quadro de Disciplinas, Dias e Hor\u00e1rios\t<\/a>\n<\/div>\n<div class=\"kc-elm kc-css-404454\" style=\"height: 20px; clear: both; width:100%;\"><\/div>\n<div class=\"kc-elm kc-css-747084\">\n\t<a class=\"kc_button\" href=\"http:\/\/www.posgraduacao.unimontes.br\/uploads\/sites\/17\/2025\/01\/CALEND\u00c1RIO_PPGBOT_1_2025.pdf\" target=\"_blank\" title=\"\" onclick=\"\">\n\t\tCalend\u00e1rio 1\u00ba Semestre de 2025 - Quadro de Disciplinas, Dias e Hor\u00e1rios\t<\/a>\n<\/div>\n<div class=\"kc-elm kc-css-722278\" style=\"height: 20px; clear: both; width:100%;\"><\/div>\n<div class=\"kc-elm kc-css-628193\">\n\t<a class=\"kc_button\" href=\"http:\/\/www.posgraduacao.unimontes.br\/uploads\/sites\/17\/2024\/07\/CALEND\u00c1RIO-ACAD\u00caMICO-PPGBOT-02-2024-2.pdf\" target=\"_blank\" title=\"\" onclick=\"\">\n\t\tCalend\u00e1rio 2\u00ba Semestre de 2024 - Quadro de Disciplinas, Dias e Hor\u00e1rios\t<\/a>\n<\/div>\n<div class=\"kc-elm kc-css-350302\" style=\"height: 20px; clear: both; width:100%;\"><\/div>\n<div class=\"kc-elm kc-css-787208\">\n\t<a class=\"kc_button\" href=\"http:\/\/www.posgraduacao.unimontes.br\/uploads\/sites\/17\/2023\/12\/PPGBOT-CALEND\u00c1RIO-01-24-1-1.pdf\" target=\"_blank\" title=\"\" onclick=\"\">\n\t\tCalend\u00e1rio 1\u00ba Semestre de 2024 - Quadro de Disciplinas, Dias e Hor\u00e1rios\t<\/a>\n<\/div>\n<div class=\"kc-elm kc-css-277623\" style=\"height: 20px; clear: both; width:100%;\"><\/div>\n<div class=\"kc-elm kc-css-540589\">\n\t<a class=\"kc_button\" href=\"http:\/\/www.posgraduacao.unimontes.br\/uploads\/sites\/17\/2023\/06\/CALENDA\u0301RIO-PPGBOT-2-2023-.pdf\" target=\"_blank\" title=\"\" onclick=\"\">\n\t\tCalend\u00e1rio 2\u00ba Semestre de 2023 - Quadro de Disciplinas, Dias e Hor\u00e1rios\t<\/a>\n<\/div>\n<div class=\"kc-elm kc-css-534804\" style=\"height: 20px; clear: both; width:100%;\"><\/div>\n<div class=\"kc-elm kc-css-848451\">\n\t<a class=\"kc_button\" href=\"http:\/\/www.posgraduacao.unimontes.br\/uploads\/sites\/17\/2023\/03\/CALEND\u00c1RIO-PPGBOT-1_2023-14_12.pdf\" target=\"_blank\" title=\"\" onclick=\"\">\n\t\tCalend\u00e1rio 1\u00b0 Semestre de 2023 - Quadro de Disciplinas, Dias e Hor\u00e1rios\t<\/a>\n<\/div>\n<div class=\"kc-elm kc-css-793011\" style=\"height: 20px; clear: both; width:100%;\"><\/div>\n<div class=\"kc-elm kc-css-876494\">\n\t<a class=\"kc_button\" href=\"http:\/\/www.posgraduacao.unimontes.br\/uploads\/sites\/17\/2022\/08\/CALEND\u00c1RIO-PPGBOT-2-2022.pdf\" target=\"_self\" title=\"\" onclick=\"\">\n\t\tCalend\u00e1rio 2\u00b0 Semestre de 2022 - Quadro de Disciplinas, Dias e Hor\u00e1rios\t<\/a>\n<\/div>\n<div class=\"kc-elm kc-css-344607\" style=\"height: 20px; clear: both; width:100%;\"><\/div>\n<div class=\"kc-elm kc-css-61821\">\n\t<a class=\"kc_button\" href=\"http:\/\/www.posgraduacao.unimontes.br\/uploads\/sites\/17\/2022\/05\/CALEND\u00c1RIO-PPGBOT-1-2022-P\u00d3S-GREVE-.pdf\" target=\"_self\" title=\"\" onclick=\"\">\n\t\tCalend\u00e1rio 1\u00b0 Semestre de 2022 - Atualizado P\u00f3s-greve\t<\/a>\n<\/div>\n<div class=\"kc-elm kc-css-648059\" style=\"height: 20px; clear: both; width:100%;\"><\/div>\n<div class=\"kc-elm kc-css-277561\">\n\t<a class=\"kc_button\" href=\"http:\/\/www.posgraduacao.unimontes.br\/uploads\/sites\/17\/2021\/12\/CALEND\u00c1RIO-PPGBOT-1-2022.pdf\" target=\"_self\" title=\"\" onclick=\"\">\n\t\tCalend\u00e1rio 1\u00b0 Semestre de 2022 - Quadro de Disciplinas, Dias e Hor\u00e1rios\t<\/a>\n<\/div>\n<div class=\"kc-elm kc-css-957436\" style=\"height: 20px; clear: both; width:100%;\"><\/div>\n<div class=\"kc-elm kc-css-719851\">\n\t<a class=\"kc_button\" href=\"http:\/\/www.posgraduacao.unimontes.br\/uploads\/sites\/17\/2021\/08\/CALEND\u00c1RIO-PPGBOT-2-2021-ATUALIZADO-1.pdf\" target=\"_self\" title=\"\" onclick=\"\">\n\t\tCalend\u00e1rio 2\u00b0 Semestre de 2021 - Quadro de Disciplinas, Dias e Hor\u00e1rios\t<\/a>\n<\/div>\n<div class=\"kc-elm kc-css-206565\" style=\"height: 20px; clear: both; width:100%;\"><\/div>\n<div class=\"kc-elm kc-css-897323\">\n\t<a class=\"kc_button\" href=\"http:\/\/www.posgraduacao.unimontes.br\/uploads\/sites\/17\/2021\/01\/CALEND\u00c1RIO-PPGBOT-1-2021-ATUALIZADO-2.pdf\" target=\"_self\" title=\"\" onclick=\"\">\n\t\tCalend\u00e1rio 1\u00b0 Semestre de 2021 - Quadro de Disciplinas \/ Hor\u00e1rios\t<\/a>\n<\/div>\n<div class=\"kc-elm kc-css-185317\" style=\"height: 20px; clear: both; width:100%;\"><\/div>\n<div class=\"kc-elm kc-css-789881\">\n\t<a class=\"kc_button\" href=\"http:\/\/www.posgraduacao.unimontes.br\/uploads\/sites\/17\/2020\/07\/CALEND\u00c1RIO-PPGBOT-2-2020.pdf\" target=\"_self\" title=\"\" onclick=\"\">\n\t\tCalend\u00e1rio 2\u00b0 Semestre de 2020 - Quadro de Disciplinas \/ Hor\u00e1rios\t<\/a>\n<\/div>\n<div class=\"kc-elm kc-css-635826\" style=\"height: 20px; clear: both; width:100%;\"><\/div><\/div><\/div><\/div><\/div><\/section><section class=\"kc-elm kc-css-958875 kc_row\"><div class=\"kc-row-container  kc-container\"><div class=\"kc-wrap-columns\"><div class=\"kc-elm kc-css-708427 kc_col-sm-12 kc_column kc_col-sm-12\"><div class=\"kc-col-container\">\n<div class=\"kc-elm kc-css-532847\">\n\t<a class=\"kc_button\" href=\"http:\/\/www.posgraduacao.unimontes.br\/uploads\/sites\/17\/2020\/03\/CALEND\u00c1RIO-PPGBOT-1-2020-Atualizado.pdf\" target=\"_self\" title=\"\" onclick=\"\">\n\t\tCalend\u00e1rio 1\u00b0 Semestre de 2020 - Quadro de Disciplinas\/Hor\u00e1rios\/Local\t<\/a>\n<\/div>\n<div class=\"kc-elm kc-css-2183\" style=\"height: 20px; clear: both; width:100%;\"><\/div><\/div><\/div><\/div><\/div><\/section><section class=\"kc-elm kc-css-237348 kc_row\"><div class=\"kc-row-container  kc-container\"><div class=\"kc-wrap-columns\"><div class=\"kc-elm kc-css-278428 kc_col-sm-12 kc_column kc_col-sm-12\"><div class=\"kc-col-container\"><\/div><\/div><\/div><\/div><\/section><section class=\"kc-elm kc-css-501488 kc_row\"><div class=\"kc-row-container  kc-container\"><div class=\"kc-wrap-columns\"><div class=\"kc-elm kc-css-904783 kc_col-sm-12 kc_column kc_col-sm-12\"><div class=\"kc-col-container\"><\/div><\/div><\/div><\/div><\/section>\n","protected":false},"excerpt":{"rendered":"","protected":false},"author":5,"featured_media":0,"parent":0,"menu_order":0,"comment_status":"closed","ping_status":"closed","template":"","meta":[],"yoast_head":"<!-- This site is optimized with the Yoast SEO plugin v14.7 - https:\/\/yoast.com\/wordpress\/plugins\/seo\/ -->\n<title>Calend\u00e1rio de Disciplinas e Atividades  - PPGBOT - P\u00f3s Gradua\u00e7\u00e3o em Bot\u00e2nica Aplicada<\/title>\n<meta name=\"robots\" content=\"index, follow\" \/>\n<meta name=\"googlebot\" content=\"index, follow, max-snippet:-1, max-image-preview:large, max-video-preview:-1\" \/>\n<meta name=\"bingbot\" content=\"index, follow, max-snippet:-1, max-image-preview:large, max-video-preview:-1\" \/>\n<link rel=\"canonical\" href=\"https:\/\/www.posgraduacao.unimontes.br\/ppgbot\/quadro-de-ofertas-de-disciplinas\/\" \/>\n<meta property=\"og:locale\" content=\"pt_BR\" \/>\n<meta property=\"og:type\" content=\"article\" \/>\n<meta property=\"og:title\" content=\"Calend\u00e1rio de Disciplinas e Atividades  - PPGBOT - P\u00f3s Gradua\u00e7\u00e3o em Bot\u00e2nica Aplicada\" \/>\n<meta property=\"og:description\" content=\"Calend\u00e1rio 1\u00ba Semestre de 2026 &#8211; Quadro de Disciplinas, Dias e Hor\u00e1rios Calend\u00e1rio 2\u00ba Semestre de 2025 &#8211; Quadro de Disciplinas, Dias e Hor\u00e1rios Calend\u00e1rio 1\u00ba Semestre de 2025 &#8211; Quadro de Disciplinas, Dias e Hor\u00e1rios Calend\u00e1rio 2\u00ba Semestre de 2024 &#8211; Quadro de Disciplinas, Dias e Hor\u00e1rios Calend\u00e1rio 1\u00ba Semestre de 2024 &#8211; Quadro [&hellip;]\" \/>\n<meta property=\"og:url\" content=\"https:\/\/www.posgraduacao.unimontes.br\/ppgbot\/quadro-de-ofertas-de-disciplinas\/\" \/>\n<meta property=\"og:site_name\" content=\"PPGBOT - P\u00f3s Gradua\u00e7\u00e3o em Bot\u00e2nica Aplicada\" \/>\n<meta property=\"article:modified_time\" content=\"2026-02-04T12:48:29+00:00\" \/>\n<meta name=\"twitter:card\" content=\"summary_large_image\" \/>\n<script type=\"application\/ld+json\" class=\"yoast-schema-graph\">{\"@context\":\"https:\/\/schema.org\",\"@graph\":[{\"@type\":\"WebSite\",\"@id\":\"https:\/\/www.posgraduacao.unimontes.br\/ppgbot\/#website\",\"url\":\"https:\/\/www.posgraduacao.unimontes.br\/ppgbot\/\",\"name\":\"PPGBOT - P\\u00f3s Gradua\\u00e7\\u00e3o em Bot\\u00e2nica Aplicada\",\"description\":\"\",\"potentialAction\":[{\"@type\":\"SearchAction\",\"target\":\"https:\/\/www.posgraduacao.unimontes.br\/ppgbot\/?s={search_term_string}\",\"query-input\":\"required name=search_term_string\"}],\"inLanguage\":\"pt-BR\"},{\"@type\":\"WebPage\",\"@id\":\"https:\/\/www.posgraduacao.unimontes.br\/ppgbot\/quadro-de-ofertas-de-disciplinas\/#webpage\",\"url\":\"https:\/\/www.posgraduacao.unimontes.br\/ppgbot\/quadro-de-ofertas-de-disciplinas\/\",\"name\":\"Calend\\u00e1rio de Disciplinas e Atividades - PPGBOT - P\\u00f3s Gradua\\u00e7\\u00e3o em Bot\\u00e2nica Aplicada\",\"isPartOf\":{\"@id\":\"https:\/\/www.posgraduacao.unimontes.br\/ppgbot\/#website\"},\"datePublished\":\"2018-10-25T11:44:45+00:00\",\"dateModified\":\"2026-02-04T12:48:29+00:00\",\"inLanguage\":\"pt-BR\",\"potentialAction\":[{\"@type\":\"ReadAction\",\"target\":[\"https:\/\/www.posgraduacao.unimontes.br\/ppgbot\/quadro-de-ofertas-de-disciplinas\/\"]}]}]}<\/script>\n<!-- \/ Yoast SEO plugin. -->","_links":{"self":[{"href":"https:\/\/www.posgraduacao.unimontes.br\/ppgbot\/wp-json\/wp\/v2\/pages\/26"}],"collection":[{"href":"https:\/\/www.posgraduacao.unimontes.br\/ppgbot\/wp-json\/wp\/v2\/pages"}],"about":[{"href":"https:\/\/www.posgraduacao.unimontes.br\/ppgbot\/wp-json\/wp\/v2\/types\/page"}],"author":[{"embeddable":true,"href":"https:\/\/www.posgraduacao.unimontes.br\/ppgbot\/wp-json\/wp\/v2\/users\/5"}],"replies":[{"embeddable":true,"href":"https:\/\/www.posgraduacao.unimontes.br\/ppgbot\/wp-json\/wp\/v2\/comments?post=26"}],"version-history":[{"count":77,"href":"https:\/\/www.posgraduacao.unimontes.br\/ppgbot\/wp-json\/wp\/v2\/pages\/26\/revisions"}],"predecessor-version":[{"id":3390,"href":"https:\/\/www.posgraduacao.unimontes.br\/ppgbot\/wp-json\/wp\/v2\/pages\/26\/revisions\/3390"}],"wp:attachment":[{"href":"https:\/\/www.posgraduacao.unimontes.br\/ppgbot\/wp-json\/wp\/v2\/media?parent=26"}],"curies":[{"name":"wp","href":"https:\/\/api.w.org\/{rel}","templated":true}]}}