{"id":2479,"date":"2024-06-20T08:08:07","date_gmt":"2024-06-20T11:08:07","guid":{"rendered":"https:\/\/www.posgraduacao.unimontes.br\/ppgbot\/?page_id=2479"},"modified":"2024-09-06T12:29:10","modified_gmt":"2024-09-06T15:29:10","slug":"ii-processo-seletivo-2024","status":"publish","type":"page","link":"https:\/\/www.posgraduacao.unimontes.br\/ppgbot\/ii-processo-seletivo-2024\/","title":{"rendered":"II Processo Seletivo 2024"},"content":{"rendered":"<section class=\"kc-elm kc-css-34357 kc_row\"><div class=\"kc-row-container  kc-container\"><div class=\"kc-wrap-columns\"><div class=\"kc-elm kc-css-641639 kc_col-sm-12 kc_column kc_col-sm-12\"><div class=\"kc-col-container\"><div class=\"kc-elm kc-css-566270 kc_text_block\"><p>O Programa de P\u00f3s-Gradua\u00e7\u00e3o em Bot\u00e2nica Aplicada lan\u00e7a Edital para o seu 12\u00b0 processo seletivo de alunos regulares, com entrada no 2\u00b0 semestre de 2024. Ser\u00e3o oferecidas 17 vagas neste processo e o per\u00edodo de inscri\u00e7\u00f5es \u00e9 do dia 25\/06\/2024 at\u00e9 12\/07\/2024.<\/p>\n<p><!-- \/wp:paragraph --><\/p>\n<p><!-- wp:button {\"backgroundColor\":\"vivid-green-cyan\",\"textColor\":\"very-dark-gray\"} --><\/p>\n<div class=\"wp-block-button\"><a class=\"wp-block-button__link has-text-color has-very-dark-gray-color has-background has-vivid-green-cyan-background-color\" href=\"http:\/\/www.posgraduacao.unimontes.br\/uploads\/sites\/17\/2024\/06\/Edital-02-24-do-Processo-Seletivo-Regular-do-PPGBOT.docx-2.pdf\">Edital n\u00ba 02\/2024 &#8211; Processo Seletivo Regular <\/a><\/div>\n<p><!-- \/wp:button --><\/p>\n<p><!-- wp:paragraph --><\/p>\n<p><!-- \/wp:paragraph --><\/p>\n<p><!-- wp:button {\"backgroundColor\":\"vivid-green-cyan\",\"textColor\":\"very-dark-gray\"} --><\/p>\n<div class=\"wp-block-button\"><a class=\"wp-block-button__link has-text-color has-very-dark-gray-color has-background has-vivid-green-cyan-background-color\" href=\"http:\/\/www.posgraduacao.unimontes.br\/uploads\/sites\/17\/2024\/07\/RETIFICA\u00c7\u00c3O-EDITAL-N\u00ba-02-2024-PROCESSO-SELETIVO-REGULAR.pdf\">1\u00ba Retifica\u00e7\u00e3o do Edital n\u00ba 02\/2024 &#8211; Prorroga\u00e7\u00e3o das inscri\u00e7\u00f5es <\/a><\/div>\n<p><!-- \/wp:button --><\/p>\n<p><!-- wp:paragraph --><\/p>\n<p><!-- \/wp:paragraph --><\/p>\n<p><!-- wp:paragraph --><\/p>\n<p><!-- wp:button {\"backgroundColor\":\"vivid-green-cyan\",\"textColor\":\"very-dark-gray\"} --><\/p>\n<div class=\"wp-block-button\">\n<p><a class=\"wp-block-button__link has-text-color has-very-dark-gray-color has-background has-vivid-green-cyan-background-color\" href=\"http:\/\/www.posgraduacao.unimontes.br\/uploads\/sites\/17\/2024\/07\/Homologa\u00e7\u00e3o-EDITAL-N\u00ba-02-2024.pdf\">Homologa\u00e7\u00e3o das inscri\u00e7\u00f5es Edital n\u00b002\/2024<\/a><\/p>\n<p><!-- wp:button {\"backgroundColor\":\"vivid-green-cyan\",\"textColor\":\"very-dark-gray\"} --><\/p>\n<div class=\"wp-block-button\">\n<p><a class=\"wp-block-button__link has-text-color has-very-dark-gray-color has-background has-vivid-green-cyan-background-color\" href=\"http:\/\/www.posgraduacao.unimontes.br\/uploads\/sites\/17\/2024\/07\/RESULTADO-PRELIMINAR-REGULARES-02-2024-1-1-1-1-1.pdf\">Resultado Preliminar &#8211; Edital n\u00ba 02\/2024\u00a0<\/a><\/p>\n<p><a <\/p>\n<p><!-- wp:button {\"backgroundColor\":\"vivid-green-cyan\",\"textColor\":\"very-dark-gray\"} --><\/p>\n<div class=\"wp-block-button\">\n<p><a class=\"wp-block-button__link has-text-color has-very-dark-gray-color has-background has-vivid-green-cyan-background-color\" href=\"http:\/\/www.posgraduacao.unimontes.br\/uploads\/sites\/17\/2024\/08\/RESULTADO-FINAL-REGULARES-02-2024.pdf\">Resultado Final &#8211; Edital n\u00ba 02\/2024<\/a><\/p>\n<p>O Programa de P\u00f3s-Gradua\u00e7\u00e3o em Bot\u00e2nica Aplicada lan\u00e7a Edital para processo seletivo de disciplinas isoladas, com entrada no 2\u00b0 semestre de 2024. O per\u00edodo de inscri\u00e7\u00f5es \u00e9 do dia 29\/06\/2024 at\u00e9 31\/07\/2024 .<\/p>\n<p><!-- \/wp:paragraph --><\/p>\n<p><!-- wp:button {\"backgroundColor\":\"vivid-green-cyan\",\"textColor\":\"very-dark-gray\"} --><\/p>\n<div class=\"wp-block-button\"><a class=\"wp-block-button__link has-text-color has-very-dark-gray-color has-background has-vivid-green-cyan-background-color\" href=\"http:\/\/www.posgraduacao.unimontes.br\/uploads\/sites\/17\/2024\/06\/Edital-02-24-Disciplinas-Isoladas-do-PPGBOT.docx.pdf\">Edital n\u00ba 02\/2024 &#8211; Processo Seletivo de Disciplinas Isoladas<\/a><\/div>\n<div>\u00a0<\/div>\n<div>\n<p><!-- wp:button {\"backgroundColor\":\"vivid-green-cyan\",\"textColor\":\"very-dark-gray\"} --><\/p>\n<div class=\"wp-block-button\"><a class=\"wp-block-button__link has-text-color has-very-dark-gray-color has-background has-vivid-green-cyan-background-color\" href=\"http:\/\/www.posgraduacao.unimontes.br\/uploads\/sites\/17\/2024\/08\/Resultado-Final-Disciplinas-Isoladas-02-2024-PPGBOT.pdf\">Resultado Final &#8211; Edital n\u00ba 02\/2024 &#8211; Processo Seletivo de Disciplinas Isoladas<\/a><\/div>\n<p><!-- \/wp:button --><\/p>\n<p><!-- wp:paragraph --><\/p>\n<p><!-- \/wp:paragraph --><\/p>\n<p>&nbsp;<\/p>\n<\/div>\n<\/div>\n<\/div>\n<\/div><\/div><\/div><\/div><\/div><\/section><section class=\"kc-elm kc-css-669913 kc_row\"><div class=\"kc-row-container  kc-container\"><div class=\"kc-wrap-columns\"><div class=\"kc-elm kc-css-829790 kc_col-sm-12 kc_column kc_col-sm-12\"><div class=\"kc-col-container\"><\/div><\/div><\/div><\/div><\/section>","protected":false},"excerpt":{"rendered":"","protected":false},"author":13,"featured_media":0,"parent":0,"menu_order":0,"comment_status":"closed","ping_status":"closed","template":"","meta":[],"yoast_head":"<!-- This site is optimized with the Yoast SEO plugin v14.7 - https:\/\/yoast.com\/wordpress\/plugins\/seo\/ -->\n<title>II Processo Seletivo 2024 - PPGBOT - P\u00f3s Gradua\u00e7\u00e3o em Bot\u00e2nica Aplicada<\/title>\n<meta name=\"robots\" content=\"index, follow\" \/>\n<meta name=\"googlebot\" content=\"index, follow, max-snippet:-1, max-image-preview:large, max-video-preview:-1\" \/>\n<meta name=\"bingbot\" content=\"index, follow, max-snippet:-1, max-image-preview:large, max-video-preview:-1\" \/>\n<link rel=\"canonical\" href=\"https:\/\/www.posgraduacao.unimontes.br\/ppgbot\/ii-processo-seletivo-2024\/\" \/>\n<meta property=\"og:locale\" content=\"pt_BR\" \/>\n<meta property=\"og:type\" content=\"article\" \/>\n<meta property=\"og:title\" content=\"II Processo Seletivo 2024 - PPGBOT - P\u00f3s Gradua\u00e7\u00e3o em Bot\u00e2nica Aplicada\" \/>\n<meta property=\"og:description\" content=\"O Programa de P\u00f3s-Gradua\u00e7\u00e3o em Bot\u00e2nica Aplicada lan\u00e7a Edital para o seu 12\u00b0 processo seletivo de alunos regulares, com entrada no 2\u00b0 semestre de 2024. Ser\u00e3o oferecidas 17 vagas neste processo e o per\u00edodo de inscri\u00e7\u00f5es \u00e9 do dia 25\/06\/2024 at\u00e9 12\/07\/2024. Edital n\u00ba 02\/2024 &#8211; Processo Seletivo Regular 1\u00ba Retifica\u00e7\u00e3o do Edital n\u00ba 02\/2024 [&hellip;]\" \/>\n<meta property=\"og:url\" content=\"https:\/\/www.posgraduacao.unimontes.br\/ppgbot\/ii-processo-seletivo-2024\/\" \/>\n<meta property=\"og:site_name\" content=\"PPGBOT - P\u00f3s Gradua\u00e7\u00e3o em Bot\u00e2nica Aplicada\" \/>\n<meta property=\"article:modified_time\" content=\"2024-09-06T15:29:10+00:00\" \/>\n<meta name=\"twitter:card\" content=\"summary_large_image\" \/>\n<script type=\"application\/ld+json\" class=\"yoast-schema-graph\">{\"@context\":\"https:\/\/schema.org\",\"@graph\":[{\"@type\":\"WebSite\",\"@id\":\"https:\/\/www.posgraduacao.unimontes.br\/ppgbot\/#website\",\"url\":\"https:\/\/www.posgraduacao.unimontes.br\/ppgbot\/\",\"name\":\"PPGBOT - P\\u00f3s Gradua\\u00e7\\u00e3o em Bot\\u00e2nica Aplicada\",\"description\":\"\",\"potentialAction\":[{\"@type\":\"SearchAction\",\"target\":\"https:\/\/www.posgraduacao.unimontes.br\/ppgbot\/?s={search_term_string}\",\"query-input\":\"required name=search_term_string\"}],\"inLanguage\":\"pt-BR\"},{\"@type\":\"WebPage\",\"@id\":\"https:\/\/www.posgraduacao.unimontes.br\/ppgbot\/ii-processo-seletivo-2024\/#webpage\",\"url\":\"https:\/\/www.posgraduacao.unimontes.br\/ppgbot\/ii-processo-seletivo-2024\/\",\"name\":\"II Processo Seletivo 2024 - PPGBOT - P\\u00f3s Gradua\\u00e7\\u00e3o em Bot\\u00e2nica Aplicada\",\"isPartOf\":{\"@id\":\"https:\/\/www.posgraduacao.unimontes.br\/ppgbot\/#website\"},\"datePublished\":\"2024-06-20T11:08:07+00:00\",\"dateModified\":\"2024-09-06T15:29:10+00:00\",\"inLanguage\":\"pt-BR\",\"potentialAction\":[{\"@type\":\"ReadAction\",\"target\":[\"https:\/\/www.posgraduacao.unimontes.br\/ppgbot\/ii-processo-seletivo-2024\/\"]}]}]}<\/script>\n<!-- \/ Yoast SEO plugin. -->","_links":{"self":[{"href":"https:\/\/www.posgraduacao.unimontes.br\/ppgbot\/wp-json\/wp\/v2\/pages\/2479"}],"collection":[{"href":"https:\/\/www.posgraduacao.unimontes.br\/ppgbot\/wp-json\/wp\/v2\/pages"}],"about":[{"href":"https:\/\/www.posgraduacao.unimontes.br\/ppgbot\/wp-json\/wp\/v2\/types\/page"}],"author":[{"embeddable":true,"href":"https:\/\/www.posgraduacao.unimontes.br\/ppgbot\/wp-json\/wp\/v2\/users\/13"}],"replies":[{"embeddable":true,"href":"https:\/\/www.posgraduacao.unimontes.br\/ppgbot\/wp-json\/wp\/v2\/comments?post=2479"}],"version-history":[{"count":12,"href":"https:\/\/www.posgraduacao.unimontes.br\/ppgbot\/wp-json\/wp\/v2\/pages\/2479\/revisions"}],"predecessor-version":[{"id":2578,"href":"https:\/\/www.posgraduacao.unimontes.br\/ppgbot\/wp-json\/wp\/v2\/pages\/2479\/revisions\/2578"}],"wp:attachment":[{"href":"https:\/\/www.posgraduacao.unimontes.br\/ppgbot\/wp-json\/wp\/v2\/media?parent=2479"}],"curies":[{"name":"wp","href":"https:\/\/api.w.org\/{rel}","templated":true}]}}