{"id":2296,"date":"2023-12-15T08:02:20","date_gmt":"2023-12-15T11:02:20","guid":{"rendered":"https:\/\/www.posgraduacao.unimontes.br\/ppgbot\/?page_id=2296"},"modified":"2024-02-29T07:43:32","modified_gmt":"2024-02-29T10:43:32","slug":"i-processo-seletivo-2024","status":"publish","type":"page","link":"https:\/\/www.posgraduacao.unimontes.br\/ppgbot\/i-processo-seletivo-2024\/","title":{"rendered":"I Processo Seletivo 2024"},"content":{"rendered":"\n<p>O Programa de P\u00f3s-Gradua\u00e7\u00e3o em Bot\u00e2nica Aplicada lan\u00e7a Edital para o seu 11\u00b0 processo seletivo de alunos regulares, com entrada no 1\u00b0 semestre de 2024. Ser\u00e3o oferecidas 25 vagas neste processo e o per\u00edodo de inscri\u00e7\u00f5es \u00e9 do dia 22\/12\/2023 at\u00e9 31\/01\/2024 . <\/p>\n\n\n\n<div class=\"wp-block-button\"><a class=\"wp-block-button__link has-text-color has-very-dark-gray-color has-background has-vivid-green-cyan-background-color\" href=\"http:\/\/www.posgraduacao.unimontes.br\/uploads\/sites\/17\/2023\/12\/EDITAL-PPGBOT-REGULAR-01-2024.docx.pdf\">Edital n\u00ba 01\/2024 &#8211; Processo Seletivo Regular<\/a><\/div>\n\n\n\n<p><\/p>\n\n\n\n<div class=\"wp-block-button\"><a class=\"wp-block-button__link has-text-color has-very-dark-gray-color has-background has-vivid-green-cyan-background-color\" href=\"http:\/\/www.posgraduacao.unimontes.br\/uploads\/sites\/17\/2024\/01\/1\u00ba-RETIFICA\u00c7\u00c3O-EDITAL-N\u00ba-01-2024-PROCESSO-SELETIVO-REGULAR-PPGBOT.pdf\">Retifica\u00e7\u00e3o do Edital n\u00ba 01\/2024 &#8211; Prorroga\u00e7\u00e3o das inscri\u00e7\u00f5es<\/a><\/div>\n\n\n\n<p><\/p>\n\n\n\n<div class=\"wp-block-button\"><a class=\"wp-block-button__link has-text-color has-very-dark-gray-color has-background has-vivid-green-cyan-background-color\" href=\"http:\/\/www.posgraduacao.unimontes.br\/uploads\/sites\/17\/2024\/02\/INSCRI\u00c7\u00d5ES-HOMOLOGADAS-ALUNOS-REGULARES-01_2024-1.pdf\">Homologa\u00e7\u00e3o de Inscri\u00e7\u00f5es Edital n\u00ba 01\/2024 <\/a><\/div>\n\n\n\n<p><\/p>\n\n\n\n<div class=\"wp-block-button\"><a class=\"wp-block-button__link has-text-color has-very-dark-gray-color has-background has-vivid-green-cyan-background-color\" href=\"http:\/\/www.posgraduacao.unimontes.br\/uploads\/sites\/17\/2024\/02\/RESULTADO-PRELIMINAR-REGULARES-01-2024-1-1-1.pdf\">Resultado Preliminar &#8211; Edital n\u00ba 01\/2024 <\/a><\/div>\n\n\n\n<p><\/p>\n\n\n\n<div class=\"wp-block-button\"><a class=\"wp-block-button__link has-text-color has-very-dark-gray-color has-background has-vivid-green-cyan-background-color\" href=\"http:\/\/www.posgraduacao.unimontes.br\/uploads\/sites\/17\/2024\/02\/RESULTADO-FINAL-REGULARES-01-2024-1-1.pdf\">Resultado Final &#8211; Edital n\u00ba 01\/2024 <\/a><\/div>\n\n\n\n<p>O Programa de P\u00f3s-Gradua\u00e7\u00e3o em Bot\u00e2nica Aplicada lan\u00e7a Edital para processo seletivo de disciplinas isoladas, com entrada no 1\u00b0 semestre de 2024. O per\u00edodo de inscri\u00e7\u00f5es \u00e9 do dia 22\/12\/2023 at\u00e9 02\/02\/2024 . <\/p>\n\n\n\n<div class=\"wp-block-button\"><a class=\"wp-block-button__link has-text-color has-very-dark-gray-color has-background has-vivid-green-cyan-background-color\" href=\"http:\/\/www.posgraduacao.unimontes.br\/uploads\/sites\/17\/2023\/12\/Edital-Processo-Seletivo-Disciplinas-Isoladas-PPGBot-1-2024-.docx.pdf\">Edital n\u00ba 01\/2024 &#8211; Processo Seletivo das Disciplinas Isoladas<\/a><\/div>\n\n\n\n<p><\/p>\n\n\n\n<div class=\"wp-block-button\"><a class=\"wp-block-button__link has-text-color has-very-dark-gray-color has-background has-vivid-green-cyan-background-color\" href=\"http:\/\/www.posgraduacao.unimontes.br\/uploads\/sites\/17\/2024\/02\/RETIFICA\u00c7\u00c3O-EDITAL-N\u00ba-01-2024-PROCESSO-SELETIVO-DISCIPLINAS-ISOLADAS.pdf\">Retifica\u00e7\u00e3o do Edital n\u00ba 01\/2024 &#8211; Processo Seletivo das Disciplinas Isoladas<\/a><\/div>\n\n\n\n<p><\/p>\n\n\n\n<div class=\"wp-block-button\"><a class=\"wp-block-button__link has-text-color has-very-dark-gray-color has-background has-vivid-green-cyan-background-color\" href=\"http:\/\/www.posgraduacao.unimontes.br\/uploads\/sites\/17\/2024\/02\/RESULTADO-PRELIMINAR-Disciplinas-Isoladas-01-2024.pdf\">Resultado Preliminar-  Edital n\u00ba 01\/2024 &#8211; Processo Seletivo das Disciplinas Isoladas<\/a><\/div>\n\n\n\n<p><\/p>\n\n\n\n<div class=\"wp-block-button\"><a class=\"wp-block-button__link has-text-color has-very-dark-gray-color has-background has-vivid-green-cyan-background-color\" href=\"http:\/\/www.posgraduacao.unimontes.br\/uploads\/sites\/17\/2024\/02\/RESULTADO-FINAL-Disciplinas-Isoladas-01-2024.pdf\">Resultado Final &#8211;  Edital n\u00ba 01\/2024 &#8211; Processo Seletivo das Disciplinas Isoladas<\/a><\/div>\n","protected":false},"excerpt":{"rendered":"<p>O Programa de P\u00f3s-Gradua\u00e7\u00e3o em Bot\u00e2nica Aplicada lan\u00e7a Edital para o seu 11\u00b0 processo seletivo de alunos regulares, com entrada no 1\u00b0 semestre de 2024. Ser\u00e3o oferecidas 25 vagas neste processo e o per\u00edodo de inscri\u00e7\u00f5es \u00e9 do dia 22\/12\/2023 at\u00e9 31\/01\/2024 . O Programa de P\u00f3s-Gradua\u00e7\u00e3o em Bot\u00e2nica Aplicada lan\u00e7a Edital para processo seletivo [&hellip;]<\/p>\n","protected":false},"author":13,"featured_media":0,"parent":0,"menu_order":0,"comment_status":"closed","ping_status":"closed","template":"","meta":[],"yoast_head":"<!-- This site is optimized with the Yoast SEO plugin v14.7 - https:\/\/yoast.com\/wordpress\/plugins\/seo\/ -->\n<title>I Processo Seletivo 2024 - PPGBOT - P\u00f3s Gradua\u00e7\u00e3o em Bot\u00e2nica Aplicada<\/title>\n<meta name=\"robots\" content=\"index, follow\" \/>\n<meta name=\"googlebot\" content=\"index, follow, max-snippet:-1, max-image-preview:large, max-video-preview:-1\" \/>\n<meta name=\"bingbot\" content=\"index, follow, max-snippet:-1, max-image-preview:large, max-video-preview:-1\" \/>\n<link rel=\"canonical\" href=\"https:\/\/www.posgraduacao.unimontes.br\/ppgbot\/i-processo-seletivo-2024\/\" \/>\n<meta property=\"og:locale\" content=\"pt_BR\" \/>\n<meta property=\"og:type\" content=\"article\" \/>\n<meta property=\"og:title\" content=\"I Processo Seletivo 2024 - PPGBOT - P\u00f3s Gradua\u00e7\u00e3o em Bot\u00e2nica Aplicada\" \/>\n<meta property=\"og:description\" content=\"O Programa de P\u00f3s-Gradua\u00e7\u00e3o em Bot\u00e2nica Aplicada lan\u00e7a Edital para o seu 11\u00b0 processo seletivo de alunos regulares, com entrada no 1\u00b0 semestre de 2024. Ser\u00e3o oferecidas 25 vagas neste processo e o per\u00edodo de inscri\u00e7\u00f5es \u00e9 do dia 22\/12\/2023 at\u00e9 31\/01\/2024 . O Programa de P\u00f3s-Gradua\u00e7\u00e3o em Bot\u00e2nica Aplicada lan\u00e7a Edital para processo seletivo [&hellip;]\" \/>\n<meta property=\"og:url\" content=\"https:\/\/www.posgraduacao.unimontes.br\/ppgbot\/i-processo-seletivo-2024\/\" \/>\n<meta property=\"og:site_name\" content=\"PPGBOT - P\u00f3s Gradua\u00e7\u00e3o em Bot\u00e2nica Aplicada\" \/>\n<meta property=\"article:modified_time\" content=\"2024-02-29T10:43:32+00:00\" \/>\n<meta name=\"twitter:card\" content=\"summary_large_image\" \/>\n<script type=\"application\/ld+json\" class=\"yoast-schema-graph\">{\"@context\":\"https:\/\/schema.org\",\"@graph\":[{\"@type\":\"WebSite\",\"@id\":\"https:\/\/www.posgraduacao.unimontes.br\/ppgbot\/#website\",\"url\":\"https:\/\/www.posgraduacao.unimontes.br\/ppgbot\/\",\"name\":\"PPGBOT - P\\u00f3s Gradua\\u00e7\\u00e3o em Bot\\u00e2nica Aplicada\",\"description\":\"\",\"potentialAction\":[{\"@type\":\"SearchAction\",\"target\":\"https:\/\/www.posgraduacao.unimontes.br\/ppgbot\/?s={search_term_string}\",\"query-input\":\"required name=search_term_string\"}],\"inLanguage\":\"pt-BR\"},{\"@type\":\"WebPage\",\"@id\":\"https:\/\/www.posgraduacao.unimontes.br\/ppgbot\/i-processo-seletivo-2024\/#webpage\",\"url\":\"https:\/\/www.posgraduacao.unimontes.br\/ppgbot\/i-processo-seletivo-2024\/\",\"name\":\"I Processo Seletivo 2024 - PPGBOT - P\\u00f3s Gradua\\u00e7\\u00e3o em Bot\\u00e2nica Aplicada\",\"isPartOf\":{\"@id\":\"https:\/\/www.posgraduacao.unimontes.br\/ppgbot\/#website\"},\"datePublished\":\"2023-12-15T11:02:20+00:00\",\"dateModified\":\"2024-02-29T10:43:32+00:00\",\"inLanguage\":\"pt-BR\",\"potentialAction\":[{\"@type\":\"ReadAction\",\"target\":[\"https:\/\/www.posgraduacao.unimontes.br\/ppgbot\/i-processo-seletivo-2024\/\"]}]}]}<\/script>\n<!-- \/ Yoast SEO plugin. -->","_links":{"self":[{"href":"https:\/\/www.posgraduacao.unimontes.br\/ppgbot\/wp-json\/wp\/v2\/pages\/2296"}],"collection":[{"href":"https:\/\/www.posgraduacao.unimontes.br\/ppgbot\/wp-json\/wp\/v2\/pages"}],"about":[{"href":"https:\/\/www.posgraduacao.unimontes.br\/ppgbot\/wp-json\/wp\/v2\/types\/page"}],"author":[{"embeddable":true,"href":"https:\/\/www.posgraduacao.unimontes.br\/ppgbot\/wp-json\/wp\/v2\/users\/13"}],"replies":[{"embeddable":true,"href":"https:\/\/www.posgraduacao.unimontes.br\/ppgbot\/wp-json\/wp\/v2\/comments?post=2296"}],"version-history":[{"count":13,"href":"https:\/\/www.posgraduacao.unimontes.br\/ppgbot\/wp-json\/wp\/v2\/pages\/2296\/revisions"}],"predecessor-version":[{"id":2399,"href":"https:\/\/www.posgraduacao.unimontes.br\/ppgbot\/wp-json\/wp\/v2\/pages\/2296\/revisions\/2399"}],"wp:attachment":[{"href":"https:\/\/www.posgraduacao.unimontes.br\/ppgbot\/wp-json\/wp\/v2\/media?parent=2296"}],"curies":[{"name":"wp","href":"https:\/\/api.w.org\/{rel}","templated":true}]}}