{"id":2150,"date":"2023-06-12T10:29:30","date_gmt":"2023-06-12T13:29:30","guid":{"rendered":"https:\/\/www.posgraduacao.unimontes.br\/ppgbot\/?page_id=2150"},"modified":"2023-08-08T12:42:14","modified_gmt":"2023-08-08T15:42:14","slug":"ii-processo-seletivo-2023","status":"publish","type":"page","link":"https:\/\/www.posgraduacao.unimontes.br\/ppgbot\/selecao\/ii-processo-seletivo-2023\/","title":{"rendered":"II Processo Seletivo 2023"},"content":{"rendered":"\n<p><\/p>\n\n\n\n<p> O Programa de P\u00f3s-Gradua\u00e7\u00e3o em Bot\u00e2nica Aplicada lan\u00e7a Edital para o seu 10\u00b0 processo seletivo de alunos regulares, com entrada no 2\u00b0 semestre de 2023. Ser\u00e3o oferecidas 21 vagas neste processo.<\/p>\n\n\n\n<div class=\"wp-block-button\"><a class=\"wp-block-button__link has-text-color has-very-dark-gray-color has-background has-vivid-green-cyan-background-color\" href=\"http:\/\/www.posgraduacao.unimontes.br\/uploads\/sites\/17\/2023\/06\/Edital-02-23-do-Processo-Seletivo-Regular-do-PPGBOT.pdf\"> Edital n\u00ba 02\/2023 &#8211; Processo Seletivo Regular <\/a><\/div>\n\n\n\n<p><\/p>\n\n\n\n<div class=\"wp-block-button\"><a class=\"wp-block-button__link has-text-color has-very-dark-gray-color has-background has-vivid-green-cyan-background-color\" href=\"http:\/\/www.posgraduacao.unimontes.br\/uploads\/sites\/17\/2023\/07\/RETITICA\u00c7\u00c3O-EDITAL-N\u00ba-02-2023-PROCESSO-SELETIVO-REGULAR.pdf\"> 1\u00ba Retifica\u00e7\u00e3o do Edital n\u00ba 02\/2023 &#8211; Prorroga\u00e7\u00e3o das inscri\u00e7\u00f5es <\/a><\/div>\n\n\n\n<p><\/p>\n\n\n\n<div class=\"wp-block-button\"><a class=\"wp-block-button__link has-text-color has-very-dark-gray-color has-background has-vivid-green-cyan-background-color\" href=\"http:\/\/www.posgraduacao.unimontes.br\/uploads\/sites\/17\/2023\/07\/Homologa\u00e7\u00e3o-Inscri\u00e7\u00f5es-Processo-Seletivo-Regular-2-2023-do-PPGBOT.pdf\">Inscri\u00e7\u00f5es Homologadas Edital n\u00b002\/2023<\/a><\/div>\n\n\n\n<p><\/p>\n\n\n\n<div class=\"wp-block-button\"><a class=\"wp-block-button__link has-text-color has-very-dark-gray-color has-background has-vivid-green-cyan-background-color\" href=\"http:\/\/www.posgraduacao.unimontes.br\/uploads\/sites\/17\/2023\/07\/RESULTADO-PRELIMINAR-02-2023-1-1.pdf\">Resultado Preliminar Edital n\u00b002\/2023<\/a><\/div>\n\n\n\n<p><\/p>\n\n\n\n<div class=\"wp-block-button\"><a class=\"wp-block-button__link has-text-color has-very-dark-gray-color has-background has-vivid-green-cyan-background-color\" href=\"http:\/\/www.posgraduacao.unimontes.br\/uploads\/sites\/17\/2023\/08\/RESULTADO-FINAL-02-2023-1-1.pdf\">Resultado Final Edital n\u00b002\/2023<\/a><\/div>\n\n\n\n<p><\/p>\n\n\n\n<p> O Programa de P\u00f3s-Gradua\u00e7\u00e3o em Bot\u00e2nica Aplicada lan\u00e7a Edital para processo seletivo de disciplinas isoladas, com entrada no 2\u00b0 semestre de 2023.<\/p>\n\n\n\n<div class=\"wp-block-button\"><a class=\"wp-block-button__link has-text-color has-very-dark-gray-color has-background has-vivid-green-cyan-background-color\" href=\"http:\/\/www.posgraduacao.unimontes.br\/uploads\/sites\/17\/2023\/06\/Edital-02-23-das-Disciplinas-Isoladas-do-PPGBOT-1.pdf\"> Edital n\u00ba 02\/2023 &#8211; Processo Seletivo Disciplinas Isoladas <\/a><\/div>\n\n\n\n<p><\/p>\n\n\n\n<div class=\"wp-block-button\"><a class=\"wp-block-button__link has-text-color has-very-dark-gray-color has-background has-vivid-green-cyan-background-color\" href=\"http:\/\/www.posgraduacao.unimontes.br\/uploads\/sites\/17\/2023\/07\/RETITICA\u00c7\u00c3O-EDITAL-N\u00ba-02-2023-DISCIPLINAS-ISOLADAS.pdf\">  1\u00ba Retifica\u00e7\u00e3o do Edital n\u00ba 02\/2023 &#8211; Prorroga\u00e7\u00e3o das inscri\u00e7\u00f5es  <\/a><\/div>\n\n\n\n<p><\/p>\n\n\n\n<div class=\"wp-block-button\"><a class=\"wp-block-button__link has-text-color has-very-dark-gray-color has-background has-vivid-green-cyan-background-color\" href=\"http:\/\/www.posgraduacao.unimontes.br\/uploads\/sites\/17\/2023\/08\/RESULTADO-PRELIMINAR-Disciplinas-Isoladas-02-2023.pdf\"> Resultado Preliminar Edital n\u00b002\/2023 &#8211; Disciplinas Isoladas<\/a><\/div>\n\n\n\n<p><\/p>\n\n\n\n<div class=\"wp-block-button\"><a class=\"wp-block-button__link has-text-color has-very-dark-gray-color has-background has-vivid-green-cyan-background-color\" href=\"http:\/\/www.posgraduacao.unimontes.br\/uploads\/sites\/17\/2023\/08\/RESULTADO-FINAL-Disciplinas-Isoladas-02-2023.pdf\">Resultado Final Edital n\u00b002\/2023 &#8211; Disciplinas Isoladas<\/a><\/div>\n\n\n\n<p><\/p>\n","protected":false},"excerpt":{"rendered":"<p>O Programa de P\u00f3s-Gradua\u00e7\u00e3o em Bot\u00e2nica Aplicada lan\u00e7a Edital para o seu 10\u00b0 processo seletivo de alunos regulares, com entrada no 2\u00b0 semestre de 2023. Ser\u00e3o oferecidas 21 vagas neste processo. O Programa de P\u00f3s-Gradua\u00e7\u00e3o em Bot\u00e2nica Aplicada lan\u00e7a Edital para processo seletivo de disciplinas isoladas, com entrada no 2\u00b0 semestre de 2023.<\/p>\n","protected":false},"author":13,"featured_media":0,"parent":38,"menu_order":0,"comment_status":"closed","ping_status":"closed","template":"","meta":[],"yoast_head":"<!-- This site is optimized with the Yoast SEO plugin v14.7 - https:\/\/yoast.com\/wordpress\/plugins\/seo\/ -->\n<title>II Processo Seletivo 2023 - PPGBOT - P\u00f3s Gradua\u00e7\u00e3o em Bot\u00e2nica Aplicada<\/title>\n<meta name=\"robots\" content=\"index, follow\" \/>\n<meta name=\"googlebot\" content=\"index, follow, max-snippet:-1, max-image-preview:large, max-video-preview:-1\" \/>\n<meta name=\"bingbot\" content=\"index, follow, max-snippet:-1, max-image-preview:large, max-video-preview:-1\" \/>\n<link rel=\"canonical\" href=\"https:\/\/www.posgraduacao.unimontes.br\/ppgbot\/selecao\/ii-processo-seletivo-2023\/\" \/>\n<meta property=\"og:locale\" content=\"pt_BR\" \/>\n<meta property=\"og:type\" content=\"article\" \/>\n<meta property=\"og:title\" content=\"II Processo Seletivo 2023 - PPGBOT - P\u00f3s Gradua\u00e7\u00e3o em Bot\u00e2nica Aplicada\" \/>\n<meta property=\"og:description\" content=\"O Programa de P\u00f3s-Gradua\u00e7\u00e3o em Bot\u00e2nica Aplicada lan\u00e7a Edital para o seu 10\u00b0 processo seletivo de alunos regulares, com entrada no 2\u00b0 semestre de 2023. Ser\u00e3o oferecidas 21 vagas neste processo. O Programa de P\u00f3s-Gradua\u00e7\u00e3o em Bot\u00e2nica Aplicada lan\u00e7a Edital para processo seletivo de disciplinas isoladas, com entrada no 2\u00b0 semestre de 2023.\" \/>\n<meta property=\"og:url\" content=\"https:\/\/www.posgraduacao.unimontes.br\/ppgbot\/selecao\/ii-processo-seletivo-2023\/\" \/>\n<meta property=\"og:site_name\" content=\"PPGBOT - P\u00f3s Gradua\u00e7\u00e3o em Bot\u00e2nica Aplicada\" \/>\n<meta property=\"article:modified_time\" content=\"2023-08-08T15:42:14+00:00\" \/>\n<meta name=\"twitter:card\" content=\"summary_large_image\" \/>\n<script type=\"application\/ld+json\" class=\"yoast-schema-graph\">{\"@context\":\"https:\/\/schema.org\",\"@graph\":[{\"@type\":\"WebSite\",\"@id\":\"https:\/\/www.posgraduacao.unimontes.br\/ppgbot\/#website\",\"url\":\"https:\/\/www.posgraduacao.unimontes.br\/ppgbot\/\",\"name\":\"PPGBOT - P\\u00f3s Gradua\\u00e7\\u00e3o em Bot\\u00e2nica Aplicada\",\"description\":\"\",\"potentialAction\":[{\"@type\":\"SearchAction\",\"target\":\"https:\/\/www.posgraduacao.unimontes.br\/ppgbot\/?s={search_term_string}\",\"query-input\":\"required name=search_term_string\"}],\"inLanguage\":\"pt-BR\"},{\"@type\":\"WebPage\",\"@id\":\"https:\/\/www.posgraduacao.unimontes.br\/ppgbot\/selecao\/ii-processo-seletivo-2023\/#webpage\",\"url\":\"https:\/\/www.posgraduacao.unimontes.br\/ppgbot\/selecao\/ii-processo-seletivo-2023\/\",\"name\":\"II Processo Seletivo 2023 - PPGBOT - P\\u00f3s Gradua\\u00e7\\u00e3o em Bot\\u00e2nica Aplicada\",\"isPartOf\":{\"@id\":\"https:\/\/www.posgraduacao.unimontes.br\/ppgbot\/#website\"},\"datePublished\":\"2023-06-12T13:29:30+00:00\",\"dateModified\":\"2023-08-08T15:42:14+00:00\",\"inLanguage\":\"pt-BR\",\"potentialAction\":[{\"@type\":\"ReadAction\",\"target\":[\"https:\/\/www.posgraduacao.unimontes.br\/ppgbot\/selecao\/ii-processo-seletivo-2023\/\"]}]}]}<\/script>\n<!-- \/ Yoast SEO plugin. -->","_links":{"self":[{"href":"https:\/\/www.posgraduacao.unimontes.br\/ppgbot\/wp-json\/wp\/v2\/pages\/2150"}],"collection":[{"href":"https:\/\/www.posgraduacao.unimontes.br\/ppgbot\/wp-json\/wp\/v2\/pages"}],"about":[{"href":"https:\/\/www.posgraduacao.unimontes.br\/ppgbot\/wp-json\/wp\/v2\/types\/page"}],"author":[{"embeddable":true,"href":"https:\/\/www.posgraduacao.unimontes.br\/ppgbot\/wp-json\/wp\/v2\/users\/13"}],"replies":[{"embeddable":true,"href":"https:\/\/www.posgraduacao.unimontes.br\/ppgbot\/wp-json\/wp\/v2\/comments?post=2150"}],"version-history":[{"count":10,"href":"https:\/\/www.posgraduacao.unimontes.br\/ppgbot\/wp-json\/wp\/v2\/pages\/2150\/revisions"}],"predecessor-version":[{"id":2226,"href":"https:\/\/www.posgraduacao.unimontes.br\/ppgbot\/wp-json\/wp\/v2\/pages\/2150\/revisions\/2226"}],"up":[{"embeddable":true,"href":"https:\/\/www.posgraduacao.unimontes.br\/ppgbot\/wp-json\/wp\/v2\/pages\/38"}],"wp:attachment":[{"href":"https:\/\/www.posgraduacao.unimontes.br\/ppgbot\/wp-json\/wp\/v2\/media?parent=2150"}],"curies":[{"name":"wp","href":"https:\/\/api.w.org\/{rel}","templated":true}]}}