{"id":1906,"date":"2022-12-09T10:49:15","date_gmt":"2022-12-09T13:49:15","guid":{"rendered":"https:\/\/www.posgraduacao.unimontes.br\/ppgbot\/?page_id=1906"},"modified":"2023-02-24T08:13:43","modified_gmt":"2023-02-24T11:13:43","slug":"i-processo-seletivo-2023","status":"publish","type":"page","link":"https:\/\/www.posgraduacao.unimontes.br\/ppgbot\/selecao\/i-processo-seletivo-2023\/","title":{"rendered":"I Processo Seletivo 2023"},"content":{"rendered":"\n<p> <\/p>\n\n\n\n<p>O Programa de P\u00f3s-Gradua\u00e7\u00e3o em Bot\u00e2nica Aplicada lan\u00e7a Edital para o seu 9\u00b0 processo seletivo de alunos regulares, com entrada no 1\u00b0 semestre de 2023. Ser\u00e3o oferecidas 21 vagas neste processo e o per\u00edodo de inscri\u00e7\u00f5es \u00e9 do dia 19\/12\/2022 at\u00e9 o dia 27\/01\/2023. <\/p>\n\n\n\n<p><\/p>\n\n\n\n<div class=\"wp-block-button is-style-outline\"><a class=\"wp-block-button__link has-background has-vivid-green-cyan-background-color\" href=\"http:\/\/www.posgraduacao.unimontes.br\/uploads\/sites\/17\/2022\/12\/EDITAL-PPGBOT-REGULAR-01-2023.pdf\" target=\"_blank\" rel=\"noreferrer noopener\">Edital n\u00ba 01\/2023 &#8211; Processo Seletivo Regular<\/a><\/div>\n\n\n\n<p><\/p>\n\n\n\n<p><\/p>\n\n\n\n<div class=\"wp-block-button is-style-outline\"><a class=\"wp-block-button__link has-background has-vivid-green-cyan-background-color\" href=\"http:\/\/www.posgraduacao.unimontes.br\/uploads\/sites\/17\/2023\/01\/RETITICA\u00c7\u00c3O-EDITAL-N\u00ba-01-2023-PROCESSO-SELETIVO-REGULAR-1.pdf\" target=\"_blank\" rel=\"noreferrer noopener\">1\u00aa Retifica\u00e7\u00e3o do Edital 01\/2023 &#8211; Prorroga\u00e7\u00e3o das inscri\u00e7\u00f5es  <\/a><\/div>\n\n\n\n<p><\/p>\n\n\n\n<p><\/p>\n\n\n\n<div class=\"wp-block-button is-style-outline\"><a class=\"wp-block-button__link has-background has-vivid-green-cyan-background-color\" href=\"http:\/\/www.posgraduacao.unimontes.br\/uploads\/sites\/17\/2023\/02\/Homologa\u00e7\u00e3o-de-inscri\u00e7\u00f5es-01-2023.pdf\" target=\"_blank\" rel=\"noreferrer noopener\">Homologa\u00e7\u00e3o de Inscri\u00e7\u00f5es<\/a><\/div>\n\n\n\n<p><\/p>\n\n\n\n<p><\/p>\n\n\n\n<div class=\"wp-block-button is-style-outline\"><a class=\"wp-block-button__link has-background has-vivid-green-cyan-background-color\" href=\"http:\/\/www.posgraduacao.unimontes.br\/uploads\/sites\/17\/2023\/02\/RESULTADO-PRELIMINAR-01-2023.pdf\" target=\"_blank\" rel=\"noreferrer noopener\">Resultado Preliminar &#8211; Edital 01\/2023<\/a><\/div>\n\n\n\n<p><\/p>\n\n\n\n<p><\/p>\n\n\n\n<div class=\"wp-block-button is-style-outline\"><a class=\"wp-block-button__link has-background has-vivid-green-cyan-background-color\" href=\"http:\/\/www.posgraduacao.unimontes.br\/uploads\/sites\/17\/2023\/02\/RESULTADO-FINAL-01-2023-1.pdf\" target=\"_blank\" rel=\"noreferrer noopener\">Resultado Final &#8211; Edital 01\/2023 &#8211; Processo Seletivo Regular<\/a><\/div>\n\n\n\n<p><\/p>\n\n\n\n<p><\/p>\n\n\n\n<p>O Programa de P\u00f3s-Gradua\u00e7\u00e3o em Bot\u00e2nica Aplicada lan\u00e7a Edital para processo seletivo de disciplinas isoladas, com entrada no 1\u00b0 semestre de 2023. O per\u00edodo de inscri\u00e7\u00f5es \u00e9 do dia 16 de janeiro at\u00e9 o dia 10 de fevereiro de 2023.<\/p>\n\n\n\n<p><\/p>\n\n\n\n<div class=\"wp-block-button is-style-outline\"><a class=\"wp-block-button__link has-background has-vivid-green-cyan-background-color\" href=\"http:\/\/www.posgraduacao.unimontes.br\/uploads\/sites\/17\/2023\/01\/Edital-Processo-Seletivo-Disciplinas-Isoladas-PPGBot-2-2023.pdf\" target=\"_blank\" rel=\"noreferrer noopener\">Edital n\u00ba 01\/2023 &#8211; Processo Seletivo Disciplinas Isoladas<\/a><\/div>\n\n\n\n<p><\/p>\n\n\n\n<p><\/p>\n\n\n\n<div class=\"wp-block-button is-style-outline\"><a class=\"wp-block-button__link has-background has-vivid-green-cyan-background-color\" href=\"http:\/\/www.posgraduacao.unimontes.br\/uploads\/sites\/17\/2023\/02\/Resultado-Edital-Disciplinas-Isoladas-1-2023.pdf\" target=\"_blank\" rel=\"noreferrer noopener\">Resultado Preliminar Disciplinas Isoladas &#8211;  Edital n\u00ba 01\/2023  <\/a><\/div>\n\n\n\n<p><\/p>\n\n\n\n<div class=\"wp-block-button is-style-outline\"><a class=\"wp-block-button__link has-background has-vivid-green-cyan-background-color\" href=\"http:\/\/www.posgraduacao.unimontes.br\/uploads\/sites\/17\/2023\/02\/Resultado-final-Edital-Disciplinas-Isoladas-1-2023.pdf\" target=\"_blank\" rel=\"noreferrer noopener\">Resultado Final Disciplinas Isoladas &#8211;  Edital n\u00ba 01\/2023  <\/a><\/div>\n\n\n\n<p><\/p>\n","protected":false},"excerpt":{"rendered":"<p>O Programa de P\u00f3s-Gradua\u00e7\u00e3o em Bot\u00e2nica Aplicada lan\u00e7a Edital para o seu 9\u00b0 processo seletivo de alunos regulares, com entrada no 1\u00b0 semestre de 2023. Ser\u00e3o oferecidas 21 vagas neste processo e o per\u00edodo de inscri\u00e7\u00f5es \u00e9 do dia 19\/12\/2022 at\u00e9 o dia 27\/01\/2023. O Programa de P\u00f3s-Gradua\u00e7\u00e3o em Bot\u00e2nica Aplicada lan\u00e7a Edital para processo [&hellip;]<\/p>\n","protected":false},"author":13,"featured_media":0,"parent":38,"menu_order":0,"comment_status":"closed","ping_status":"closed","template":"","meta":[],"yoast_head":"<!-- This site is optimized with the Yoast SEO plugin v14.7 - https:\/\/yoast.com\/wordpress\/plugins\/seo\/ -->\n<title>I Processo Seletivo 2023 - PPGBOT - P\u00f3s Gradua\u00e7\u00e3o em Bot\u00e2nica Aplicada<\/title>\n<meta name=\"robots\" content=\"index, follow\" \/>\n<meta name=\"googlebot\" content=\"index, follow, max-snippet:-1, max-image-preview:large, max-video-preview:-1\" \/>\n<meta name=\"bingbot\" content=\"index, follow, max-snippet:-1, max-image-preview:large, max-video-preview:-1\" \/>\n<link rel=\"canonical\" href=\"https:\/\/www.posgraduacao.unimontes.br\/ppgbot\/selecao\/i-processo-seletivo-2023\/\" \/>\n<meta property=\"og:locale\" content=\"pt_BR\" \/>\n<meta property=\"og:type\" content=\"article\" \/>\n<meta property=\"og:title\" content=\"I Processo Seletivo 2023 - PPGBOT - P\u00f3s Gradua\u00e7\u00e3o em Bot\u00e2nica Aplicada\" \/>\n<meta property=\"og:description\" content=\"O Programa de P\u00f3s-Gradua\u00e7\u00e3o em Bot\u00e2nica Aplicada lan\u00e7a Edital para o seu 9\u00b0 processo seletivo de alunos regulares, com entrada no 1\u00b0 semestre de 2023. Ser\u00e3o oferecidas 21 vagas neste processo e o per\u00edodo de inscri\u00e7\u00f5es \u00e9 do dia 19\/12\/2022 at\u00e9 o dia 27\/01\/2023. O Programa de P\u00f3s-Gradua\u00e7\u00e3o em Bot\u00e2nica Aplicada lan\u00e7a Edital para processo [&hellip;]\" \/>\n<meta property=\"og:url\" content=\"https:\/\/www.posgraduacao.unimontes.br\/ppgbot\/selecao\/i-processo-seletivo-2023\/\" \/>\n<meta property=\"og:site_name\" content=\"PPGBOT - P\u00f3s Gradua\u00e7\u00e3o em Bot\u00e2nica Aplicada\" \/>\n<meta property=\"article:modified_time\" content=\"2023-02-24T11:13:43+00:00\" \/>\n<meta name=\"twitter:card\" content=\"summary_large_image\" \/>\n<script type=\"application\/ld+json\" class=\"yoast-schema-graph\">{\"@context\":\"https:\/\/schema.org\",\"@graph\":[{\"@type\":\"WebSite\",\"@id\":\"https:\/\/www.posgraduacao.unimontes.br\/ppgbot\/#website\",\"url\":\"https:\/\/www.posgraduacao.unimontes.br\/ppgbot\/\",\"name\":\"PPGBOT - P\\u00f3s Gradua\\u00e7\\u00e3o em Bot\\u00e2nica Aplicada\",\"description\":\"\",\"potentialAction\":[{\"@type\":\"SearchAction\",\"target\":\"https:\/\/www.posgraduacao.unimontes.br\/ppgbot\/?s={search_term_string}\",\"query-input\":\"required name=search_term_string\"}],\"inLanguage\":\"pt-BR\"},{\"@type\":\"WebPage\",\"@id\":\"https:\/\/www.posgraduacao.unimontes.br\/ppgbot\/selecao\/i-processo-seletivo-2023\/#webpage\",\"url\":\"https:\/\/www.posgraduacao.unimontes.br\/ppgbot\/selecao\/i-processo-seletivo-2023\/\",\"name\":\"I Processo Seletivo 2023 - PPGBOT - P\\u00f3s Gradua\\u00e7\\u00e3o em Bot\\u00e2nica Aplicada\",\"isPartOf\":{\"@id\":\"https:\/\/www.posgraduacao.unimontes.br\/ppgbot\/#website\"},\"datePublished\":\"2022-12-09T13:49:15+00:00\",\"dateModified\":\"2023-02-24T11:13:43+00:00\",\"inLanguage\":\"pt-BR\",\"potentialAction\":[{\"@type\":\"ReadAction\",\"target\":[\"https:\/\/www.posgraduacao.unimontes.br\/ppgbot\/selecao\/i-processo-seletivo-2023\/\"]}]}]}<\/script>\n<!-- \/ Yoast SEO plugin. -->","_links":{"self":[{"href":"https:\/\/www.posgraduacao.unimontes.br\/ppgbot\/wp-json\/wp\/v2\/pages\/1906"}],"collection":[{"href":"https:\/\/www.posgraduacao.unimontes.br\/ppgbot\/wp-json\/wp\/v2\/pages"}],"about":[{"href":"https:\/\/www.posgraduacao.unimontes.br\/ppgbot\/wp-json\/wp\/v2\/types\/page"}],"author":[{"embeddable":true,"href":"https:\/\/www.posgraduacao.unimontes.br\/ppgbot\/wp-json\/wp\/v2\/users\/13"}],"replies":[{"embeddable":true,"href":"https:\/\/www.posgraduacao.unimontes.br\/ppgbot\/wp-json\/wp\/v2\/comments?post=1906"}],"version-history":[{"count":17,"href":"https:\/\/www.posgraduacao.unimontes.br\/ppgbot\/wp-json\/wp\/v2\/pages\/1906\/revisions"}],"predecessor-version":[{"id":2130,"href":"https:\/\/www.posgraduacao.unimontes.br\/ppgbot\/wp-json\/wp\/v2\/pages\/1906\/revisions\/2130"}],"up":[{"embeddable":true,"href":"https:\/\/www.posgraduacao.unimontes.br\/ppgbot\/wp-json\/wp\/v2\/pages\/38"}],"wp:attachment":[{"href":"https:\/\/www.posgraduacao.unimontes.br\/ppgbot\/wp-json\/wp\/v2\/media?parent=1906"}],"curies":[{"name":"wp","href":"https:\/\/api.w.org\/{rel}","templated":true}]}}