{"id":1592,"date":"2021-12-20T14:37:19","date_gmt":"2021-12-20T17:37:19","guid":{"rendered":"https:\/\/www.posgraduacao.unimontes.br\/ppgbot\/?page_id=1592"},"modified":"2022-02-21T08:56:20","modified_gmt":"2022-02-21T11:56:20","slug":"i-processo-seletivo-2022","status":"publish","type":"page","link":"https:\/\/www.posgraduacao.unimontes.br\/ppgbot\/selecao\/i-processo-seletivo-2022\/","title":{"rendered":"I Processo Seletivo 2022"},"content":{"rendered":"\n<p><\/p>\n\n\n\n<p>O Programa de P\u00f3s-Gradua\u00e7\u00e3o em Bot\u00e2nica Aplicada lan\u00e7a Edital para o seu 7\u00b0 processo seletivo de alunos regulares, com entrada no 1\u00b0 semestre de 2022. Ser\u00e3o oferecidas 20 vagas neste processo e o per\u00edodo de inscri\u00e7\u00f5es \u00e9 do dia 03\/01\/2022 at\u00e9 o dia 30\/01\/2022. <\/p>\n\n\n\n<p><\/p>\n\n\n\n<div class=\"wp-block-button is-style-outline\"><a class=\"wp-block-button__link has-background has-vivid-green-cyan-background-color\" href=\"http:\/\/www.posgraduacao.unimontes.br\/uploads\/sites\/17\/2021\/12\/EDITAL-PPGBOT-PROCESSO-SELETIVO-REGULAR-01-2022.pdf\" target=\"_blank\" rel=\"noreferrer noopener\">Edital N\u00b0 01\/2022 &#8211; Processo Seletivo Regular<\/a><\/div>\n\n\n\n<p><\/p>\n\n\n\n<div class=\"wp-block-button\"><a class=\"wp-block-button__link\" href=\"http:\/\/www.posgraduacao.unimontes.br\/uploads\/sites\/17\/2022\/01\/1\u00b0-Retifica\u00e7\u00e3o-Edital-Processo-Seletivo-1-2022-PPGBot.pdf\">1\u00b0 Retifica\u00e7\u00e3o do Edital  N\u00b0 01\/2022 &#8211; Processo Seletivo Regular  Prorroga\u00e7\u00e3o das Inscri\u00e7\u00f5es <\/a><\/div>\n\n\n\n<p><\/p>\n\n\n\n<div class=\"wp-block-button is-style-outline\"><a class=\"wp-block-button__link has-text-color has-very-dark-gray-color has-background has-vivid-green-cyan-background-color\" href=\"http:\/\/www.posgraduacao.unimontes.br\/uploads\/sites\/17\/2022\/02\/Homologa\u00e7\u00e3o-de-Inscri\u00e7\u00f5es-Edital-01-2022-PPGBOT.pdf\" style=\"border-radius:43px\" target=\"_blank\" rel=\"noreferrer noopener\">Homologa\u00e7\u00e3o das Inscri\u00e7\u00f5es Edital 01\/2022 Processo Seletivo Regular<\/a><\/div>\n\n\n\n<p><\/p>\n\n\n\n<div class=\"wp-block-button is-style-outline\"><a class=\"wp-block-button__link has-text-color has-very-dark-gray-color has-background has-vivid-green-cyan-background-color\" href=\"http:\/\/www.posgraduacao.unimontes.br\/uploads\/sites\/17\/2022\/02\/Retifica\u00e7\u00e3o-Homologa\u00e7\u00e3o-de-Inscri\u00e7\u00f5es-Edital-01-2022-PPGBOT.pdf\" target=\"_blank\" rel=\"noreferrer noopener\">Retifica\u00e7\u00e3o Homologa\u00e7\u00e3o das Inscri\u00e7\u00f5es Edital 01\/2022 Processo Seletivo Regular <\/a><\/div>\n\n\n\n<p><\/p>\n\n\n\n<div class=\"wp-block-button alignleft is-style-outline\"><a class=\"wp-block-button__link has-text-color has-very-dark-gray-color has-background has-vivid-green-cyan-background-color\" href=\"http:\/\/www.posgraduacao.unimontes.br\/uploads\/sites\/17\/2022\/02\/RESULTADO-PRELIMINAR-01-2022.pdf\" target=\"_blank\" rel=\"noreferrer noopener\">Resultado Preliminar &#8211; Edital 01\/2022 Processo Seletivo Regular <\/a><\/div>\n\n\n\n<p>  <\/p>\n\n\n\n<p class=\"has-text-align-left\"> <\/p>\n\n\n\n<p><\/p>\n\n\n\n<p>    <\/p>\n\n\n\n<div class=\"wp-block-button is-style-outline\"><a class=\"wp-block-button__link has-background has-vivid-green-cyan-background-color\" href=\"http:\/\/www.posgraduacao.unimontes.br\/uploads\/sites\/17\/2022\/02\/RESULTADO-FINAL-01-2022.pdf\" target=\"_blank\" rel=\"noreferrer noopener\"> Resultado Final &#8211; Edital 01\/2022 Processo Seletivo Regular <\/a><\/div>\n\n\n\n<p>                                                                                                                                          <\/p>\n\n\n\n<p class=\"has-text-align-left\">                                                                                                                                  <\/p>\n\n\n\n<div class=\"wp-block-group\"><div class=\"wp-block-group__inner-container\">\n<div class=\"wp-block-group\"><div class=\"wp-block-group__inner-container\">\n<p>Edital para sele\u00e7\u00e3o de candidatos \u00e0s disciplinas isoladas do Programa de P\u00f3s-Gradua\u00e7\u00e3o em Bot\u00e2nica Aplicada para o 1\u00ba semestre de 2022.    <\/p>\n<\/div><\/div>\n\n\n\n<p> <\/p>\n\n\n\n<div class=\"wp-block-button is-style-outline\"><a class=\"wp-block-button__link has-background has-vivid-green-cyan-background-color\" href=\"http:\/\/www.posgraduacao.unimontes.br\/uploads\/sites\/17\/2021\/12\/Edital-Processo-Seletivo-Disciplinas-Isoladas-PPGBot-1-2022.pdf\" target=\"_blank\" rel=\"noreferrer noopener\">Edital 02\/2022 \u2013 Disciplinas Isoladas <\/a><\/div>\n<\/div><\/div>\n\n\n\n<div style=\"height:100px\" aria-hidden=\"true\" class=\"wp-block-spacer\"><\/div>\n\n\n\n<div class=\"wp-block-button\"><a class=\"wp-block-button__link\" href=\"http:\/\/www.posgraduacao.unimontes.br\/uploads\/sites\/17\/2022\/02\/Retifica\u00e7\u00e3o-Edital-Disciplinas-Isoladas-1-2022.pdf\"> 1\u00b0 Retifica\u00e7\u00e3o do Edital  N\u00b0 02\/2022 &#8211; Processo Disciplinas Isoladas Prorroga\u00e7\u00e3o das Inscri\u00e7\u00f5es  <\/a><\/div>\n\n\n\n<p><\/p>\n\n\n\n<p>                                                                                                                                                                                            <\/p>\n\n\n\n<div class=\"wp-block-button is-style-outline\"><a class=\"wp-block-button__link has-background has-vivid-green-cyan-background-color\" href=\"http:\/\/www.posgraduacao.unimontes.br\/uploads\/sites\/17\/2022\/02\/EDITAL-N\u00ba-02-2022-Lista-de-aprovados.pdf\" target=\"_blank\" rel=\"noreferrer noopener\">Lista de candidatos aprovados &#8211; Edital 02\/2022<\/a><\/div>\n\n\n\n<p><\/p>\n\n\n\n<div class=\"wp-block-button is-style-outline\"><a class=\"wp-block-button__link has-background has-vivid-green-cyan-background-color\" href=\"http:\/\/www.posgraduacao.unimontes.br\/uploads\/sites\/17\/2022\/02\/EDITAL-N\u00ba-02-2022-Resultado-Final.pdf\" target=\"_blank\" rel=\"noreferrer noopener\">Resultado Final &#8211; Edital 02\/2022<\/a><\/div>\n","protected":false},"excerpt":{"rendered":"<p>O Programa de P\u00f3s-Gradua\u00e7\u00e3o em Bot\u00e2nica Aplicada lan\u00e7a Edital para o seu 7\u00b0 processo seletivo de alunos regulares, com entrada no 1\u00b0 semestre de 2022. Ser\u00e3o oferecidas 20 vagas neste processo e o per\u00edodo de inscri\u00e7\u00f5es \u00e9 do dia 03\/01\/2022 at\u00e9 o dia 30\/01\/2022.<\/p>\n","protected":false},"author":13,"featured_media":0,"parent":38,"menu_order":0,"comment_status":"closed","ping_status":"closed","template":"","meta":[],"yoast_head":"<!-- This site is optimized with the Yoast SEO plugin v14.7 - https:\/\/yoast.com\/wordpress\/plugins\/seo\/ -->\n<title>I Processo Seletivo 2022 - PPGBOT - P\u00f3s Gradua\u00e7\u00e3o em Bot\u00e2nica Aplicada<\/title>\n<meta name=\"robots\" content=\"index, follow\" \/>\n<meta name=\"googlebot\" content=\"index, follow, max-snippet:-1, max-image-preview:large, max-video-preview:-1\" \/>\n<meta name=\"bingbot\" content=\"index, follow, max-snippet:-1, max-image-preview:large, max-video-preview:-1\" \/>\n<link rel=\"canonical\" href=\"https:\/\/www.posgraduacao.unimontes.br\/ppgbot\/selecao\/i-processo-seletivo-2022\/\" \/>\n<meta property=\"og:locale\" content=\"pt_BR\" \/>\n<meta property=\"og:type\" content=\"article\" \/>\n<meta property=\"og:title\" content=\"I Processo Seletivo 2022 - PPGBOT - P\u00f3s Gradua\u00e7\u00e3o em Bot\u00e2nica Aplicada\" \/>\n<meta property=\"og:description\" content=\"O Programa de P\u00f3s-Gradua\u00e7\u00e3o em Bot\u00e2nica Aplicada lan\u00e7a Edital para o seu 7\u00b0 processo seletivo de alunos regulares, com entrada no 1\u00b0 semestre de 2022. Ser\u00e3o oferecidas 20 vagas neste processo e o per\u00edodo de inscri\u00e7\u00f5es \u00e9 do dia 03\/01\/2022 at\u00e9 o dia 30\/01\/2022.\" \/>\n<meta property=\"og:url\" content=\"https:\/\/www.posgraduacao.unimontes.br\/ppgbot\/selecao\/i-processo-seletivo-2022\/\" \/>\n<meta property=\"og:site_name\" content=\"PPGBOT - P\u00f3s Gradua\u00e7\u00e3o em Bot\u00e2nica Aplicada\" \/>\n<meta property=\"article:modified_time\" content=\"2022-02-21T11:56:20+00:00\" \/>\n<meta name=\"twitter:card\" content=\"summary_large_image\" \/>\n<script type=\"application\/ld+json\" class=\"yoast-schema-graph\">{\"@context\":\"https:\/\/schema.org\",\"@graph\":[{\"@type\":\"WebSite\",\"@id\":\"https:\/\/www.posgraduacao.unimontes.br\/ppgbot\/#website\",\"url\":\"https:\/\/www.posgraduacao.unimontes.br\/ppgbot\/\",\"name\":\"PPGBOT - P\\u00f3s Gradua\\u00e7\\u00e3o em Bot\\u00e2nica Aplicada\",\"description\":\"\",\"potentialAction\":[{\"@type\":\"SearchAction\",\"target\":\"https:\/\/www.posgraduacao.unimontes.br\/ppgbot\/?s={search_term_string}\",\"query-input\":\"required name=search_term_string\"}],\"inLanguage\":\"pt-BR\"},{\"@type\":\"WebPage\",\"@id\":\"https:\/\/www.posgraduacao.unimontes.br\/ppgbot\/selecao\/i-processo-seletivo-2022\/#webpage\",\"url\":\"https:\/\/www.posgraduacao.unimontes.br\/ppgbot\/selecao\/i-processo-seletivo-2022\/\",\"name\":\"I Processo Seletivo 2022 - PPGBOT - P\\u00f3s Gradua\\u00e7\\u00e3o em Bot\\u00e2nica Aplicada\",\"isPartOf\":{\"@id\":\"https:\/\/www.posgraduacao.unimontes.br\/ppgbot\/#website\"},\"datePublished\":\"2021-12-20T17:37:19+00:00\",\"dateModified\":\"2022-02-21T11:56:20+00:00\",\"inLanguage\":\"pt-BR\",\"potentialAction\":[{\"@type\":\"ReadAction\",\"target\":[\"https:\/\/www.posgraduacao.unimontes.br\/ppgbot\/selecao\/i-processo-seletivo-2022\/\"]}]}]}<\/script>\n<!-- \/ Yoast SEO plugin. -->","_links":{"self":[{"href":"https:\/\/www.posgraduacao.unimontes.br\/ppgbot\/wp-json\/wp\/v2\/pages\/1592"}],"collection":[{"href":"https:\/\/www.posgraduacao.unimontes.br\/ppgbot\/wp-json\/wp\/v2\/pages"}],"about":[{"href":"https:\/\/www.posgraduacao.unimontes.br\/ppgbot\/wp-json\/wp\/v2\/types\/page"}],"author":[{"embeddable":true,"href":"https:\/\/www.posgraduacao.unimontes.br\/ppgbot\/wp-json\/wp\/v2\/users\/13"}],"replies":[{"embeddable":true,"href":"https:\/\/www.posgraduacao.unimontes.br\/ppgbot\/wp-json\/wp\/v2\/comments?post=1592"}],"version-history":[{"count":31,"href":"https:\/\/www.posgraduacao.unimontes.br\/ppgbot\/wp-json\/wp\/v2\/pages\/1592\/revisions"}],"predecessor-version":[{"id":1694,"href":"https:\/\/www.posgraduacao.unimontes.br\/ppgbot\/wp-json\/wp\/v2\/pages\/1592\/revisions\/1694"}],"up":[{"embeddable":true,"href":"https:\/\/www.posgraduacao.unimontes.br\/ppgbot\/wp-json\/wp\/v2\/pages\/38"}],"wp:attachment":[{"href":"https:\/\/www.posgraduacao.unimontes.br\/ppgbot\/wp-json\/wp\/v2\/media?parent=1592"}],"curies":[{"name":"wp","href":"https:\/\/api.w.org\/{rel}","templated":true}]}}