{"id":1420,"date":"2021-06-14T11:00:20","date_gmt":"2021-06-14T14:00:20","guid":{"rendered":"https:\/\/www.posgraduacao.unimontes.br\/ppgbot\/?page_id=1420"},"modified":"2021-08-05T17:37:07","modified_gmt":"2021-08-05T20:37:07","slug":"ii-processo-seletivo-2021","status":"publish","type":"page","link":"https:\/\/www.posgraduacao.unimontes.br\/ppgbot\/selecao\/ii-processo-seletivo-2021\/","title":{"rendered":"II Processo Seletivo 2021"},"content":{"rendered":"\n<p> <\/p>\n\n\n\n<p><\/p>\n\n\n\n<p>O Programa de P\u00f3s-Gradua\u00e7\u00e3o em Bot\u00e2nica Aplicada lan\u00e7a Edital para o seu 6\u00b0 processo seletivo de alunos regulares, com entrada no 2\u00b0 semestre de 2021. Ser\u00e3o oferecidas 21 vagas neste processo e o per\u00edodo de inscri\u00e7\u00f5es \u00e9 do dia 22\/06\/2021 \u00e0 16\/07\/2021. <\/p>\n\n\n\n<p><\/p>\n\n\n\n<div class=\"wp-block-button is-style-outline\"><a class=\"wp-block-button__link has-background has-vivid-green-cyan-background-color\" href=\"http:\/\/www.posgraduacao.unimontes.br\/uploads\/sites\/17\/2021\/06\/EDITAL-PPGBOT-REGULAR-03-2021.pdf\">Edital 03\/2021<\/a><\/div>\n\n\n\n<p><\/p>\n\n\n\n<div class=\"wp-block-button\"><a class=\"wp-block-button__link\" href=\"https:\/\/forms.gle\/daq7ins2c3ffZjj37\">Link para formul\u00e1rio  de Inscri\u00e7\u00e3o Processo Seletivo Regular Edital 03\/2021<\/a><\/div>\n\n\n\n<p><\/p>\n\n\n\n<div class=\"wp-block-button is-style-outline\"><a class=\"wp-block-button__link has-text-color has-very-dark-gray-color has-background has-vivid-green-cyan-background-color\" href=\"http:\/\/www.posgraduacao.unimontes.br\/uploads\/sites\/17\/2021\/07\/1\u00aa-Retificacao-do-EDITAL-03-2021-PPGPBOT.pdf\">1\u00aa Retifica\u00e7\u00e3o do Edital 03\/2021<\/a><\/div>\n\n\n\n<p><\/p>\n\n\n\n<p><\/p>\n\n\n\n<div class=\"wp-block-button is-style-outline\"><a class=\"wp-block-button__link has-background has-vivid-green-cyan-background-color\" href=\"http:\/\/www.posgraduacao.unimontes.br\/uploads\/sites\/17\/2021\/07\/Homologa\u00e7\u00e3o-de-Inscri\u00e7\u00f5es-Edital-03-2021.pdf\">Homologa\u00e7\u00e3o de inscri\u00e7\u00f5es Edital 03\/2021<\/a><\/div>\n\n\n\n<p><\/p>\n\n\n\n<p><\/p>\n\n\n\n<div class=\"wp-block-button is-style-outline\"><a class=\"wp-block-button__link has-background has-vivid-green-cyan-background-color\" href=\"http:\/\/www.posgraduacao.unimontes.br\/uploads\/sites\/17\/2021\/07\/Homologa\u00e7\u00e3o-de-Inscri\u00e7\u00f5es-com-link-data-e-hor\u00e1rio-Edital-03-2021.pdf\">Link, data e hor\u00e1rio para defesa da proposta de pesquisa<\/a><\/div>\n\n\n\n<p>                                                                                                                                                    <\/p>\n\n\n\n<p><\/p>\n\n\n\n<p><\/p>\n\n\n\n<div class=\"wp-block-button is-style-outline\"><a class=\"wp-block-button__link has-background has-vivid-green-cyan-background-color\" href=\"http:\/\/www.posgraduacao.unimontes.br\/uploads\/sites\/17\/2021\/07\/RESULTADO-PRELIMINAR-03-2021.pdf\">Resultado preliminar Edital 03\/2021<\/a><\/div>\n\n\n\n<p><\/p>\n\n\n\n<div class=\"wp-block-button is-style-outline\"><a class=\"wp-block-button__link has-text-color has-very-dark-gray-color has-background has-vivid-green-cyan-background-color\" href=\"http:\/\/www.posgraduacao.unimontes.br\/uploads\/sites\/17\/2021\/08\/RESULTADO-FINAL-PROCESSO-SELETIVO-PPGBOT-2-2021.pdf\">Resultado Final Edital 03\/2021<\/a><\/div>\n\n\n\n<p>Edital para sele\u00e7\u00e3o de candidatos \u00e0s disciplinas isoladas do Programa de P\u00f3s-Gradua\u00e7\u00e3o em Bot\u00e2nica Aplicada \u2013 segundo semestre de 2021. <\/p>\n\n\n\n<p><\/p>\n\n\n\n<div class=\"wp-block-button is-style-outline\"><a class=\"wp-block-button__link has-background has-vivid-green-cyan-background-color\" href=\"http:\/\/www.posgraduacao.unimontes.br\/uploads\/sites\/17\/2021\/06\/Edital-PPGBOT-Disciplinas-Isoladas-04-2021.pdf\">Edital 04\/2021<\/a><\/div>\n\n\n\n<p><\/p>\n\n\n\n<div class=\"wp-block-button\"><a class=\"wp-block-button__link\" href=\"https:\/\/forms.gle\/tZze2jRF5HsrPboa6\">Link para formul\u00e1rio de Inscri\u00e7\u00e3o Processo Seletivo Disciplinas Isoladas Edital 04\/2021<\/a><\/div>\n\n\n\n<p><\/p>\n\n\n\n<p><\/p>\n\n\n\n<p><\/p>\n\n\n\n<div class=\"wp-block-button is-style-outline\"><a class=\"wp-block-button__link has-background has-vivid-green-cyan-background-color\" href=\"http:\/\/www.posgraduacao.unimontes.br\/uploads\/sites\/17\/2021\/07\/1\u00aa-Retificacao-do-EDITAL-04-2021-PPGBOT.pdf\"> 1\u00aa Retifica\u00e7\u00e3o do Edital 04\/2021 <\/a><\/div>\n\n\n\n<p><\/p>\n\n\n\n<p><\/p>\n\n\n\n<div class=\"wp-block-button is-style-outline\"><a class=\"wp-block-button__link has-background has-vivid-green-cyan-background-color\" href=\"http:\/\/www.posgraduacao.unimontes.br\/uploads\/sites\/17\/2021\/08\/EDITAL-N\u00ba-04-2021-Lista-de-aprovados.pdf\">Lista de candidatos aprovados<\/a><\/div>\n\n\n\n<p><\/p>\n\n\n\n<div class=\"wp-block-button is-style-outline\"><a class=\"wp-block-button__link has-text-color has-very-dark-gray-color has-background has-vivid-green-cyan-background-color\" href=\"http:\/\/www.posgraduacao.unimontes.br\/uploads\/sites\/17\/2021\/08\/EDITAL-N\u00ba-04-2021-RESULTADO-FINAL.pdf\">Resultado Final Edital 4\/2021<\/a><\/div>\n","protected":false},"excerpt":{"rendered":"<p>O Programa de P\u00f3s-Gradua\u00e7\u00e3o em Bot\u00e2nica Aplicada lan\u00e7a Edital para o seu 6\u00b0 processo seletivo de alunos regulares, com entrada no 2\u00b0 semestre de 2021. Ser\u00e3o oferecidas 21 vagas neste processo e o per\u00edodo de inscri\u00e7\u00f5es \u00e9 do dia 22\/06\/2021 \u00e0 16\/07\/2021. Edital para sele\u00e7\u00e3o de candidatos \u00e0s disciplinas isoladas do Programa de P\u00f3s-Gradua\u00e7\u00e3o em [&hellip;]<\/p>\n","protected":false},"author":13,"featured_media":0,"parent":38,"menu_order":0,"comment_status":"closed","ping_status":"closed","template":"","meta":[],"yoast_head":"<!-- This site is optimized with the Yoast SEO plugin v14.7 - https:\/\/yoast.com\/wordpress\/plugins\/seo\/ -->\n<title>II Processo Seletivo 2021 - PPGBOT - P\u00f3s Gradua\u00e7\u00e3o em Bot\u00e2nica Aplicada<\/title>\n<meta name=\"robots\" content=\"index, follow\" \/>\n<meta name=\"googlebot\" content=\"index, follow, max-snippet:-1, max-image-preview:large, max-video-preview:-1\" \/>\n<meta name=\"bingbot\" content=\"index, follow, max-snippet:-1, max-image-preview:large, max-video-preview:-1\" \/>\n<link rel=\"canonical\" href=\"https:\/\/www.posgraduacao.unimontes.br\/ppgbot\/selecao\/ii-processo-seletivo-2021\/\" \/>\n<meta property=\"og:locale\" content=\"pt_BR\" \/>\n<meta property=\"og:type\" content=\"article\" \/>\n<meta property=\"og:title\" content=\"II Processo Seletivo 2021 - PPGBOT - P\u00f3s Gradua\u00e7\u00e3o em Bot\u00e2nica Aplicada\" \/>\n<meta property=\"og:description\" content=\"O Programa de P\u00f3s-Gradua\u00e7\u00e3o em Bot\u00e2nica Aplicada lan\u00e7a Edital para o seu 6\u00b0 processo seletivo de alunos regulares, com entrada no 2\u00b0 semestre de 2021. Ser\u00e3o oferecidas 21 vagas neste processo e o per\u00edodo de inscri\u00e7\u00f5es \u00e9 do dia 22\/06\/2021 \u00e0 16\/07\/2021. Edital para sele\u00e7\u00e3o de candidatos \u00e0s disciplinas isoladas do Programa de P\u00f3s-Gradua\u00e7\u00e3o em [&hellip;]\" \/>\n<meta property=\"og:url\" content=\"https:\/\/www.posgraduacao.unimontes.br\/ppgbot\/selecao\/ii-processo-seletivo-2021\/\" \/>\n<meta property=\"og:site_name\" content=\"PPGBOT - P\u00f3s Gradua\u00e7\u00e3o em Bot\u00e2nica Aplicada\" \/>\n<meta property=\"article:modified_time\" content=\"2021-08-05T20:37:07+00:00\" \/>\n<meta name=\"twitter:card\" content=\"summary_large_image\" \/>\n<script type=\"application\/ld+json\" class=\"yoast-schema-graph\">{\"@context\":\"https:\/\/schema.org\",\"@graph\":[{\"@type\":\"WebSite\",\"@id\":\"https:\/\/www.posgraduacao.unimontes.br\/ppgbot\/#website\",\"url\":\"https:\/\/www.posgraduacao.unimontes.br\/ppgbot\/\",\"name\":\"PPGBOT - P\\u00f3s Gradua\\u00e7\\u00e3o em Bot\\u00e2nica Aplicada\",\"description\":\"\",\"potentialAction\":[{\"@type\":\"SearchAction\",\"target\":\"https:\/\/www.posgraduacao.unimontes.br\/ppgbot\/?s={search_term_string}\",\"query-input\":\"required name=search_term_string\"}],\"inLanguage\":\"pt-BR\"},{\"@type\":\"WebPage\",\"@id\":\"https:\/\/www.posgraduacao.unimontes.br\/ppgbot\/selecao\/ii-processo-seletivo-2021\/#webpage\",\"url\":\"https:\/\/www.posgraduacao.unimontes.br\/ppgbot\/selecao\/ii-processo-seletivo-2021\/\",\"name\":\"II Processo Seletivo 2021 - PPGBOT - P\\u00f3s Gradua\\u00e7\\u00e3o em Bot\\u00e2nica Aplicada\",\"isPartOf\":{\"@id\":\"https:\/\/www.posgraduacao.unimontes.br\/ppgbot\/#website\"},\"datePublished\":\"2021-06-14T14:00:20+00:00\",\"dateModified\":\"2021-08-05T20:37:07+00:00\",\"inLanguage\":\"pt-BR\",\"potentialAction\":[{\"@type\":\"ReadAction\",\"target\":[\"https:\/\/www.posgraduacao.unimontes.br\/ppgbot\/selecao\/ii-processo-seletivo-2021\/\"]}]}]}<\/script>\n<!-- \/ Yoast SEO plugin. -->","_links":{"self":[{"href":"https:\/\/www.posgraduacao.unimontes.br\/ppgbot\/wp-json\/wp\/v2\/pages\/1420"}],"collection":[{"href":"https:\/\/www.posgraduacao.unimontes.br\/ppgbot\/wp-json\/wp\/v2\/pages"}],"about":[{"href":"https:\/\/www.posgraduacao.unimontes.br\/ppgbot\/wp-json\/wp\/v2\/types\/page"}],"author":[{"embeddable":true,"href":"https:\/\/www.posgraduacao.unimontes.br\/ppgbot\/wp-json\/wp\/v2\/users\/13"}],"replies":[{"embeddable":true,"href":"https:\/\/www.posgraduacao.unimontes.br\/ppgbot\/wp-json\/wp\/v2\/comments?post=1420"}],"version-history":[{"count":21,"href":"https:\/\/www.posgraduacao.unimontes.br\/ppgbot\/wp-json\/wp\/v2\/pages\/1420\/revisions"}],"predecessor-version":[{"id":1510,"href":"https:\/\/www.posgraduacao.unimontes.br\/ppgbot\/wp-json\/wp\/v2\/pages\/1420\/revisions\/1510"}],"up":[{"embeddable":true,"href":"https:\/\/www.posgraduacao.unimontes.br\/ppgbot\/wp-json\/wp\/v2\/pages\/38"}],"wp:attachment":[{"href":"https:\/\/www.posgraduacao.unimontes.br\/ppgbot\/wp-json\/wp\/v2\/media?parent=1420"}],"curies":[{"name":"wp","href":"https:\/\/api.w.org\/{rel}","templated":true}]}}