{"id":1270,"date":"2020-12-22T12:29:41","date_gmt":"2020-12-22T15:29:41","guid":{"rendered":"https:\/\/www.posgraduacao.unimontes.br\/ppgbot\/?page_id=1270"},"modified":"2021-02-26T08:41:10","modified_gmt":"2021-02-26T11:41:10","slug":"i-processo-seletivo-2021","status":"publish","type":"page","link":"https:\/\/www.posgraduacao.unimontes.br\/ppgbot\/i-processo-seletivo-2021\/","title":{"rendered":"I Processo Seletivo 2021"},"content":{"rendered":"<section class=\"kc-elm kc-css-674643 kc_row\"><div class=\"kc-row-container  kc-container\"><div class=\"kc-wrap-columns\"><div class=\"kc-elm kc-css-996816 kc_col-sm-12 kc_column kc_col-sm-12\"><div class=\"kc-col-container\"><div class=\"kc-elm kc-css-219527\" style=\"height: 40px; clear: both; width:100%;\"><\/div><div class=\"kc-elm kc-css-200281 kc_text_block\"><\/p>\n<\/p>\n<\/p>\n<\/p>\n<p>O Programa de P\u00f3s-Gradua\u00e7\u00e3o em Bot\u00e2nica Aplicada lan\u00e7a Edital para o seu 5\u00b0 processo seletivo de alunos regulares, com entrada no 1\u00b0 semestre de 2021. Ser\u00e3o oferecidas 20 vagas neste processo e o per\u00edodo de inscri\u00e7\u00f5es foi prorrogado at\u00e9 o dia 08\/02\/2021. Confira as demais altera\u00e7\u00f5es das datas do calend\u00e1rio do processo na 1\u00b0 Retifica\u00e7\u00e3o do Edital.\u00a0<\/p>\n<\/p>\n<\/p>\n<\/p>\n<\/p><\/p>\n<\/div><div class=\"kc-elm kc-css-341582\" style=\"height: 40px; clear: both; width:100%;\"><\/div>\n<div class=\"kc-elm kc-css-718250\">\n\t<a class=\"kc_button\" href=\"http:\/\/www.posgraduacao.unimontes.br\/uploads\/sites\/17\/2020\/12\/EDITAL-01-2021-Processo-Seletivo-Alunos-Regulares-PPGBOT.pdf\" target=\"_blank\" title=\"\" onclick=\"\">\n\t\tEdital 01\/2021\t<\/a>\n<\/div>\n<div class=\"kc-elm kc-css-404172\" style=\"height: 20px; clear: both; width:100%;\"><\/div>\n<div class=\"kc-elm kc-css-914507\">\n\t<a class=\"kc_button\" href=\"http:\/\/www.posgraduacao.unimontes.br\/uploads\/sites\/17\/2021\/02\/Retifica\u00e7\u00e3o-Edital-1-2021-PPGBOT.pdf\" target=\"_self\" title=\"\" onclick=\"\">\n\t\t1\u00b0 Retifica\u00e7\u00e3o do Edital\t<\/a>\n<\/div>\n<div class=\"kc-elm kc-css-973332\" style=\"height: 20px; clear: both; width:100%;\"><\/div>\n<div class=\"kc-elm kc-css-590044\">\n\t<a class=\"kc_button\" href=\"http:\/\/www.posgraduacao.unimontes.br\/uploads\/sites\/17\/2021\/02\/Homologa\u00e7\u00e3o-de-Inscri\u00e7\u00f5es-Edital-01-2021-PPGBOT.pdf\" target=\"_self\" title=\"\" onclick=\"\">\n\t\tInscri\u00e7\u00f5es homologadas Edital 1 2021 PPGBOT\t<\/a>\n<\/div>\n<div class=\"kc-elm kc-css-892762\" style=\"height: 20px; clear: both; width:100%;\"><\/div>\n<div class=\"kc-elm kc-css-839203\">\n\t<a class=\"kc_button\" href=\"http:\/\/www.posgraduacao.unimontes.br\/uploads\/sites\/17\/2021\/02\/RESULTADO-PRELIMINAR-EDITAL-PPGBOT-01-2021.pdf\" target=\"_self\" title=\"\" onclick=\"\">\n\t\tResultado Preliminar Edital N\u00b0 1\/2021\t<\/a>\n<\/div>\n<div class=\"kc-elm kc-css-307809\" style=\"height: 20px; clear: both; width:100%;\"><\/div>\n<div class=\"kc-elm kc-css-852674\">\n\t<a class=\"kc_button\" href=\"http:\/\/www.posgraduacao.unimontes.br\/uploads\/sites\/17\/2021\/02\/RESULTADO-FINAL-EDITAL-PPGBOT-01-2021.pdf\" target=\"_self\" title=\"\" onclick=\"\">\n\t\tResultado Final Edital N\u00b0 1\/2021\t<\/a>\n<\/div>\n<div class=\"kc-elm kc-css-81606\" style=\"height: 20px; clear: both; width:100%;\"><\/div><div class=\"kc-elm kc-css-565359 kc_text_block\"><p>Edital para sele\u00e7\u00e3o de candidatos \u00e0s disciplinas isoladas do Programa de P\u00f3s-Gradua\u00e7\u00e3o em Bot\u00e2nica Aplicada &#8211; primeiro semestre de 2021.<\/p>\n<\/div><div class=\"kc-elm kc-css-335069\" style=\"height: 20px; clear: both; width:100%;\"><\/div>\n<div class=\"kc-elm kc-css-312280\">\n\t<a class=\"kc_button\" href=\"http:\/\/www.posgraduacao.unimontes.br\/uploads\/sites\/17\/2021\/01\/Edital-PPGBOT-Disciplinas-Isoladas-1-2021.pdf\" target=\"_self\" title=\"Edital PPGBOT Disciplinas Isoladas 1 2021\" onclick=\"\">\n\t\t<i class=\"fa-leaf\"><\/i> Edital PPGBOT Disciplinas Isoladas 1 2021\t<\/a>\n<\/div>\n<div class=\"kc-elm kc-css-804750\" style=\"height: 20px; clear: both; width:100%;\"><\/div>\n<div class=\"kc-elm kc-css-541239\">\n\t<a class=\"kc_button\" href=\"http:\/\/www.posgraduacao.unimontes.br\/uploads\/sites\/17\/2021\/02\/Resultado-Preliminar-Disciplinas-Isoladas-Edital-2-2021-PPGBOT.pdf\" target=\"_self\" title=\"\" onclick=\"\">\n\t\tResultado Preliminar Disciplinas Isoladas Edital 2 2021 PPGBOT\t<\/a>\n<\/div>\n<div class=\"kc-elm kc-css-906241\" style=\"height: 20px; clear: both; width:100%;\"><\/div>\n<div class=\"kc-elm kc-css-571805\">\n\t<a class=\"kc_button\" href=\"http:\/\/www.posgraduacao.unimontes.br\/uploads\/sites\/17\/2021\/02\/Resultado-Final-Disciplinas-Isoladas-Edital-2-2021-PPGBOT.pdf\" target=\"_self\" title=\"\" onclick=\"\">\n\t\tResultado Final Disciplinas Isoladas Edital 2 2021 PPGBOT\t<\/a>\n<\/div>\n<\/div><\/div><\/div><\/div><\/section>","protected":false},"excerpt":{"rendered":"","protected":false},"author":13,"featured_media":0,"parent":0,"menu_order":0,"comment_status":"closed","ping_status":"closed","template":"","meta":[],"yoast_head":"<!-- This site is optimized with the Yoast SEO plugin v14.7 - https:\/\/yoast.com\/wordpress\/plugins\/seo\/ -->\n<title>I Processo Seletivo 2021 - PPGBOT - P\u00f3s Gradua\u00e7\u00e3o em Bot\u00e2nica Aplicada<\/title>\n<meta name=\"robots\" content=\"index, follow\" \/>\n<meta name=\"googlebot\" content=\"index, follow, max-snippet:-1, max-image-preview:large, max-video-preview:-1\" \/>\n<meta name=\"bingbot\" content=\"index, follow, max-snippet:-1, max-image-preview:large, max-video-preview:-1\" \/>\n<link rel=\"canonical\" href=\"https:\/\/www.posgraduacao.unimontes.br\/ppgbot\/i-processo-seletivo-2021\/\" \/>\n<meta property=\"og:locale\" content=\"pt_BR\" \/>\n<meta property=\"og:type\" content=\"article\" \/>\n<meta property=\"og:title\" content=\"I Processo Seletivo 2021 - PPGBOT - P\u00f3s Gradua\u00e7\u00e3o em Bot\u00e2nica Aplicada\" \/>\n<meta property=\"og:description\" content=\"O Programa de P\u00f3s-Gradua\u00e7\u00e3o em Bot\u00e2nica Aplicada lan\u00e7a Edital para o seu 5\u00b0 processo seletivo de alunos regulares, com entrada no 1\u00b0 semestre de 2021. Ser\u00e3o oferecidas 20 vagas neste processo e o per\u00edodo de inscri\u00e7\u00f5es foi prorrogado at\u00e9 o dia 08\/02\/2021. Confira as demais altera\u00e7\u00f5es das datas do calend\u00e1rio do processo na 1\u00b0 Retifica\u00e7\u00e3o [&hellip;]\" \/>\n<meta property=\"og:url\" content=\"https:\/\/www.posgraduacao.unimontes.br\/ppgbot\/i-processo-seletivo-2021\/\" \/>\n<meta property=\"og:site_name\" content=\"PPGBOT - P\u00f3s Gradua\u00e7\u00e3o em Bot\u00e2nica Aplicada\" \/>\n<meta property=\"article:modified_time\" content=\"2021-02-26T11:41:10+00:00\" \/>\n<meta name=\"twitter:card\" content=\"summary_large_image\" \/>\n<script type=\"application\/ld+json\" class=\"yoast-schema-graph\">{\"@context\":\"https:\/\/schema.org\",\"@graph\":[{\"@type\":\"WebSite\",\"@id\":\"https:\/\/www.posgraduacao.unimontes.br\/ppgbot\/#website\",\"url\":\"https:\/\/www.posgraduacao.unimontes.br\/ppgbot\/\",\"name\":\"PPGBOT - P\\u00f3s Gradua\\u00e7\\u00e3o em Bot\\u00e2nica Aplicada\",\"description\":\"\",\"potentialAction\":[{\"@type\":\"SearchAction\",\"target\":\"https:\/\/www.posgraduacao.unimontes.br\/ppgbot\/?s={search_term_string}\",\"query-input\":\"required name=search_term_string\"}],\"inLanguage\":\"pt-BR\"},{\"@type\":\"WebPage\",\"@id\":\"https:\/\/www.posgraduacao.unimontes.br\/ppgbot\/i-processo-seletivo-2021\/#webpage\",\"url\":\"https:\/\/www.posgraduacao.unimontes.br\/ppgbot\/i-processo-seletivo-2021\/\",\"name\":\"I Processo Seletivo 2021 - PPGBOT - P\\u00f3s Gradua\\u00e7\\u00e3o em Bot\\u00e2nica Aplicada\",\"isPartOf\":{\"@id\":\"https:\/\/www.posgraduacao.unimontes.br\/ppgbot\/#website\"},\"datePublished\":\"2020-12-22T15:29:41+00:00\",\"dateModified\":\"2021-02-26T11:41:10+00:00\",\"inLanguage\":\"pt-BR\",\"potentialAction\":[{\"@type\":\"ReadAction\",\"target\":[\"https:\/\/www.posgraduacao.unimontes.br\/ppgbot\/i-processo-seletivo-2021\/\"]}]}]}<\/script>\n<!-- \/ Yoast SEO plugin. -->","_links":{"self":[{"href":"https:\/\/www.posgraduacao.unimontes.br\/ppgbot\/wp-json\/wp\/v2\/pages\/1270"}],"collection":[{"href":"https:\/\/www.posgraduacao.unimontes.br\/ppgbot\/wp-json\/wp\/v2\/pages"}],"about":[{"href":"https:\/\/www.posgraduacao.unimontes.br\/ppgbot\/wp-json\/wp\/v2\/types\/page"}],"author":[{"embeddable":true,"href":"https:\/\/www.posgraduacao.unimontes.br\/ppgbot\/wp-json\/wp\/v2\/users\/13"}],"replies":[{"embeddable":true,"href":"https:\/\/www.posgraduacao.unimontes.br\/ppgbot\/wp-json\/wp\/v2\/comments?post=1270"}],"version-history":[{"count":20,"href":"https:\/\/www.posgraduacao.unimontes.br\/ppgbot\/wp-json\/wp\/v2\/pages\/1270\/revisions"}],"predecessor-version":[{"id":1278,"href":"https:\/\/www.posgraduacao.unimontes.br\/ppgbot\/wp-json\/wp\/v2\/pages\/1270\/revisions\/1278"}],"wp:attachment":[{"href":"https:\/\/www.posgraduacao.unimontes.br\/ppgbot\/wp-json\/wp\/v2\/media?parent=1270"}],"curies":[{"name":"wp","href":"https:\/\/api.w.org\/{rel}","templated":true}]}}