{"id":1101,"date":"2020-07-21T21:01:14","date_gmt":"2020-07-22T00:01:14","guid":{"rendered":"https:\/\/www.posgraduacao.unimontes.br\/ppgbot\/?page_id=1101"},"modified":"2020-07-22T11:25:00","modified_gmt":"2020-07-22T14:25:00","slug":"programa-insercao-da-botanica","status":"publish","type":"page","link":"https:\/\/www.posgraduacao.unimontes.br\/ppgbot\/programa-insercao-da-botanica\/","title":{"rendered":"Programa Inser\u00e7\u00e3o da Bot\u00e2nica"},"content":{"rendered":"<section class=\"kc-elm kc-css-972751 kc_row\"><div class=\"kc-row-container  kc-container\"><div class=\"kc-wrap-columns\"><div class=\"kc-elm kc-css-886947 kc_col-sm-12 kc_column kc_col-sm-12\"><div class=\"kc-col-container\"><div class=\"kc-elm kc-css-336829 kc_shortcode kc_single_image\">\n\n        <img src=\"https:\/\/www.posgraduacao.unimontes.br\/uploads\/sites\/17\/2020\/07\/Logo-Inser\u00e7\u00e3o-da-Botanica-e1595427777849.jpg\" class=\"\" alt=\"\" \/>    <\/div>\n<div class=\"kc-elm kc-css-464418\" style=\"height: 20px; clear: both; width:100%;\"><\/div><div class=\"kc-elm kc-css-637534 kc_text_block\"><hr class=\"wp-block-separator\" \/>\n<p><!-- \/wp:separator --><\/p>\n<p><!-- wp:paragraph --><\/p>\n<p><!-- \/wp:paragraph --><\/p>\n<p><!-- wp:paragraph {\"align\":\"left\"} --><\/p>\n<p class=\"has-text-align-left\" style=\"text-align: center;\"><strong>Programa Inser\u00e7\u00e3o da Bot\u00e2nica na Educa\u00e7\u00e3o<\/strong><\/p>\n<p style=\"text-align: center;\"><!-- \/wp:paragraph --><\/p>\n<p style=\"text-align: center;\"><!-- wp:paragraph {\"align\":\"center\"} --><\/p>\n<p class=\"has-text-align-center\" style=\"text-align: center;\">A Bot\u00e2nica \u00e9 uma das \u00e1reas que apresentam maior dificuldade de assimila\u00e7\u00e3o de conte\u00fados no processo de ensino-aprendizagem. Considerado como muito te\u00f3rico, convencional e pragm\u00e1tico,o ensino da Bot\u00e2nica \u00e9 agravado com a aus\u00eancia de aulas pr\u00e1ticas e de material did\u00e1tico, com a dificuldade dos professores em dominar o conte\u00fado e o desinteresse dos alunos. Em todos os n\u00edveis de ensino,esse processo de ensino-aprendizagem da Bot\u00e2nica tem sido motivo de preocupa\u00e7\u00e3o. O desenvolvimento de novas pr\u00e1ticas, m\u00e9todos educacionais e meios que possibilitem aos alunos um conhecimento mais did\u00e1tico \u00e9 capaz de ressignificar o ensino da Bot\u00e2nica.<\/p>\n<p style=\"text-align: center;\"><!-- \/wp:paragraph --><\/p>\n<p style=\"text-align: center;\"><!-- wp:paragraph {\"align\":\"left\"} --><\/p>\n<p class=\"has-text-align-left\" style=\"text-align: center;\"><strong>Objetivo<\/strong><\/p>\n<p style=\"text-align: center;\"><!-- \/wp:paragraph --><\/p>\n<p style=\"text-align: center;\"><!-- wp:paragraph {\"align\":\"center\"} --><\/p>\n<p class=\"has-text-align-center\" style=\"text-align: center;\">O programa visa desenvolver e aplicar estrat\u00e9gias, a\u00e7\u00f5es e projetos de ensino, pesquisa e extens\u00e3o, de curto a longo prazo e para os diferentes n\u00edveis de ensino, que possam contribuir com a reformula\u00e7\u00e3o de pr\u00e1ticas inovadoras e sanar as dificuldades no processo de ensino-aprendizagem da Bot\u00e2nica.<\/p>\n<p><!-- \/wp:paragraph --><\/p>\n<p><!-- wp:paragraph --><\/p>\n<p><strong>Estrat\u00e9gias de Curto Prazo:<\/strong><\/p>\n<p><!-- \/wp:paragraph --><\/p>\n<p><!-- wp:list --><\/p>\n<ul>\n<li>Projetos de produ\u00e7\u00e3o de material did\u00e1tico;<\/li>\n<li>A\u00e7\u00f5es de divulga\u00e7\u00e3o e populariza\u00e7\u00e3o da ci\u00eancia (organiza\u00e7\u00e3o e participa\u00e7\u00e3o em<\/li>\n<\/ul>\n<p><!-- \/wp:list --><\/p>\n<p><!-- wp:paragraph --><\/p>\n<p>eventos cient\u00edficos e de extens\u00e3o, exposi\u00e7\u00f5es, stands, palestras).<\/p>\n<p><!-- \/wp:paragraph --><\/p>\n<p><!-- wp:paragraph --><\/p>\n<p><strong>Estrat\u00e9gias de M\u00e9dio prazo:<\/strong><\/p>\n<p><!-- \/wp:paragraph --><\/p>\n<p><!-- wp:list --><\/p>\n<ul>\n<li>Integra\u00e7\u00e3o entre Universidade e Escolas (participa\u00e7\u00e3o no BIOTEMAS \u2013 Unimontes, Programas Resid\u00eancia Pedag\u00f3gica e PIBID);<\/li>\n<li>Integra\u00e7\u00e3o entre alunos da P\u00f3s-gradua\u00e7\u00e3o e Gradua\u00e7\u00e3o (Projeto\u00a0<em>Bot\u00e2nica Para qu\u00ea e Porqu\u00ea,\u00a0<\/em>Disciplinas do PPGBot, Est\u00e1gio Doc\u00eancia, Programas Resid\u00eancia Pedag\u00f3gica e PIBID);<\/li>\n<li>Publica\u00e7\u00f5es cient\u00edficas.<\/li>\n<\/ul>\n<p><!-- \/wp:list --><\/p>\n<p><!-- wp:paragraph --><\/p>\n<p><strong>Estrat\u00e9gias de Longo Prazo:<\/strong><\/p>\n<p><!-- \/wp:paragraph --><\/p>\n<p><!-- wp:list --><\/p>\n<ul>\n<li>Forma\u00e7\u00e3o e Capacita\u00e7\u00e3o continuada de professores e pesquisadores, que elaborem e desenvolvam projetos de Inser\u00e7\u00e3o da Bot\u00e2nica aliados ao processo de valoriza\u00e7\u00e3o da biodiversidade local e regional;<\/li>\n<li>Produ\u00e7\u00e3o de conhecimento.<\/li>\n<\/ul>\n<p><!-- \/wp:list --><\/p>\n<\/div><\/div><\/div><\/div><\/div><\/section>","protected":false},"excerpt":{"rendered":"","protected":false},"author":13,"featured_media":0,"parent":0,"menu_order":0,"comment_status":"closed","ping_status":"closed","template":"","meta":[],"yoast_head":"<!-- This site is optimized with the Yoast SEO plugin v14.7 - https:\/\/yoast.com\/wordpress\/plugins\/seo\/ -->\n<title>Programa Inser\u00e7\u00e3o da Bot\u00e2nica - PPGBOT - P\u00f3s Gradua\u00e7\u00e3o em Bot\u00e2nica Aplicada<\/title>\n<meta name=\"robots\" content=\"index, follow\" \/>\n<meta name=\"googlebot\" content=\"index, follow, max-snippet:-1, max-image-preview:large, max-video-preview:-1\" \/>\n<meta name=\"bingbot\" content=\"index, follow, max-snippet:-1, max-image-preview:large, max-video-preview:-1\" \/>\n<link rel=\"canonical\" href=\"https:\/\/www.posgraduacao.unimontes.br\/ppgbot\/programa-insercao-da-botanica\/\" \/>\n<meta property=\"og:locale\" content=\"pt_BR\" \/>\n<meta property=\"og:type\" content=\"article\" \/>\n<meta property=\"og:title\" content=\"Programa Inser\u00e7\u00e3o da Bot\u00e2nica - PPGBOT - P\u00f3s Gradua\u00e7\u00e3o em Bot\u00e2nica Aplicada\" \/>\n<meta property=\"og:description\" content=\"Programa Inser\u00e7\u00e3o da Bot\u00e2nica na Educa\u00e7\u00e3o A Bot\u00e2nica \u00e9 uma das \u00e1reas que apresentam maior dificuldade de assimila\u00e7\u00e3o de conte\u00fados no processo de ensino-aprendizagem. Considerado como muito te\u00f3rico, convencional e pragm\u00e1tico,o ensino da Bot\u00e2nica \u00e9 agravado com a aus\u00eancia de aulas pr\u00e1ticas e de material did\u00e1tico, com a dificuldade dos professores em dominar o conte\u00fado [&hellip;]\" \/>\n<meta property=\"og:url\" content=\"https:\/\/www.posgraduacao.unimontes.br\/ppgbot\/programa-insercao-da-botanica\/\" \/>\n<meta property=\"og:site_name\" content=\"PPGBOT - P\u00f3s Gradua\u00e7\u00e3o em Bot\u00e2nica Aplicada\" \/>\n<meta property=\"article:modified_time\" content=\"2020-07-22T14:25:00+00:00\" \/>\n<meta property=\"og:image\" content=\"http:\/\/www.posgraduacao.unimontes.br\/uploads\/sites\/17\/2020\/07\/Logo-Inser\u00e7\u00e3o-da-Botanica-e1595427777849.jpg\" \/>\n<meta name=\"twitter:card\" content=\"summary_large_image\" \/>\n<script type=\"application\/ld+json\" class=\"yoast-schema-graph\">{\"@context\":\"https:\/\/schema.org\",\"@graph\":[{\"@type\":\"WebSite\",\"@id\":\"https:\/\/www.posgraduacao.unimontes.br\/ppgbot\/#website\",\"url\":\"https:\/\/www.posgraduacao.unimontes.br\/ppgbot\/\",\"name\":\"PPGBOT - P\\u00f3s Gradua\\u00e7\\u00e3o em Bot\\u00e2nica Aplicada\",\"description\":\"\",\"potentialAction\":[{\"@type\":\"SearchAction\",\"target\":\"https:\/\/www.posgraduacao.unimontes.br\/ppgbot\/?s={search_term_string}\",\"query-input\":\"required name=search_term_string\"}],\"inLanguage\":\"pt-BR\"},{\"@type\":\"ImageObject\",\"@id\":\"https:\/\/www.posgraduacao.unimontes.br\/ppgbot\/programa-insercao-da-botanica\/#primaryimage\",\"inLanguage\":\"pt-BR\",\"url\":\"http:\/\/www.posgraduacao.unimontes.br\/uploads\/sites\/17\/2020\/07\/Logo-Inser\\u00e7\\u00e3o-da-Botanica-e1595427777849.jpg\"},{\"@type\":\"WebPage\",\"@id\":\"https:\/\/www.posgraduacao.unimontes.br\/ppgbot\/programa-insercao-da-botanica\/#webpage\",\"url\":\"https:\/\/www.posgraduacao.unimontes.br\/ppgbot\/programa-insercao-da-botanica\/\",\"name\":\"Programa Inser\\u00e7\\u00e3o da Bot\\u00e2nica - PPGBOT - P\\u00f3s Gradua\\u00e7\\u00e3o em Bot\\u00e2nica Aplicada\",\"isPartOf\":{\"@id\":\"https:\/\/www.posgraduacao.unimontes.br\/ppgbot\/#website\"},\"primaryImageOfPage\":{\"@id\":\"https:\/\/www.posgraduacao.unimontes.br\/ppgbot\/programa-insercao-da-botanica\/#primaryimage\"},\"datePublished\":\"2020-07-22T00:01:14+00:00\",\"dateModified\":\"2020-07-22T14:25:00+00:00\",\"inLanguage\":\"pt-BR\",\"potentialAction\":[{\"@type\":\"ReadAction\",\"target\":[\"https:\/\/www.posgraduacao.unimontes.br\/ppgbot\/programa-insercao-da-botanica\/\"]}]}]}<\/script>\n<!-- \/ Yoast SEO plugin. -->","_links":{"self":[{"href":"https:\/\/www.posgraduacao.unimontes.br\/ppgbot\/wp-json\/wp\/v2\/pages\/1101"}],"collection":[{"href":"https:\/\/www.posgraduacao.unimontes.br\/ppgbot\/wp-json\/wp\/v2\/pages"}],"about":[{"href":"https:\/\/www.posgraduacao.unimontes.br\/ppgbot\/wp-json\/wp\/v2\/types\/page"}],"author":[{"embeddable":true,"href":"https:\/\/www.posgraduacao.unimontes.br\/ppgbot\/wp-json\/wp\/v2\/users\/13"}],"replies":[{"embeddable":true,"href":"https:\/\/www.posgraduacao.unimontes.br\/ppgbot\/wp-json\/wp\/v2\/comments?post=1101"}],"version-history":[{"count":7,"href":"https:\/\/www.posgraduacao.unimontes.br\/ppgbot\/wp-json\/wp\/v2\/pages\/1101\/revisions"}],"predecessor-version":[{"id":1113,"href":"https:\/\/www.posgraduacao.unimontes.br\/ppgbot\/wp-json\/wp\/v2\/pages\/1101\/revisions\/1113"}],"wp:attachment":[{"href":"https:\/\/www.posgraduacao.unimontes.br\/ppgbot\/wp-json\/wp\/v2\/media?parent=1101"}],"curies":[{"name":"wp","href":"https:\/\/api.w.org\/{rel}","templated":true}]}}