{"id":1066,"date":"2020-07-21T17:38:10","date_gmt":"2020-07-21T20:38:10","guid":{"rendered":"https:\/\/www.posgraduacao.unimontes.br\/ppgbot\/?page_id=1066"},"modified":"2020-07-22T11:26:57","modified_gmt":"2020-07-22T14:26:57","slug":"insercao-da-botanica","status":"publish","type":"page","link":"https:\/\/www.posgraduacao.unimontes.br\/ppgbot\/insercao-da-botanica\/","title":{"rendered":"Inser\u00e7\u00e3o da Bot\u00e2nica"},"content":{"rendered":"<section class=\"kc-elm kc-css-886971 kc_row\"><div class=\"kc-row-container  kc-container\"><div class=\"kc-wrap-columns\"><div class=\"kc-elm kc-css-244832 kc_col-sm-12 kc_column kc_col-sm-12\"><div class=\"kc-col-container\"><div class=\"kc-elm kc-css-633780 kc_shortcode kc_single_image\">\n\n        <img src=\"https:\/\/www.posgraduacao.unimontes.br\/uploads\/sites\/17\/2020\/07\/Logo-Inser\u00e7\u00e3o-da-Botanica-e1595427777849.jpg\" class=\"\" alt=\"\" \/>    <\/div>\n<\/div><\/div><\/div><\/div><\/section>\n","protected":false},"excerpt":{"rendered":"","protected":false},"author":13,"featured_media":0,"parent":0,"menu_order":0,"comment_status":"closed","ping_status":"closed","template":"","meta":[],"yoast_head":"<!-- This site is optimized with the Yoast SEO plugin v14.7 - https:\/\/yoast.com\/wordpress\/plugins\/seo\/ -->\n<title>Inser\u00e7\u00e3o da Bot\u00e2nica - PPGBOT - P\u00f3s Gradua\u00e7\u00e3o em Bot\u00e2nica Aplicada<\/title>\n<meta name=\"robots\" content=\"index, follow\" \/>\n<meta name=\"googlebot\" content=\"index, follow, max-snippet:-1, max-image-preview:large, max-video-preview:-1\" \/>\n<meta name=\"bingbot\" content=\"index, follow, max-snippet:-1, max-image-preview:large, max-video-preview:-1\" \/>\n<link rel=\"canonical\" href=\"https:\/\/www.posgraduacao.unimontes.br\/ppgbot\/insercao-da-botanica\/\" \/>\n<meta property=\"og:locale\" content=\"pt_BR\" \/>\n<meta property=\"og:type\" content=\"article\" \/>\n<meta property=\"og:title\" content=\"Inser\u00e7\u00e3o da Bot\u00e2nica - PPGBOT - P\u00f3s Gradua\u00e7\u00e3o em Bot\u00e2nica Aplicada\" \/>\n<meta property=\"og:url\" content=\"https:\/\/www.posgraduacao.unimontes.br\/ppgbot\/insercao-da-botanica\/\" \/>\n<meta property=\"og:site_name\" content=\"PPGBOT - P\u00f3s Gradua\u00e7\u00e3o em Bot\u00e2nica Aplicada\" \/>\n<meta property=\"article:modified_time\" content=\"2020-07-22T14:26:57+00:00\" \/>\n<meta property=\"og:image\" content=\"http:\/\/www.posgraduacao.unimontes.br\/uploads\/sites\/17\/2020\/07\/Logo-Inser\u00e7\u00e3o-da-Botanica-e1595427777849.jpg\" \/>\n<meta name=\"twitter:card\" content=\"summary_large_image\" \/>\n<script type=\"application\/ld+json\" class=\"yoast-schema-graph\">{\"@context\":\"https:\/\/schema.org\",\"@graph\":[{\"@type\":\"WebSite\",\"@id\":\"https:\/\/www.posgraduacao.unimontes.br\/ppgbot\/#website\",\"url\":\"https:\/\/www.posgraduacao.unimontes.br\/ppgbot\/\",\"name\":\"PPGBOT - P\\u00f3s Gradua\\u00e7\\u00e3o em Bot\\u00e2nica Aplicada\",\"description\":\"\",\"potentialAction\":[{\"@type\":\"SearchAction\",\"target\":\"https:\/\/www.posgraduacao.unimontes.br\/ppgbot\/?s={search_term_string}\",\"query-input\":\"required name=search_term_string\"}],\"inLanguage\":\"pt-BR\"},{\"@type\":\"ImageObject\",\"@id\":\"https:\/\/www.posgraduacao.unimontes.br\/ppgbot\/insercao-da-botanica\/#primaryimage\",\"inLanguage\":\"pt-BR\",\"url\":\"http:\/\/www.posgraduacao.unimontes.br\/uploads\/sites\/17\/2020\/07\/Logo-Inser\\u00e7\\u00e3o-da-Botanica-e1595427777849.jpg\"},{\"@type\":\"WebPage\",\"@id\":\"https:\/\/www.posgraduacao.unimontes.br\/ppgbot\/insercao-da-botanica\/#webpage\",\"url\":\"https:\/\/www.posgraduacao.unimontes.br\/ppgbot\/insercao-da-botanica\/\",\"name\":\"Inser\\u00e7\\u00e3o da Bot\\u00e2nica - PPGBOT - P\\u00f3s Gradua\\u00e7\\u00e3o em Bot\\u00e2nica Aplicada\",\"isPartOf\":{\"@id\":\"https:\/\/www.posgraduacao.unimontes.br\/ppgbot\/#website\"},\"primaryImageOfPage\":{\"@id\":\"https:\/\/www.posgraduacao.unimontes.br\/ppgbot\/insercao-da-botanica\/#primaryimage\"},\"datePublished\":\"2020-07-21T20:38:10+00:00\",\"dateModified\":\"2020-07-22T14:26:57+00:00\",\"inLanguage\":\"pt-BR\",\"potentialAction\":[{\"@type\":\"ReadAction\",\"target\":[\"https:\/\/www.posgraduacao.unimontes.br\/ppgbot\/insercao-da-botanica\/\"]}]}]}<\/script>\n<!-- \/ Yoast SEO plugin. -->","_links":{"self":[{"href":"https:\/\/www.posgraduacao.unimontes.br\/ppgbot\/wp-json\/wp\/v2\/pages\/1066"}],"collection":[{"href":"https:\/\/www.posgraduacao.unimontes.br\/ppgbot\/wp-json\/wp\/v2\/pages"}],"about":[{"href":"https:\/\/www.posgraduacao.unimontes.br\/ppgbot\/wp-json\/wp\/v2\/types\/page"}],"author":[{"embeddable":true,"href":"https:\/\/www.posgraduacao.unimontes.br\/ppgbot\/wp-json\/wp\/v2\/users\/13"}],"replies":[{"embeddable":true,"href":"https:\/\/www.posgraduacao.unimontes.br\/ppgbot\/wp-json\/wp\/v2\/comments?post=1066"}],"version-history":[{"count":12,"href":"https:\/\/www.posgraduacao.unimontes.br\/ppgbot\/wp-json\/wp\/v2\/pages\/1066\/revisions"}],"predecessor-version":[{"id":1117,"href":"https:\/\/www.posgraduacao.unimontes.br\/ppgbot\/wp-json\/wp\/v2\/pages\/1066\/revisions\/1117"}],"wp:attachment":[{"href":"https:\/\/www.posgraduacao.unimontes.br\/ppgbot\/wp-json\/wp\/v2\/media?parent=1066"}],"curies":[{"name":"wp","href":"https:\/\/api.w.org\/{rel}","templated":true}]}}